{"id":92,"date":"2021-02-01T14:59:56","date_gmt":"2021-02-01T12:59:56","guid":{"rendered":"http:\/\/rasarta.lt\/?post_type=product&#038;p=92"},"modified":"2026-01-13T13:24:20","modified_gmt":"2026-01-13T11:24:20","slug":"true-iconic-coat-revitalizing-purskalas","status":"publish","type":"product","link":"https:\/\/rasarta.lt\/?product=true-iconic-coat-revitalizing-purskalas","title":{"rendered":"True Iconic Coat Revitalizing pur\u0161kalas"},"content":{"rendered":"<p>Atstatantis spr\u0117jus, specialiai sukurtas kailio ir odos dr\u0117kinimui, mitybai ir itin lengvam veltini\u0173 i\u0161\u0161ukavimui. Vandenin\u0117je spr\u0117jaus formul\u0117s sud\u0117tyje yra nat\u016bralus Jajobos ekstraktas, proteinai ir vitaminai. Labai paprasto naudojimo spr\u0117jus turi lengv\u0105 citrusin\u012f aromat\u0105. Neleid\u017eia formuotis veltiniams ir lengvai juos pa\u0161alina i\u0161 \u0161lapio ar sauso kailio. Spr\u0117jus sukuria plauko keratininio sluoksnio apsaug\u0105. \u017daibi\u0161kai atgyvina i\u0161saus\u0117jus\u012f kail\u012f.<\/p>\n<p>P a k u o t \u0117 :<br \/>\n300 ml<\/p>\n","protected":false},"excerpt":{"rendered":"<p>Atstatantis spr\u0117jus, specialiai sukurtas kailio ir odos dr\u0117kinimui, mitybai ir itin lengvam veltini\u0173 i\u0161\u0161ukavimui. Vandenin\u0117je spr\u0117jaus formul\u0117s sud\u0117tyje yra nat\u016bralus Jajobos ekstraktas, proteinai ir vitaminai. Labai paprasto naudojimo spr\u0117jus turi lengv\u0105 citrusin\u012f aromat\u0105. Neleid\u017eia formuotis veltiniams ir lengvai juos pa\u0161alina i\u0161 \u0161lapio ar sauso kailio. Spr\u0117jus sukuria plauko keratininio sluoksnio apsaug\u0105. \u017daibi\u0161kai atgyvina i\u0161saus\u0117jus\u012f kail\u012f. [&hellip;]<\/p>\n","protected":false},"featured_media":1566,"template":"","meta":[],"product_brand":[84],"product_cat":[21],"product_tag":[143,144,103,86,142],"class_list":{"0":"post-92","1":"product","2":"type-product","3":"status-publish","4":"has-post-thumbnail","6":"product_brand-true-iconic","7":"product_cat-kita","8":"product_tag-coat-revitalizing-purskalas","9":"product_tag-coat-revitalizing-spray","10":"product_tag-purskalas","11":"product_tag-true-iconic","12":"product_tag-true-iconic-coat-revitalizing-purskalas","14":"first","15":"instock","16":"taxable","17":"shipping-taxable","18":"purchasable","19":"product-type-variable","20":"has-default-attributes"},"jetpack_sharing_enabled":true,"_links":{"self":[{"href":"https:\/\/rasarta.lt\/index.php?rest_route=\/wp\/v2\/product\/92","targetHints":{"allow":["GET"]}}],"collection":[{"href":"https:\/\/rasarta.lt\/index.php?rest_route=\/wp\/v2\/product"}],"about":[{"href":"https:\/\/rasarta.lt\/index.php?rest_route=\/wp\/v2\/types\/product"}],"wp:featuredmedia":[{"embeddable":true,"href":"https:\/\/rasarta.lt\/index.php?rest_route=\/wp\/v2\/media\/1566"}],"wp:attachment":[{"href":"https:\/\/rasarta.lt\/index.php?rest_route=%2Fwp%2Fv2%2Fmedia&parent=92"}],"wp:term":[{"taxonomy":"product_brand","embeddable":true,"href":"https:\/\/rasarta.lt\/index.php?rest_route=%2Fwp%2Fv2%2Fproduct_brand&post=92"},{"taxonomy":"product_cat","embeddable":true,"href":"https:\/\/rasarta.lt\/index.php?rest_route=%2Fwp%2Fv2%2Fproduct_cat&post=92"},{"taxonomy":"product_tag","embeddable":true,"href":"https:\/\/rasarta.lt\/index.php?rest_route=%2Fwp%2Fv2%2Fproduct_tag&post=92"}],"curies":[{"name":"wp","href":"https:\/\/api.w.org\/{rel}","templated":true}]}}