{"id":78,"date":"2021-02-01T12:57:21","date_gmt":"2021-02-01T12:57:21","guid":{"rendered":"http:\/\/rasarta.lt\/?post_type=product&#038;p=78"},"modified":"2026-02-10T16:25:22","modified_gmt":"2026-02-10T14:25:22","slug":"true-iconic-7-texture-v-bath-sampunas","status":"publish","type":"product","link":"https:\/\/rasarta.lt\/?product=true-iconic-7-texture-v-bath-sampunas","title":{"rendered":"True Iconic 7 Texture-V Bath \u0161amp\u016bnas"},"content":{"rendered":"<p>Unikalus \u0161amp\u016bnas, i\u0161laikantis originali\u0105 teising\u0105 kailio tekst\u016br\u0105 nuo \u0161akn\u0173 iki pat galiuk\u0173, pridedant kailiui apimties. Vit.E veikia kaip antioksidantas ir skatina nauj\u0173 l\u0105steli\u0173 susidarym\u0105 ir stimuliuoja sveiko kailio augim\u0105.<br \/>\nRekomenduojamas \u0161iaurieti\u0161koms veisl\u0117ms, turin\u010dioms tank\u0173 ir garbanot\u0105 kail\u012f veisl\u0117ms: Sibiro haskis, Aliaskos malamutas, Garbanotas bi\u0161onas, Pudelis, \u010ciau-\u010diau, Korgis, Akita , \u0160iba- inu ir kt.<\/p>\n<p>N a u d o j i m a s:<br \/>\nSiekiant gauti maksimal\u0173 \u0161io \u0161amp\u016bno rezultat\u0105, rekomenduojame gerai \u012ftrinti \u012f kail\u012f ir palikti kelioms minut\u0117ms tam, kad tekst\u016bruojantys elementai tur\u0117t\u0173 pakankamai laiko u\u017epildyti plauk\u0173 poras.<br \/>\nIdealus \u0161amp\u016bnas prie\u0161 parod\u0105. Naudojamas be kondicionieriaus. Skiesti 1:8<\/p>\n<p>P a k u o t \u0117 s:<br \/>\n4.5 l, 400 ml<\/p>\n","protected":false},"excerpt":{"rendered":"<p>Unikalus \u0161amp\u016bnas, i\u0161laikantis originali\u0105 teising\u0105 kailio tekst\u016br\u0105 nuo \u0161akn\u0173 iki pat galiuk\u0173, pridedant kailiui apimties. Vit.E veikia kaip antioksidantas ir skatina nauj\u0173 l\u0105steli\u0173 susidarym\u0105 ir stimuliuoja sveiko kailio augim\u0105. Rekomenduojamas \u0161iaurieti\u0161koms veisl\u0117ms, turin\u010dioms tank\u0173 ir garbanot\u0105 kail\u012f veisl\u0117ms: Sibiro haskis, Aliaskos malamutas, Garbanotas bi\u0161onas, Pudelis, \u010ciau-\u010diau, Korgis, Akita , \u0160iba- inu ir kt. N a [&hellip;]<\/p>\n","protected":false},"featured_media":648,"template":"","meta":[],"product_brand":[84],"product_cat":[16],"product_tag":[150,109,86,149],"class_list":{"0":"post-78","1":"product","2":"type-product","3":"status-publish","4":"has-post-thumbnail","6":"product_brand-true-iconic","7":"product_cat-sampunai","8":"product_tag-7-texture-v-bath","9":"product_tag-sampunas","10":"product_tag-true-iconic","11":"product_tag-true-iconic-7-texture-v-bath-sampunas","13":"first","14":"outofstock","15":"taxable","16":"shipping-taxable","17":"purchasable","18":"product-type-variable","19":"has-default-attributes"},"jetpack_sharing_enabled":true,"_links":{"self":[{"href":"https:\/\/rasarta.lt\/index.php?rest_route=\/wp\/v2\/product\/78","targetHints":{"allow":["GET"]}}],"collection":[{"href":"https:\/\/rasarta.lt\/index.php?rest_route=\/wp\/v2\/product"}],"about":[{"href":"https:\/\/rasarta.lt\/index.php?rest_route=\/wp\/v2\/types\/product"}],"wp:featuredmedia":[{"embeddable":true,"href":"https:\/\/rasarta.lt\/index.php?rest_route=\/wp\/v2\/media\/648"}],"wp:attachment":[{"href":"https:\/\/rasarta.lt\/index.php?rest_route=%2Fwp%2Fv2%2Fmedia&parent=78"}],"wp:term":[{"taxonomy":"product_brand","embeddable":true,"href":"https:\/\/rasarta.lt\/index.php?rest_route=%2Fwp%2Fv2%2Fproduct_brand&post=78"},{"taxonomy":"product_cat","embeddable":true,"href":"https:\/\/rasarta.lt\/index.php?rest_route=%2Fwp%2Fv2%2Fproduct_cat&post=78"},{"taxonomy":"product_tag","embeddable":true,"href":"https:\/\/rasarta.lt\/index.php?rest_route=%2Fwp%2Fv2%2Fproduct_tag&post=78"}],"curies":[{"name":"wp","href":"https:\/\/api.w.org\/{rel}","templated":true}]}}