{"id":61,"date":"2021-02-01T12:39:08","date_gmt":"2021-02-01T12:39:08","guid":{"rendered":"http:\/\/rasarta.lt\/?post_type=product&#038;p=61"},"modified":"2026-03-14T11:44:05","modified_gmt":"2026-03-14T09:44:05","slug":"true-iconic-collagen-plus-bath-sampunas","status":"publish","type":"product","link":"https:\/\/rasarta.lt\/?product=true-iconic-collagen-plus-bath-sampunas","title":{"rendered":"True Iconic 5 Collagen Plus Bath \u0161amp\u016bnas"},"content":{"rendered":"<p>\u0160amp\u016bne gausu vitamin\u0173 ir baltym\u0173, kurie valo, atkuria ir kondicionuoja tiek kaili, tiek ir od\u0105, atgaivina ir sustiprina net visai nualintus plaukus.<br \/>\nVit.E veikia kaip antioksidantas, stimuliuoja nauj\u0173 l\u0105steli\u0173 susidarym\u0105 ir skatina sveiko kailio augim\u0105. Reguleriai naudojant kolageno linij\u0105 i\u0161vengsite sauso , l\u016b\u017ein\u0117jan\u010dio kailio ir paskatinsite plauk\u0173 augim\u0105. Kailis taps \u0161ilkinis, tankus ir blizgus.<\/p>\n<p>True Iconic Collagen Plius Bath \u0161amp\u016bnas pary\u0161kina nat\u016bralias kailio spalvas. Saugus jautriai odai, maitinan\u010dioms kal\u0117ms ir \u0161uniukams. Rekomenduojamas labai ilg\u0105 kail\u012f turin\u010dioms ir trumpaplauk\u0117ms veisl\u0117ms.<\/p>\n<p>N a u d o j i m a s :<br \/>\n\u0160amp\u016bnas skied\u017eiamas 1:7. Jautri\u0105 od\u0105 turintiems gyv\u016bnams, maitinan\u010dioms kal\u0117ms ir jauniems \u0161uniukams skied\u017eiamas 1:10. Gerai \u012ftrinkite \u012f kail\u012f ir palikite kelioms minut\u0117ms. Tada gerai i\u0161skalaukit ir naudokit Collagen Plius Bath kondicionieri\u0173 pagal nurodyt\u0105 \u0161uns kailio tip\u0105 ir poreikius.<\/p>\n<p>P a k u o t \u0117 s:<br \/>\n4.5 l, 1l, 400 ml, 250 ml<\/p>\n","protected":false},"excerpt":{"rendered":"<p>\u0160amp\u016bne gausu vitamin\u0173 ir baltym\u0173, kurie valo, atkuria ir kondicionuoja tiek kaili, tiek ir od\u0105, atgaivina ir sustiprina net visai nualintus plaukus. Vit.E veikia kaip antioksidantas, stimuliuoja nauj\u0173 l\u0105steli\u0173 susidarym\u0105 ir skatina sveiko kailio augim\u0105. Reguleriai naudojant kolageno linij\u0105 i\u0161vengsite sauso , l\u016b\u017ein\u0117jan\u010dio kailio ir paskatinsite plauk\u0173 augim\u0105. Kailis taps \u0161ilkinis, tankus ir blizgus. True [&hellip;]<\/p>\n","protected":false},"featured_media":601,"template":"","meta":[],"product_brand":[84],"product_cat":[16],"product_tag":[156,155,109,86,154],"class_list":{"0":"post-61","1":"product","2":"type-product","3":"status-publish","4":"has-post-thumbnail","6":"product_brand-true-iconic","7":"product_cat-sampunai","8":"product_tag-5-collagen-plus-bath","9":"product_tag-5-collagen-plus-bath-sampunas","10":"product_tag-sampunas","11":"product_tag-true-iconic","12":"product_tag-true-iconic-5-collagen-plus-bath-sampunas","14":"first","15":"outofstock","16":"taxable","17":"shipping-taxable","18":"purchasable","19":"product-type-variable","20":"has-default-attributes"},"jetpack_sharing_enabled":true,"_links":{"self":[{"href":"https:\/\/rasarta.lt\/index.php?rest_route=\/wp\/v2\/product\/61","targetHints":{"allow":["GET"]}}],"collection":[{"href":"https:\/\/rasarta.lt\/index.php?rest_route=\/wp\/v2\/product"}],"about":[{"href":"https:\/\/rasarta.lt\/index.php?rest_route=\/wp\/v2\/types\/product"}],"wp:featuredmedia":[{"embeddable":true,"href":"https:\/\/rasarta.lt\/index.php?rest_route=\/wp\/v2\/media\/601"}],"wp:attachment":[{"href":"https:\/\/rasarta.lt\/index.php?rest_route=%2Fwp%2Fv2%2Fmedia&parent=61"}],"wp:term":[{"taxonomy":"product_brand","embeddable":true,"href":"https:\/\/rasarta.lt\/index.php?rest_route=%2Fwp%2Fv2%2Fproduct_brand&post=61"},{"taxonomy":"product_cat","embeddable":true,"href":"https:\/\/rasarta.lt\/index.php?rest_route=%2Fwp%2Fv2%2Fproduct_cat&post=61"},{"taxonomy":"product_tag","embeddable":true,"href":"https:\/\/rasarta.lt\/index.php?rest_route=%2Fwp%2Fv2%2Fproduct_tag&post=61"}],"curies":[{"name":"wp","href":"https:\/\/api.w.org\/{rel}","templated":true}]}}