{"id":390,"date":"2021-02-02T16:01:19","date_gmt":"2021-02-02T14:01:19","guid":{"rendered":"http:\/\/rasarta.lt\/?post_type=product&#038;p=390"},"modified":"2026-01-13T12:08:59","modified_gmt":"2026-01-13T10:08:59","slug":"pure-paws-silk-basics-leave-in-kondicionierius","status":"publish","type":"product","link":"https:\/\/rasarta.lt\/?product=pure-paws-silk-basics-leave-in-kondicionierius","title":{"rendered":"Pure Paws Silk Basics Leave-In kondicionierius"},"content":{"rendered":"<ul>\n<li>nenuplaunamas kondicionierius su \u0161ilko proteinais. Ypa\u010d tinkamas krentant\u012f kail\u012f turin\u010dioms \u0161un\u0173 veisl\u0117ms (pvz. Jork\u0161yro terjerams, Maltos bi\u0161onams, Lasos apsams, \u0160i-cu, spanieliams, Afgan\u0173 kurtams, papiljonams ir kt.);<\/li>\n<li>\u012fsiskverbia \u012f pa\u010dius giliausius plauk\u0173 sluoksnius, maitina, dr\u0117kina kail\u012f. R\u016bpinasi negyvybingais plaukais ir oda. Ypa\u010d stimuliuoja nauj\u0173 sveik\u0173 plauk\u0173 augim\u0105;<\/li>\n<li>lengvas, nereikalaujantis nuplovimo kondicionierius naudojamas intensyviai kailio ir odos mitybai;<\/li>\n<li>kondicionuojantis spr\u0117jus garantuoja puiki\u0105 plauk\u0173 mityb\u0105, \u0161velni\u0105 prie\u017ei\u016br\u0105 ir lengv\u0105 i\u0161\u0161ukavim\u0105 ir i\u0161tiesinim\u0105, apsaugo nuo v\u0117limosi ir suteikia blizgesio. Idealiai tinka saus\u0173 ir \u0161lapi\u0173 plauk\u0173 \u0161ukavimui;<\/li>\n<li>yra kaip Silk Basics Conditioner Spray analogas puraus lengvai pasiskirstan\u010dio kremo pavidalu;<\/li>\n<li>nepakei\u010diamas parodiniams \u0161unims, kuri\u0173 kailis reikalauja ypatingos prie\u017ei\u016bros ir intensyvaus augimo;<\/li>\n<li>sud\u0117tyje esantis keratinas \u2013 tai stiprus ir sveikas kailis. \u0160ilko amino r\u016bg\u0161tys &#8211; tai blizgesys, pa\u017eeist\u0173 plauk\u0173 stiprinimas. Pantenolis ir vit. B12 \u2013 ma\u017eina v\u0117lim\u0105si ir atstato kailio apimt\u012f. Aloe Vera ekstraktas \u2013 gydo pa\u017eeist\u0105 od\u0105, suteikia plaukams blizgesio;<\/li>\n<\/ul>\n<p><u>Naudojimas:<\/u><\/p>\n<p>1) Naudojamas po maudymo ant pusiau \u0161lapi\u0173 plauk\u0173 prie\u0161 baigiant d\u017eiovinim\u0105. U\u017esitepti nedidel\u012f kiek\u012f kremo ant deln\u0173 ir lygiai i\u0161trinti juo plaukus, \u012fmasa\u017euojant \u012f od\u0105. Nenuplauti, Palaukite kelias minutes, leiskite plaukams pails\u0117ti prie\u0161 baigiant d\u017eiovinim\u0105. Toliau su\u0161ukuokite ar suri\u0161kite plaukus \u012f papilotuos kaip \u012fprastai. Vietoj aliejaus galite naudoti\u00a0<i>Silk Basics Serum<\/i>. Kondicionieri\u0173 galima naudoti ant \u0161lapi\u0173 ir ant saus\u0173 plauk\u0173. Rezultato pagerinimui rekomenduojama naudoti kartu su kitais\u00a0<i>Silk Basics<\/i>\u00a0linijos produktais.<\/p>\n<p>2) Beplauk\u0117ms ir trumpaplauk\u0117ms \u0161un\u0173 veisl\u0117ms po maudymo lengvai i\u0161masa\u017euoti nedidel\u012f kiek\u012f kondicionieriaus ant \u0161varios sausos arba \u0161lapios odos ir plauk\u0173. Nenuplauti. Kondicionierius trumpaplaukiams \u0161unims suma\u017eins plauk\u0173 \u0161\u0117rim\u0105si ir sustiprins juos.<\/p>\n","protected":false},"excerpt":{"rendered":"<p>nenuplaunamas kondicionierius su \u0161ilko proteinais. Ypa\u010d tinkamas krentant\u012f kail\u012f turin\u010dioms \u0161un\u0173 veisl\u0117ms (pvz. Jork\u0161yro terjerams, Maltos bi\u0161onams, Lasos apsams, \u0160i-cu, spanieliams, Afgan\u0173 kurtams, papiljonams ir kt.); \u012fsiskverbia \u012f pa\u010dius giliausius plauk\u0173 sluoksnius, maitina, dr\u0117kina kail\u012f. R\u016bpinasi negyvybingais plaukais ir oda. Ypa\u010d stimuliuoja nauj\u0173 sveik\u0173 plauk\u0173 augim\u0105; lengvas, nereikalaujantis nuplovimo kondicionierius naudojamas intensyviai kailio ir odos [&hellip;]<\/p>\n","protected":false},"featured_media":672,"template":"","meta":[],"product_brand":[],"product_cat":[30,51],"product_tag":[99,98,91,100,92,95],"class_list":{"0":"post-390","1":"product","2":"type-product","3":"status-publish","4":"has-post-thumbnail","6":"product_cat-pure-paws-kondicionieriai","7":"product_cat-silk-basics-linija","8":"product_tag-kondicionierius","9":"product_tag-leave-in-kondicionierius","10":"product_tag-pure-paws","11":"product_tag-pure-paws-silk-basics-leave-in-kondicionierius","12":"product_tag-purepaws","13":"product_tag-sillk-basics","15":"first","16":"instock","17":"taxable","18":"shipping-taxable","19":"purchasable","20":"product-type-variable","21":"has-default-attributes"},"jetpack_sharing_enabled":true,"_links":{"self":[{"href":"https:\/\/rasarta.lt\/index.php?rest_route=\/wp\/v2\/product\/390","targetHints":{"allow":["GET"]}}],"collection":[{"href":"https:\/\/rasarta.lt\/index.php?rest_route=\/wp\/v2\/product"}],"about":[{"href":"https:\/\/rasarta.lt\/index.php?rest_route=\/wp\/v2\/types\/product"}],"wp:featuredmedia":[{"embeddable":true,"href":"https:\/\/rasarta.lt\/index.php?rest_route=\/wp\/v2\/media\/672"}],"wp:attachment":[{"href":"https:\/\/rasarta.lt\/index.php?rest_route=%2Fwp%2Fv2%2Fmedia&parent=390"}],"wp:term":[{"taxonomy":"product_brand","embeddable":true,"href":"https:\/\/rasarta.lt\/index.php?rest_route=%2Fwp%2Fv2%2Fproduct_brand&post=390"},{"taxonomy":"product_cat","embeddable":true,"href":"https:\/\/rasarta.lt\/index.php?rest_route=%2Fwp%2Fv2%2Fproduct_cat&post=390"},{"taxonomy":"product_tag","embeddable":true,"href":"https:\/\/rasarta.lt\/index.php?rest_route=%2Fwp%2Fv2%2Fproduct_tag&post=390"}],"curies":[{"name":"wp","href":"https:\/\/api.w.org\/{rel}","templated":true}]}}