{"id":382,"date":"2021-02-02T15:47:58","date_gmt":"2021-02-02T13:47:58","guid":{"rendered":"http:\/\/rasarta.lt\/?post_type=product&#038;p=382"},"modified":"2026-01-13T12:17:30","modified_gmt":"2026-01-13T10:17:30","slug":"pure-paws-silk-basics-kondicionierius","status":"publish","type":"product","link":"https:\/\/rasarta.lt\/?product=pure-paws-silk-basics-kondicionierius","title":{"rendered":"Pure Paws Silk Basics kondicionierius"},"content":{"rendered":"<ul>\n<li>SPA kondicionierius su \u0161ilko proteinais, skirtas krentant\u012f kail\u012f turin\u010dioms \u0161un\u0173 veisl\u0117ms (pvz. Jork\u0161yro terjerams, Maltos bi\u0161onams, Lasos apsams, \u0160i-cu, spanieliams, Afgan\u0173 kurtams ir kt.);<\/li>\n<li>\u0161ilkinis SPA kurortas j\u016bs\u0173 augintinio kailiui. \u0160amp\u016bnas praturtintas \u0161ilko ir augaliniais ekstraktais, suteikian\u010diais kailiui blizgesio ir sveikumo. Kailis taps blizgus, elastingas, \u0161ilkinis ir labai sveikas;<\/li>\n<li>lengvas, mink\u0161tas ir labai \u0161velnus kondicionierius suteikia suteikia nepakartojam\u0105 \u0161ilkinio, blizgan\u010dio, elastingo ir visi\u0161kai tiesaus kailio vaizd\u0105;<\/li>\n<li>kondicionierius garantuoja puiki\u0105 plauk\u0173 mityb\u0105, \u0161velni\u0105 prie\u017ei\u016br\u0105 ir lengv\u0105 i\u0161\u0161ukavim\u0105, net ir labai susiv\u0117lusio plauko;<\/li>\n<li>\u0161ilko proteinai r\u016bpestingai i\u0161lygina kiekvieno plauko pavir\u0161i\u0173, neapsunkina, suteikia gyvybingumo. Kiekvien\u0105 dien\u0105 kailis tampa vis stipresnis;<\/li>\n<li>sud\u0117tyje esantis keratinas \u2013 tai stiprus ir sveikas kailis, ma\u017e\u0117ja l\u016b\u017ein\u0117jimas, did\u0117ja elastingumas. \u0160ilko amino r\u016bg\u0161tys &#8211; tai blizgesys ir pa\u017eeist\u0173 plauk\u0173 stiprinimas. Pantenolis ir vit. B12 \u2013 apsauga nuo v\u0117limosi ir apimties atstatymas. Aloe Vera ekstraktas \u2013 gydo pa\u017eeist\u0105 od\u0105, suteikia plaukams blizgesio<\/li>\n<\/ul>\n<p><u>Naudojimas:<\/u><\/p>\n<p>Naudojamas po maudymo \u0161amp\u016bnu. Gali b\u016bti naudojamas net ir kasdien, jei tam yra poreikis. Skiesti vandeniu 1: 10, 1:8. Palikti 3-5 min. ant kailio. Rezultato pagerinimui rekomenduojama perplauti du kartus ir naudoti kartu su kitais\u00a0<i>Silk Basics<\/i>\u00a0linijos produktais. Jeigu kailis labai smarkiai susiv\u0117l\u0119s \u2013 kartu \u012f praskiest\u0105 kondicionieri\u0173 galima \u012fla\u0161inti por\u0105 la\u0161\u0173\u00a0<i>Silk Basics Serum<\/i>.<\/p>\n","protected":false},"excerpt":{"rendered":"<p>SPA kondicionierius su \u0161ilko proteinais, skirtas krentant\u012f kail\u012f turin\u010dioms \u0161un\u0173 veisl\u0117ms (pvz. Jork\u0161yro terjerams, Maltos bi\u0161onams, Lasos apsams, \u0160i-cu, spanieliams, Afgan\u0173 kurtams ir kt.); \u0161ilkinis SPA kurortas j\u016bs\u0173 augintinio kailiui. \u0160amp\u016bnas praturtintas \u0161ilko ir augaliniais ekstraktais, suteikian\u010diais kailiui blizgesio ir sveikumo. Kailis taps blizgus, elastingas, \u0161ilkinis ir labai sveikas; lengvas, mink\u0161tas ir labai \u0161velnus kondicionierius [&hellip;]<\/p>\n","protected":false},"featured_media":632,"template":"","meta":[],"product_brand":[],"product_cat":[30,51],"product_tag":[99,91,105,92,106,95],"class_list":{"0":"post-382","1":"product","2":"type-product","3":"status-publish","4":"has-post-thumbnail","6":"product_cat-pure-paws-kondicionieriai","7":"product_cat-silk-basics-linija","8":"product_tag-kondicionierius","9":"product_tag-pure-paws","10":"product_tag-pure-paws-silk-basics-kondicionierius","11":"product_tag-purepaws","12":"product_tag-silk-basics-kondicionierius","13":"product_tag-sillk-basics","15":"first","16":"outofstock","17":"taxable","18":"shipping-taxable","19":"purchasable","20":"product-type-variable","21":"has-default-attributes"},"jetpack_sharing_enabled":true,"_links":{"self":[{"href":"https:\/\/rasarta.lt\/index.php?rest_route=\/wp\/v2\/product\/382","targetHints":{"allow":["GET"]}}],"collection":[{"href":"https:\/\/rasarta.lt\/index.php?rest_route=\/wp\/v2\/product"}],"about":[{"href":"https:\/\/rasarta.lt\/index.php?rest_route=\/wp\/v2\/types\/product"}],"wp:featuredmedia":[{"embeddable":true,"href":"https:\/\/rasarta.lt\/index.php?rest_route=\/wp\/v2\/media\/632"}],"wp:attachment":[{"href":"https:\/\/rasarta.lt\/index.php?rest_route=%2Fwp%2Fv2%2Fmedia&parent=382"}],"wp:term":[{"taxonomy":"product_brand","embeddable":true,"href":"https:\/\/rasarta.lt\/index.php?rest_route=%2Fwp%2Fv2%2Fproduct_brand&post=382"},{"taxonomy":"product_cat","embeddable":true,"href":"https:\/\/rasarta.lt\/index.php?rest_route=%2Fwp%2Fv2%2Fproduct_cat&post=382"},{"taxonomy":"product_tag","embeddable":true,"href":"https:\/\/rasarta.lt\/index.php?rest_route=%2Fwp%2Fv2%2Fproduct_tag&post=382"}],"curies":[{"name":"wp","href":"https:\/\/api.w.org\/{rel}","templated":true}]}}