{"id":378,"date":"2021-02-02T15:26:48","date_gmt":"2021-02-02T13:26:48","guid":{"rendered":"http:\/\/rasarta.lt\/?post_type=product&#038;p=378"},"modified":"2026-01-13T12:20:11","modified_gmt":"2026-01-13T10:20:11","slug":"pure-paws-forte-strengthening-purskalas","status":"publish","type":"product","link":"https:\/\/rasarta.lt\/?product=pure-paws-forte-strengthening-purskalas","title":{"rendered":"Pure Paws Forte Strengthening pur\u0161kalas"},"content":{"rendered":"<p><u>Sud\u0117tis:<\/u><\/p>\n<ul>\n<li>Keratinas- praturtina kail\u012f ir od\u0105 riebiosiomis r\u016bg\u0161timis. Oda atjauninama, stimuliuojamas sveiko ir gra\u017eaus kailio augimas. Suteikiamas malonus \u0161varaus kailio aromatas;<\/li>\n<li>Pantenolis (pro &#8211; Vitaminas B5) &#8211; dr\u0117kina od\u0105, atstato pa\u017eeistus audinius;<\/li>\n<li>Dygmin\u0173 s\u0117kl\u0173 aliejus \u2013 maitina plauk\u0173 \u0161aknis, giliai \u012fsiskverbia \u012f od\u0105. Suaktyvina odos kraujotak\u0105 ir med\u017eiag\u0173 apytak\u0105 ir skatina plauk\u0173 augim\u0105. Neleid\u017eia i\u0161saus\u0117ti odai;<\/li>\n<li>Kolagenas \u2013 suteikia ypating\u0105 plauk\u0173 blizges\u012f, neleid\u017eia plaukams i\u0161saus\u0117ti ir suteikia dvigubai daugiau elastingumo. \u017dymiai pagerina kailio tekst\u016br\u0105, sudarydamas apsaugin\u012f sluoksn\u012f ant plauk\u0173;<\/li>\n<\/ul>\n<p><u>Naudojimas:<\/u><\/p>\n<p>Rekomenduojamas vis\u0173 tip\u0173 plaukams kasdienei plauk\u0173 prie\u017ei\u016brai ir siekiant maksimali\u0173 rezultat\u0173 auginant kail\u012f.<\/p>\n<ul>\n<li>plaukus stiprinantis pur\u0161kalas;<\/li>\n<li>pastebimai pagerina odos ir kailio b\u016bkl\u0119. Intensyvina nauj\u0173 sveik\u0173 plauk\u0173 augim\u0105, saugo ir kondicionuoja plaukus;<\/li>\n<li>pagamintas Keratino ir Pantenolio pagrindu, kurie saugo ir gydo od\u0105 bei plaukus. Taip pat \u012f sud\u0117t\u012f \u012feina Kolagenas, didinantis plauk\u0173 elastingum\u0105, sulaikantis dr\u0117gm\u0119 plaukuose ir suteikiantis ypating\u0105 blizges\u012f. Dygmin\u0173 s\u0117kl\u0173 aliejus skatina plauk\u0173 augim\u0105;<\/li>\n<\/ul>\n","protected":false},"excerpt":{"rendered":"<p>Sud\u0117tis: Keratinas- praturtina kail\u012f ir od\u0105 riebiosiomis r\u016bg\u0161timis. Oda atjauninama, stimuliuojamas sveiko ir gra\u017eaus kailio augimas. Suteikiamas malonus \u0161varaus kailio aromatas; Pantenolis (pro &#8211; Vitaminas B5) &#8211; dr\u0117kina od\u0105, atstato pa\u017eeistus audinius; Dygmin\u0173 s\u0117kl\u0173 aliejus \u2013 maitina plauk\u0173 \u0161aknis, giliai \u012fsiskverbia \u012f od\u0105. Suaktyvina odos kraujotak\u0105 ir med\u017eiag\u0173 apytak\u0105 ir skatina plauk\u0173 augim\u0105. Neleid\u017eia i\u0161saus\u0117ti [&hellip;]<\/p>\n","protected":false},"featured_media":610,"template":"","meta":[],"product_brand":[97],"product_cat":[52,31],"product_tag":[110,111,91,112,92,103],"class_list":{"0":"post-378","1":"product","2":"type-product","3":"status-publish","4":"has-post-thumbnail","6":"product_brand-pure-paws","7":"product_cat-forte-linija","8":"product_cat-pure-paws-purskalai","9":"product_tag-forte-strengthening","10":"product_tag-forte-strengthening-purskalas","11":"product_tag-pure-paws","12":"product_tag-pure-paws-forte-strengthening-purskalas","13":"product_tag-purepaws","14":"product_tag-purskalas","16":"first","17":"outofstock","18":"taxable","19":"shipping-taxable","20":"purchasable","21":"product-type-variable","22":"has-default-attributes"},"jetpack_sharing_enabled":true,"_links":{"self":[{"href":"https:\/\/rasarta.lt\/index.php?rest_route=\/wp\/v2\/product\/378","targetHints":{"allow":["GET"]}}],"collection":[{"href":"https:\/\/rasarta.lt\/index.php?rest_route=\/wp\/v2\/product"}],"about":[{"href":"https:\/\/rasarta.lt\/index.php?rest_route=\/wp\/v2\/types\/product"}],"wp:featuredmedia":[{"embeddable":true,"href":"https:\/\/rasarta.lt\/index.php?rest_route=\/wp\/v2\/media\/610"}],"wp:attachment":[{"href":"https:\/\/rasarta.lt\/index.php?rest_route=%2Fwp%2Fv2%2Fmedia&parent=378"}],"wp:term":[{"taxonomy":"product_brand","embeddable":true,"href":"https:\/\/rasarta.lt\/index.php?rest_route=%2Fwp%2Fv2%2Fproduct_brand&post=378"},{"taxonomy":"product_cat","embeddable":true,"href":"https:\/\/rasarta.lt\/index.php?rest_route=%2Fwp%2Fv2%2Fproduct_cat&post=378"},{"taxonomy":"product_tag","embeddable":true,"href":"https:\/\/rasarta.lt\/index.php?rest_route=%2Fwp%2Fv2%2Fproduct_tag&post=378"}],"curies":[{"name":"wp","href":"https:\/\/api.w.org\/{rel}","templated":true}]}}