{"id":371,"date":"2021-02-02T15:20:00","date_gmt":"2021-02-02T15:20:00","guid":{"rendered":"http:\/\/rasarta.lt\/?post_type=product&#038;p=371"},"modified":"2026-01-13T13:00:00","modified_gmt":"2026-01-13T11:00:00","slug":"pure-paws-forte-strengthening-sampunas","status":"publish","type":"product","link":"https:\/\/rasarta.lt\/?product=pure-paws-forte-strengthening-sampunas","title":{"rendered":"Pure Paws Forte Strengthening \u0161amp\u016bnas"},"content":{"rendered":"<p><u>Unikali sud\u0117tis:<\/u><\/p>\n<ul>\n<li>Keratinas- praturtina kail\u012f ir od\u0105 riebiosiomis r\u016bg\u0161timis. Oda atjauninama, stimuliuojamas sveiko ir gra\u017eaus kailio augimas. Suteikiamas malonus \u0161varaus kailio aromatas;<\/li>\n<li>Pantenolis (pro &#8211; Vitaminas B5)- dr\u0117kina od\u0105, atstato pa\u017eeistus audinius;<\/li>\n<li>Alavijo ekstraktas &#8211; dr\u0117kina ir apsaugo plaukus nuo l\u016b\u017ein\u0117jimo. Maitina ir gydo od\u0105. Suteikia malon\u0173 aromat\u0105;<\/li>\n<li>Ramun\u0117li\u0173 ekstraktas \u2013 slopina per didel\u012f plauk\u0173 riebalavim\u0105si odos pavir\u0161iuje, j\u0105 dr\u0117kina, yra nat\u016bralus antioksidantas. Suteikia plaukams blizgesio;<\/li>\n<\/ul>\n<p><u>Naudojimas:<\/u><\/p>\n<p>Rekomenduojamas vis\u0173 tip\u0173 plaukams kasdienei plauk\u0173 prie\u017ei\u016brai ir siekiant maksimali\u0173 rezultat\u0173 atauginant kail\u012f. Rekomenduojama ruo\u0161imui parodoms paviln\u0119 ir \u0161iurk\u0161t\u0173 plauk\u0105 turin\u010dioms \u0161un\u0173 veisl\u0117ms, nes priduoda apimties. Skied\u017eiamas 1:8 ar 1:10.<\/p>\n<ul>\n<li>plaukus stiprinantis \u0161amp\u016bnas;<\/li>\n<li>pastebimai pagerina odos ir plauk\u0173 b\u016bkl\u0119, tuo pa\u010diu intensyvina nauj\u0173 sveik\u0173 plauk\u0173 augim\u0105;<\/li>\n<li>pagamintas Keratino ir Pantenolio pagrindu, kurie saugo ir gydo od\u0105 ir plaukus. Sud\u0117tyje esantys nat\u016bral\u016bs ramun\u0117li\u0173 ir alavijo ekstraktai teigiamai veikia od\u0105;<\/li>\n<\/ul>\n","protected":false},"excerpt":{"rendered":"<p>Unikali sud\u0117tis: Keratinas- praturtina kail\u012f ir od\u0105 riebiosiomis r\u016bg\u0161timis. Oda atjauninama, stimuliuojamas sveiko ir gra\u017eaus kailio augimas. Suteikiamas malonus \u0161varaus kailio aromatas; Pantenolis (pro &#8211; Vitaminas B5)- dr\u0117kina od\u0105, atstato pa\u017eeistus audinius; Alavijo ekstraktas &#8211; dr\u0117kina ir apsaugo plaukus nuo l\u016b\u017ein\u0117jimo. Maitina ir gydo od\u0105. Suteikia malon\u0173 aromat\u0105; Ramun\u0117li\u0173 ekstraktas \u2013 slopina per didel\u012f plauk\u0173 [&hellip;]<\/p>\n","protected":false},"featured_media":609,"template":"","meta":[],"product_brand":[97],"product_cat":[52,28],"product_tag":[110,115,91,116,92,109],"class_list":{"0":"post-371","1":"product","2":"type-product","3":"status-publish","4":"has-post-thumbnail","6":"product_brand-pure-paws","7":"product_cat-forte-linija","8":"product_cat-sampunai-p","9":"product_tag-forte-strengthening","10":"product_tag-forte-strengthening-sampunas","11":"product_tag-pure-paws","12":"product_tag-pure-paws-forte-strengthening-sampunas","13":"product_tag-purepaws","14":"product_tag-sampunas","16":"first","17":"outofstock","18":"taxable","19":"shipping-taxable","20":"purchasable","21":"product-type-variable","22":"has-default-attributes"},"jetpack_sharing_enabled":true,"_links":{"self":[{"href":"https:\/\/rasarta.lt\/index.php?rest_route=\/wp\/v2\/product\/371","targetHints":{"allow":["GET"]}}],"collection":[{"href":"https:\/\/rasarta.lt\/index.php?rest_route=\/wp\/v2\/product"}],"about":[{"href":"https:\/\/rasarta.lt\/index.php?rest_route=\/wp\/v2\/types\/product"}],"wp:featuredmedia":[{"embeddable":true,"href":"https:\/\/rasarta.lt\/index.php?rest_route=\/wp\/v2\/media\/609"}],"wp:attachment":[{"href":"https:\/\/rasarta.lt\/index.php?rest_route=%2Fwp%2Fv2%2Fmedia&parent=371"}],"wp:term":[{"taxonomy":"product_brand","embeddable":true,"href":"https:\/\/rasarta.lt\/index.php?rest_route=%2Fwp%2Fv2%2Fproduct_brand&post=371"},{"taxonomy":"product_cat","embeddable":true,"href":"https:\/\/rasarta.lt\/index.php?rest_route=%2Fwp%2Fv2%2Fproduct_cat&post=371"},{"taxonomy":"product_tag","embeddable":true,"href":"https:\/\/rasarta.lt\/index.php?rest_route=%2Fwp%2Fv2%2Fproduct_tag&post=371"}],"curies":[{"name":"wp","href":"https:\/\/api.w.org\/{rel}","templated":true}]}}