{"id":370,"date":"2021-02-02T15:15:54","date_gmt":"2021-02-02T15:15:54","guid":{"rendered":"http:\/\/rasarta.lt\/?post_type=product&#038;p=370"},"modified":"2026-01-13T13:01:56","modified_gmt":"2026-01-13T11:01:56","slug":"pure-paws-white-foam-putos","status":"publish","type":"product","link":"https:\/\/rasarta.lt\/?product=pure-paws-white-foam-putos","title":{"rendered":"Pure Paws White Foam putos"},"content":{"rendered":"<ul>\n<li>apim\u010diai ir kailio modeliavimui;<\/li>\n<li>unikalios dr\u0117kinan\u010dios naujos formul\u0117s putos priduoda apimties ir skirtos baltam \u0161viesiam kailiui;<\/li>\n<li>u\u017etikrina nepageidaujam\u0173 biologin\u0117s kilm\u0117s rausv\u0173 ar gelsv\u0173 atspalvi\u0173 pa\u0161alinimui ir kailio i\u0161balinimui, nepa\u017eeid\u017eiant ir ne\u017ealojant plauko strukt\u016bros. U\u017etikrina plauk\u0173 mityb\u0105 ir puo\u0161n\u0173 blizges\u012f;<\/li>\n<li>puikiai tinka vis\u0173 tip\u0173 ir \u0161viesi\u0173 atspalvi\u0173 plaukams. Puiki priemon\u0117 siekiant auk\u0161\u010diausi\u0173 rezultat\u0173 kailio modeliavime ir nat\u016bralios spalvos atstatyme ruo\u0161iant augintinio kail\u012f parodai;<\/li>\n<li>lengva put\u0173 tekst\u016bra leid\u017eia lengvai kontroliuoti formuojam\u0173 plauk\u0173 proces\u0105, idealiai tinka \u016as\u0173 ir galvos top-knoto modeliavimui ir spalvos atstatymui;<\/li>\n<li>galima naudoti ant saus\u0173 arba \u0161lapi\u0173 plauk\u0173;<\/li>\n<\/ul>\n","protected":false},"excerpt":{"rendered":"<p>apim\u010diai ir kailio modeliavimui; unikalios dr\u0117kinan\u010dios naujos formul\u0117s putos priduoda apimties ir skirtos baltam \u0161viesiam kailiui; u\u017etikrina nepageidaujam\u0173 biologin\u0117s kilm\u0117s rausv\u0173 ar gelsv\u0173 atspalvi\u0173 pa\u0161alinimui ir kailio i\u0161balinimui, nepa\u017eeid\u017eiant ir ne\u017ealojant plauko strukt\u016bros. U\u017etikrina plauk\u0173 mityb\u0105 ir puo\u0161n\u0173 blizges\u012f; puikiai tinka vis\u0173 tip\u0173 ir \u0161viesi\u0173 atspalvi\u0173 plaukams. Puiki priemon\u0117 siekiant auk\u0161\u010diausi\u0173 rezultat\u0173 kailio modeliavime ir [&hellip;]<\/p>\n","protected":false},"featured_media":607,"template":"","meta":[],"product_brand":[97],"product_cat":[53,32],"product_tag":[91,119,92,117,118],"class_list":{"0":"post-370","1":"product","2":"type-product","3":"status-publish","4":"has-post-thumbnail","6":"product_brand-pure-paws","7":"product_cat-color-linija","8":"product_cat-pure-paws-kiti-produktai","9":"product_tag-pure-paws","10":"product_tag-pure-paws-white-foam-putos","11":"product_tag-purepaws","12":"product_tag-putos","13":"product_tag-white-foam-putos","15":"first","16":"instock","17":"taxable","18":"shipping-taxable","19":"purchasable","20":"product-type-variable","21":"has-default-attributes"},"jetpack_sharing_enabled":true,"_links":{"self":[{"href":"https:\/\/rasarta.lt\/index.php?rest_route=\/wp\/v2\/product\/370","targetHints":{"allow":["GET"]}}],"collection":[{"href":"https:\/\/rasarta.lt\/index.php?rest_route=\/wp\/v2\/product"}],"about":[{"href":"https:\/\/rasarta.lt\/index.php?rest_route=\/wp\/v2\/types\/product"}],"wp:featuredmedia":[{"embeddable":true,"href":"https:\/\/rasarta.lt\/index.php?rest_route=\/wp\/v2\/media\/607"}],"wp:attachment":[{"href":"https:\/\/rasarta.lt\/index.php?rest_route=%2Fwp%2Fv2%2Fmedia&parent=370"}],"wp:term":[{"taxonomy":"product_brand","embeddable":true,"href":"https:\/\/rasarta.lt\/index.php?rest_route=%2Fwp%2Fv2%2Fproduct_brand&post=370"},{"taxonomy":"product_cat","embeddable":true,"href":"https:\/\/rasarta.lt\/index.php?rest_route=%2Fwp%2Fv2%2Fproduct_cat&post=370"},{"taxonomy":"product_tag","embeddable":true,"href":"https:\/\/rasarta.lt\/index.php?rest_route=%2Fwp%2Fv2%2Fproduct_tag&post=370"}],"curies":[{"name":"wp","href":"https:\/\/api.w.org\/{rel}","templated":true}]}}