{"id":366,"date":"2021-02-02T15:02:22","date_gmt":"2021-02-02T15:02:22","guid":{"rendered":"http:\/\/rasarta.lt\/?post_type=product&#038;p=366"},"modified":"2022-01-22T16:23:53","modified_gmt":"2022-01-22T14:23:53","slug":"pure-paws-white-suns-pudra","status":"publish","type":"product","link":"https:\/\/rasarta.lt\/?product=pure-paws-white-suns-pudra","title":{"rendered":"Pure Paws White Suns pudra"},"content":{"rendered":"<ul>\n<li>\u0161ilko pudra. Balta spalva;<\/li>\n<li>sustiprina nat\u016brali\u0105 balt\u0105 plauko spalv\u0105, padaro j\u0105 intensyvesn\u0119;<\/li>\n<li>naudojama plauk\u0173 spalvos koregavimui atskirose kailio vietose;<\/li>\n<li>puikiai tinka vis\u0173 tip\u0173 plaukams ir ypatingai \u0161iurk\u0161\u010diaplaukiams, terjer\u0173 veisli\u0173 \u0161unims;<\/li>\n<li>pudra dedama ant kailio \u0161epet\u0117lio pagalba;<\/li>\n<li>fiksuojama lengvai u\u017epur\u0161kiant laku;<\/li>\n<li>puikiai tinka ruo\u0161iant parodoms;<\/li>\n<li>lengvai nusiplauna nuo kailio, naudojant Brightening \u0161amp\u016bn\u0105;<\/li>\n<\/ul>\n<p>&nbsp;<\/p>\n<p><u>Naudojimas:<\/u><\/p>\n<p>Ypatingai rekomenduojamas \u0161iurk\u0161\u010diaplaukiams (Vakar\u0173 \u0161kotijos baltiesiems terjerams, foksterjerams), ir tank\u0173 kail\u012f ir balt\u0105 spalv\u0105 turintiems \u0161unims (Berno zenenhundams, koliams, pudeliams, garbanotiems bi\u0161onams, samojedams). Taip pat puikiai tinka krentan\u010diam kailiui (\u0161i-cu, maltes\u0117ms, papijonams, Havanos bi\u0161onams, Lasos apsams). Plaukams kaip pagrindas puikiai tinka<i>\u00a0Silk Cream<\/i>.<\/p>\n<ul>\n<li>kailio baltos spalvos pary\u0161kinimui;<\/li>\n<li>\u012fsisen\u0117jusi\u0173 a\u0161ar\u0173 ar \u0161lapimo d\u0117mi\u0173 pasl\u0117pimui;<\/li>\n<li>atspalvio tr\u016bkumams pa\u0161alinti, spalvos korekcijai;<\/li>\n<li>kailio apimties didinimui;<\/li>\n<\/ul>\n","protected":false},"excerpt":{"rendered":"<p>\u0161ilko pudra. Balta spalva; sustiprina nat\u016brali\u0105 balt\u0105 plauko spalv\u0105, padaro j\u0105 intensyvesn\u0119; naudojama plauk\u0173 spalvos koregavimui atskirose kailio vietose; puikiai tinka vis\u0173 tip\u0173 plaukams ir ypatingai \u0161iurk\u0161\u010diaplaukiams, terjer\u0173 veisli\u0173 \u0161unims; pudra dedama ant kailio \u0161epet\u0117lio pagalba; fiksuojama lengvai u\u017epur\u0161kiant laku; puikiai tinka ruo\u0161iant parodoms; lengvai nusiplauna nuo kailio, naudojant Brightening \u0161amp\u016bn\u0105; &nbsp; Naudojimas: Ypatingai rekomenduojamas [&hellip;]<\/p>\n","protected":false},"featured_media":642,"template":"","meta":[],"product_brand":[],"product_cat":[53,32],"product_tag":[],"class_list":{"0":"post-366","1":"product","2":"type-product","3":"status-publish","4":"has-post-thumbnail","6":"product_cat-color-linija","7":"product_cat-pure-paws-kiti-produktai","9":"first","10":"instock","11":"taxable","12":"shipping-taxable","13":"purchasable","14":"product-type-variable","15":"has-default-attributes"},"jetpack_sharing_enabled":true,"_links":{"self":[{"href":"https:\/\/rasarta.lt\/index.php?rest_route=\/wp\/v2\/product\/366","targetHints":{"allow":["GET"]}}],"collection":[{"href":"https:\/\/rasarta.lt\/index.php?rest_route=\/wp\/v2\/product"}],"about":[{"href":"https:\/\/rasarta.lt\/index.php?rest_route=\/wp\/v2\/types\/product"}],"wp:featuredmedia":[{"embeddable":true,"href":"https:\/\/rasarta.lt\/index.php?rest_route=\/wp\/v2\/media\/642"}],"wp:attachment":[{"href":"https:\/\/rasarta.lt\/index.php?rest_route=%2Fwp%2Fv2%2Fmedia&parent=366"}],"wp:term":[{"taxonomy":"product_brand","embeddable":true,"href":"https:\/\/rasarta.lt\/index.php?rest_route=%2Fwp%2Fv2%2Fproduct_brand&post=366"},{"taxonomy":"product_cat","embeddable":true,"href":"https:\/\/rasarta.lt\/index.php?rest_route=%2Fwp%2Fv2%2Fproduct_cat&post=366"},{"taxonomy":"product_tag","embeddable":true,"href":"https:\/\/rasarta.lt\/index.php?rest_route=%2Fwp%2Fv2%2Fproduct_tag&post=366"}],"curies":[{"name":"wp","href":"https:\/\/api.w.org\/{rel}","templated":true}]}}