{"id":363,"date":"2021-02-02T14:55:42","date_gmt":"2021-02-02T14:55:42","guid":{"rendered":"http:\/\/rasarta.lt\/?post_type=product&#038;p=363"},"modified":"2022-03-17T21:28:27","modified_gmt":"2022-03-17T19:28:27","slug":"pure-paws-sealer-magic-kondicionierius","status":"publish","type":"product","link":"https:\/\/rasarta.lt\/?product=pure-paws-sealer-magic-kondicionierius","title":{"rendered":"Pure Paws Sealer Magic kondicionierius"},"content":{"rendered":"<div class=\"row ng-scope\">\n<div class=\"container\">\n<div class=\"contacts\">\n<div class=\"litter\">\n<h3><\/h3>\n<\/div>\n<\/div>\n<\/div>\n<\/div>\n<div class=\"row ng-scope\">\n<div class=\"container\">\n<div class=\"product\">\n<ul>\n<li>kondicionierius-baltos spalvos u\u017etvirtintojas-naujas, fantasti\u0161kas kompanijos Pure Paws produktas;<\/li>\n<li>kondicionierius naudojamas tik kartu su balinan\u010diu White Magic shampoo, kaip baltos spalvos fiksatorius, apsaugantis nuo \u0161alutinio atspalvio \u012fgavimo;<\/li>\n<li>nedaro jokios \u017ealos kailiui, neleid\u017eian\u010diu veltis plauk\u0173 galiukams, maitina ir apsaugo kail\u012f;<\/li>\n<li>kailis po kondicionieriaus naudojimo-ry\u0161kus, \u017evilgantis ir labai gra\u017eus;<\/li>\n<li>tinka vis\u0173 tip\u0173 balto atspalvio plaukams;<\/li>\n<li>puikiai tinka ruo\u0161iant parodoms;<\/li>\n<\/ul>\n<p><u>Naudojimas:<\/u><\/p>\n<p>Naudojamas po balinan\u010dio White Magic shampoo. Produktas yra koncentruotas, tod\u0117l yra skied\u017eiamas. Skiedimas priklauso nuo plauk\u0173 strukt\u016bros: krentan\u010diam plaukui (pvz. Maltos bi\u0161onui)- 1:8, plaukui su povilne (pvz. Samojedui) &#8211; 1:12, \u0161iurk\u0161\u010diaplauk\u0117ms veisl\u0117ms (pvz. Vakar\u0173 \u0161kotijos baltasis terjeras)- net 1:16.<\/p>\n<\/div>\n<\/div>\n<\/div>\n","protected":false},"excerpt":{"rendered":"<p>kondicionierius-baltos spalvos u\u017etvirtintojas-naujas, fantasti\u0161kas kompanijos Pure Paws produktas; kondicionierius naudojamas tik kartu su balinan\u010diu White Magic shampoo, kaip baltos spalvos fiksatorius, apsaugantis nuo \u0161alutinio atspalvio \u012fgavimo; nedaro jokios \u017ealos kailiui, neleid\u017eian\u010diu veltis plauk\u0173 galiukams, maitina ir apsaugo kail\u012f; kailis po kondicionieriaus naudojimo-ry\u0161kus, \u017evilgantis ir labai gra\u017eus; tinka vis\u0173 tip\u0173 balto atspalvio plaukams; puikiai tinka ruo\u0161iant [&hellip;]<\/p>\n","protected":false},"featured_media":673,"template":"","meta":[],"product_brand":[],"product_cat":[53,30],"product_tag":[],"class_list":{"0":"post-363","1":"product","2":"type-product","3":"status-publish","4":"has-post-thumbnail","6":"product_cat-color-linija","7":"product_cat-pure-paws-kondicionieriai","9":"first","10":"instock","11":"taxable","12":"shipping-taxable","13":"purchasable","14":"product-type-variable","15":"has-default-attributes"},"jetpack_sharing_enabled":true,"_links":{"self":[{"href":"https:\/\/rasarta.lt\/index.php?rest_route=\/wp\/v2\/product\/363","targetHints":{"allow":["GET"]}}],"collection":[{"href":"https:\/\/rasarta.lt\/index.php?rest_route=\/wp\/v2\/product"}],"about":[{"href":"https:\/\/rasarta.lt\/index.php?rest_route=\/wp\/v2\/types\/product"}],"wp:featuredmedia":[{"embeddable":true,"href":"https:\/\/rasarta.lt\/index.php?rest_route=\/wp\/v2\/media\/673"}],"wp:attachment":[{"href":"https:\/\/rasarta.lt\/index.php?rest_route=%2Fwp%2Fv2%2Fmedia&parent=363"}],"wp:term":[{"taxonomy":"product_brand","embeddable":true,"href":"https:\/\/rasarta.lt\/index.php?rest_route=%2Fwp%2Fv2%2Fproduct_brand&post=363"},{"taxonomy":"product_cat","embeddable":true,"href":"https:\/\/rasarta.lt\/index.php?rest_route=%2Fwp%2Fv2%2Fproduct_cat&post=363"},{"taxonomy":"product_tag","embeddable":true,"href":"https:\/\/rasarta.lt\/index.php?rest_route=%2Fwp%2Fv2%2Fproduct_tag&post=363"}],"curies":[{"name":"wp","href":"https:\/\/api.w.org\/{rel}","templated":true}]}}