{"id":333,"date":"2021-02-02T13:41:36","date_gmt":"2021-02-02T13:41:36","guid":{"rendered":"http:\/\/rasarta.lt\/?post_type=product&#038;p=333"},"modified":"2023-07-31T09:23:49","modified_gmt":"2023-07-31T07:23:49","slug":"pure-paws-texture-minerals-sampunas","status":"publish","type":"product","link":"https:\/\/rasarta.lt\/?product=pure-paws-texture-minerals-sampunas","title":{"rendered":"Pure Paws Texture Minerals \u0161amp\u016bnas"},"content":{"rendered":"<ul>\n<li>XXI a. technologija \u0161ou klas\u0117s \u0161unims;<\/li>\n<li>Poveikis trys-viename: kailio i\u0161valymas, tekst\u016bravimas, apsauga.<\/li>\n<li>itin paklusnus kailis kerpant ar \u0161ukuojant;<\/li>\n<li>blizgesys ir \u0161vie\u017eumas;<\/li>\n<li>tinka vis\u0173 kaili\u0173 tipams ir atspalviams;<\/li>\n<li>\u0161amp\u016bnas naudojamas \u0161iuk\u0161\u010diam plaukui prie\u0161 kirpim\u0105 ir parod\u0105;<\/li>\n<li>labai gerina plauko tekst\u016br\u0105 ir strukt\u016br\u0105;<\/li>\n<li>apsaugo plauk\u0105 ruo\u0161iant parodoms (naudojant pudr\u0105, tekst\u016brinius spr\u0117jus ir t.t.);<\/li>\n<\/ul>\n<p><u>Naudojimas:<\/u><\/p>\n<p>\u0160amp\u016bn\u0105 \u012ftrinkti \u012f dr\u0117gn\u0105 kail\u012f. Gerai nuskalauti. Galima naudoti pakartotinai siekiant gauti maksimal\u0173 efekt\u0105. Galui b\u016bti naudojamas kartu su kitais Texture Minerals linijos produktais. \u0160amp\u016bnas skied\u017eiamas su vandeniu santykiu 1:10. Puikiai tinka vis\u0173 veisli\u0173 ir atspalvi\u0173 \u0161unims.<\/p>\n","protected":false},"excerpt":{"rendered":"<p>XXI a. technologija \u0161ou klas\u0117s \u0161unims; Poveikis trys-viename: kailio i\u0161valymas, tekst\u016bravimas, apsauga. itin paklusnus kailis kerpant ar \u0161ukuojant; blizgesys ir \u0161vie\u017eumas; tinka vis\u0173 kaili\u0173 tipams ir atspalviams; \u0161amp\u016bnas naudojamas \u0161iuk\u0161\u010diam plaukui prie\u0161 kirpim\u0105 ir parod\u0105; labai gerina plauko tekst\u016br\u0105 ir strukt\u016br\u0105; apsaugo plauk\u0105 ruo\u0161iant parodoms (naudojant pudr\u0105, tekst\u016brinius spr\u0117jus ir t.t.); Naudojimas: \u0160amp\u016bn\u0105 \u012ftrinkti \u012f [&hellip;]<\/p>\n","protected":false},"featured_media":650,"template":"","meta":[],"product_brand":[],"product_cat":[32,28,57],"product_tag":[],"class_list":{"0":"post-333","1":"product","2":"type-product","3":"status-publish","4":"has-post-thumbnail","6":"product_cat-pure-paws-kiti-produktai","7":"product_cat-sampunai-p","8":"product_cat-texture-minerals-linija","10":"first","11":"instock","12":"taxable","13":"shipping-taxable","14":"purchasable","15":"product-type-variable","16":"has-default-attributes"},"jetpack_sharing_enabled":true,"_links":{"self":[{"href":"https:\/\/rasarta.lt\/index.php?rest_route=\/wp\/v2\/product\/333","targetHints":{"allow":["GET"]}}],"collection":[{"href":"https:\/\/rasarta.lt\/index.php?rest_route=\/wp\/v2\/product"}],"about":[{"href":"https:\/\/rasarta.lt\/index.php?rest_route=\/wp\/v2\/types\/product"}],"wp:featuredmedia":[{"embeddable":true,"href":"https:\/\/rasarta.lt\/index.php?rest_route=\/wp\/v2\/media\/650"}],"wp:attachment":[{"href":"https:\/\/rasarta.lt\/index.php?rest_route=%2Fwp%2Fv2%2Fmedia&parent=333"}],"wp:term":[{"taxonomy":"product_brand","embeddable":true,"href":"https:\/\/rasarta.lt\/index.php?rest_route=%2Fwp%2Fv2%2Fproduct_brand&post=333"},{"taxonomy":"product_cat","embeddable":true,"href":"https:\/\/rasarta.lt\/index.php?rest_route=%2Fwp%2Fv2%2Fproduct_cat&post=333"},{"taxonomy":"product_tag","embeddable":true,"href":"https:\/\/rasarta.lt\/index.php?rest_route=%2Fwp%2Fv2%2Fproduct_tag&post=333"}],"curies":[{"name":"wp","href":"https:\/\/api.w.org\/{rel}","templated":true}]}}