{"id":332,"date":"2021-02-02T13:30:42","date_gmt":"2021-02-02T13:30:42","guid":{"rendered":"http:\/\/rasarta.lt\/?post_type=product&#038;p=332"},"modified":"2021-02-08T16:28:45","modified_gmt":"2021-02-08T16:28:45","slug":"pure-paws-amplify-mousse","status":"publish","type":"product","link":"https:\/\/rasarta.lt\/?product=pure-paws-amplify-mousse","title":{"rendered":"Pure Paws Amplify Mousse"},"content":{"rendered":"<ul>\n<li>apim\u010diai ir kailio modeliavimui;<\/li>\n<li>unikalios dr\u0117kinan\u010dios naujos formul\u0117s putos priduoda apimties, suteikia norim\u0105 kailio form\u0105;<\/li>\n<li>veikia kaip antistatikas, u\u017etikrina plauk\u0173 mityb\u0105 ir puo\u0161n\u0173 blizges\u012f;<\/li>\n<li>puikiai tinka vis\u0173 tip\u0173 ir atspalvi\u0173 plaukams. Puiki priemon\u0117 siekiant auk\u0161\u010diausi\u0173 rezultat\u0173 kailio modeliavime;<\/li>\n<li>lengva put\u0173 tekst\u016bra leid\u017eia lengvai kontroliuoti formuojam\u0173 plauk\u0173 proces\u0105;<\/li>\n<li>apsaugo plaukus nuo \u012fvairi\u0173 mechanini\u0173 pa\u017eeidim\u0173 \u0161ukuojant, kerpant, d\u017eiovinant;<\/li>\n<li>galima naudoti ant saus\u0173 arba \u0161lapi\u0173 plauk\u0173;<\/li>\n<\/ul>\n","protected":false},"excerpt":{"rendered":"<p>apim\u010diai ir kailio modeliavimui; unikalios dr\u0117kinan\u010dios naujos formul\u0117s putos priduoda apimties, suteikia norim\u0105 kailio form\u0105; veikia kaip antistatikas, u\u017etikrina plauk\u0173 mityb\u0105 ir puo\u0161n\u0173 blizges\u012f; puikiai tinka vis\u0173 tip\u0173 ir atspalvi\u0173 plaukams. Puiki priemon\u0117 siekiant auk\u0161\u010diausi\u0173 rezultat\u0173 kailio modeliavime; lengva put\u0173 tekst\u016bra leid\u017eia lengvai kontroliuoti formuojam\u0173 plauk\u0173 proces\u0105; apsaugo plaukus nuo \u012fvairi\u0173 mechanini\u0173 pa\u017eeidim\u0173 \u0161ukuojant, kerpant, [&hellip;]<\/p>\n","protected":false},"featured_media":676,"template":"","meta":[],"product_brand":[],"product_cat":[58,32],"product_tag":[],"class_list":{"0":"post-332","1":"product","2":"type-product","3":"status-publish","4":"has-post-thumbnail","6":"product_cat-amplify-linija","7":"product_cat-pure-paws-kiti-produktai","9":"first","10":"outofstock","11":"taxable","12":"shipping-taxable","13":"purchasable","14":"product-type-variable","15":"has-default-attributes"},"jetpack_sharing_enabled":true,"_links":{"self":[{"href":"https:\/\/rasarta.lt\/index.php?rest_route=\/wp\/v2\/product\/332","targetHints":{"allow":["GET"]}}],"collection":[{"href":"https:\/\/rasarta.lt\/index.php?rest_route=\/wp\/v2\/product"}],"about":[{"href":"https:\/\/rasarta.lt\/index.php?rest_route=\/wp\/v2\/types\/product"}],"wp:featuredmedia":[{"embeddable":true,"href":"https:\/\/rasarta.lt\/index.php?rest_route=\/wp\/v2\/media\/676"}],"wp:attachment":[{"href":"https:\/\/rasarta.lt\/index.php?rest_route=%2Fwp%2Fv2%2Fmedia&parent=332"}],"wp:term":[{"taxonomy":"product_brand","embeddable":true,"href":"https:\/\/rasarta.lt\/index.php?rest_route=%2Fwp%2Fv2%2Fproduct_brand&post=332"},{"taxonomy":"product_cat","embeddable":true,"href":"https:\/\/rasarta.lt\/index.php?rest_route=%2Fwp%2Fv2%2Fproduct_cat&post=332"},{"taxonomy":"product_tag","embeddable":true,"href":"https:\/\/rasarta.lt\/index.php?rest_route=%2Fwp%2Fv2%2Fproduct_tag&post=332"}],"curies":[{"name":"wp","href":"https:\/\/api.w.org\/{rel}","templated":true}]}}