{"id":331,"date":"2021-02-02T10:50:50","date_gmt":"2021-02-02T08:50:50","guid":{"rendered":"http:\/\/rasarta.lt\/?post_type=product&#038;p=331"},"modified":"2021-07-11T15:48:29","modified_gmt":"2021-07-11T13:48:29","slug":"pure-paws-amplify-root-lift-putos-purskalas","status":"publish","type":"product","link":"https:\/\/rasarta.lt\/?product=pure-paws-amplify-root-lift-putos-purskalas","title":{"rendered":"Pure Paws Amplify Root Lift putos-pur\u0161kalas"},"content":{"rendered":"<ul>\n<li>putos-spr\u0117jus suteikiantis apimt\u012f nuo pat plauk\u0173 \u0161akn\u0173;<\/li>\n<li>apimtis nuo pat \u0161akn\u0173 suteikia maksimalios apimties efekt\u0105;<\/li>\n<li>labai paprastas ir ne\u012fprastas naudojimas d\u0117ka naujo specialaus pur\u0161kalo aplikatoriaus;<\/li>\n<li>neleid\u017eia prasiskverbti dr\u0117gmei \u012f plaukus, kas s\u0105lygoja ilg\u0105 apimties efekto i\u0161laikym\u0105;<\/li>\n<li>suformuoja plauk\u0173 apimt\u012f nuo pat \u0161akn\u0173 b\u016btent ten, kur ji ypa\u010d reikalinga;<\/li>\n<li>labai lengva formul\u0117 pad\u0117s suteikti apimties be jokio plauk\u0173 apsunkinimo, sulipimo ir riebaluotumo;<\/li>\n<li>rekomenduojama \u012fvairi\u0173 tip\u0173 plaukams. Be to gera apsauga nuo saul\u0117s nudegim\u0173 ir spinduli\u0173 \u017ealos plaukui;<\/li>\n<li>naudojama ant \u0161lapi\u0173 plauk\u0173 prie\u0161 pat d\u017eiovinim\u0105;<\/li>\n<\/ul>\n","protected":false},"excerpt":{"rendered":"<p>putos-spr\u0117jus suteikiantis apimt\u012f nuo pat plauk\u0173 \u0161akn\u0173; apimtis nuo pat \u0161akn\u0173 suteikia maksimalios apimties efekt\u0105; labai paprastas ir ne\u012fprastas naudojimas d\u0117ka naujo specialaus pur\u0161kalo aplikatoriaus; neleid\u017eia prasiskverbti dr\u0117gmei \u012f plaukus, kas s\u0105lygoja ilg\u0105 apimties efekto i\u0161laikym\u0105; suformuoja plauk\u0173 apimt\u012f nuo pat \u0161akn\u0173 b\u016btent ten, kur ji ypa\u010d reikalinga; labai lengva formul\u0117 pad\u0117s suteikti apimties be [&hellip;]<\/p>\n","protected":false},"featured_media":591,"template":"","meta":[],"product_brand":[],"product_cat":[58,32],"product_tag":[],"class_list":{"0":"post-331","1":"product","2":"type-product","3":"status-publish","4":"has-post-thumbnail","6":"product_cat-amplify-linija","7":"product_cat-pure-paws-kiti-produktai","9":"first","10":"outofstock","11":"taxable","12":"shipping-taxable","13":"purchasable","14":"product-type-variable","15":"has-default-attributes"},"jetpack_sharing_enabled":true,"_links":{"self":[{"href":"https:\/\/rasarta.lt\/index.php?rest_route=\/wp\/v2\/product\/331","targetHints":{"allow":["GET"]}}],"collection":[{"href":"https:\/\/rasarta.lt\/index.php?rest_route=\/wp\/v2\/product"}],"about":[{"href":"https:\/\/rasarta.lt\/index.php?rest_route=\/wp\/v2\/types\/product"}],"wp:featuredmedia":[{"embeddable":true,"href":"https:\/\/rasarta.lt\/index.php?rest_route=\/wp\/v2\/media\/591"}],"wp:attachment":[{"href":"https:\/\/rasarta.lt\/index.php?rest_route=%2Fwp%2Fv2%2Fmedia&parent=331"}],"wp:term":[{"taxonomy":"product_brand","embeddable":true,"href":"https:\/\/rasarta.lt\/index.php?rest_route=%2Fwp%2Fv2%2Fproduct_brand&post=331"},{"taxonomy":"product_cat","embeddable":true,"href":"https:\/\/rasarta.lt\/index.php?rest_route=%2Fwp%2Fv2%2Fproduct_cat&post=331"},{"taxonomy":"product_tag","embeddable":true,"href":"https:\/\/rasarta.lt\/index.php?rest_route=%2Fwp%2Fv2%2Fproduct_tag&post=331"}],"curies":[{"name":"wp","href":"https:\/\/api.w.org\/{rel}","templated":true}]}}