{"id":329,"date":"2021-02-02T10:27:27","date_gmt":"2021-02-02T08:27:27","guid":{"rendered":"http:\/\/rasarta.lt\/?post_type=product&#038;p=329"},"modified":"2021-08-17T14:56:46","modified_gmt":"2021-08-17T12:56:46","slug":"pure-paws-texture-minerals-purskalas","status":"publish","type":"product","link":"https:\/\/rasarta.lt\/?product=pure-paws-texture-minerals-purskalas","title":{"rendered":"Pure Paws Texture Minerals pur\u0161kalas"},"content":{"rendered":"<ul>\n<li>XXI a. technologija \u0161ou klas\u0117s \u0161unims;<\/li>\n<li>bespalviai ir balti mikro kristalai kailio tekst\u016brai palaikyti;<\/li>\n<li>kristalai sudaryti i\u0161 daugyb\u0117s mineral\u0173. Jie nat\u016braliu b\u016bdu gr\u0105\u017eina plaukams gamtin\u0119 j\u0117g\u0105;<\/li>\n<li>kristalai atstato kail\u012f \u012f pirmin\u0119, geneti\u0161kai \u012fgaut\u0105 b\u016bsen\u0105, be dirbtinio kailio strukt\u016bros pakeitimo;<\/li>\n<li>ry\u0161ki ir gili kailio juoda ar ruda spalva arba akinamai baltas kailio spindesys;<\/li>\n<li>itin paklusnus kailis kerpant ar \u0161ukuojant;<\/li>\n<li>blizgesys ir \u0161vie\u017eumas;<\/li>\n<li>tinka vis\u0173 kaili\u0173 tipams ir atspalviams;<\/li>\n<li>kristalai naudojami prie\u0161 kirpim\u0105 ir parod\u0105;<\/li>\n<\/ul>\n<p><u>Naudojimas:<\/u><\/p>\n<p>Purk\u0161ti prie\u0161 plauk\u0105 , po ko kristal\u0173 dalel\u0117s tarsi &#8220;i\u0161tirpsta&#8221; ir tampa nematomos. Puikiai tinka vis\u0173 veisli\u0173 ir atspalvi\u0173 \u0161unims.\u00a0<i>Texture Mineral Spray<\/i>\u00a0dar papras\u010diau ir patogiau naudojamas.<\/p>\n","protected":false},"excerpt":{"rendered":"<p>XXI a. technologija \u0161ou klas\u0117s \u0161unims; bespalviai ir balti mikro kristalai kailio tekst\u016brai palaikyti; kristalai sudaryti i\u0161 daugyb\u0117s mineral\u0173. Jie nat\u016braliu b\u016bdu gr\u0105\u017eina plaukams gamtin\u0119 j\u0117g\u0105; kristalai atstato kail\u012f \u012f pirmin\u0119, geneti\u0161kai \u012fgaut\u0105 b\u016bsen\u0105, be dirbtinio kailio strukt\u016bros pakeitimo; ry\u0161ki ir gili kailio juoda ar ruda spalva arba akinamai baltas kailio spindesys; itin paklusnus kailis [&hellip;]<\/p>\n","protected":false},"featured_media":641,"template":"","meta":[],"product_brand":[],"product_cat":[32,57],"product_tag":[],"class_list":{"0":"post-329","1":"product","2":"type-product","3":"status-publish","4":"has-post-thumbnail","6":"product_cat-pure-paws-kiti-produktai","7":"product_cat-texture-minerals-linija","9":"first","10":"instock","11":"taxable","12":"shipping-taxable","13":"purchasable","14":"product-type-variable","15":"has-default-attributes"},"jetpack_sharing_enabled":true,"_links":{"self":[{"href":"https:\/\/rasarta.lt\/index.php?rest_route=\/wp\/v2\/product\/329","targetHints":{"allow":["GET"]}}],"collection":[{"href":"https:\/\/rasarta.lt\/index.php?rest_route=\/wp\/v2\/product"}],"about":[{"href":"https:\/\/rasarta.lt\/index.php?rest_route=\/wp\/v2\/types\/product"}],"wp:featuredmedia":[{"embeddable":true,"href":"https:\/\/rasarta.lt\/index.php?rest_route=\/wp\/v2\/media\/641"}],"wp:attachment":[{"href":"https:\/\/rasarta.lt\/index.php?rest_route=%2Fwp%2Fv2%2Fmedia&parent=329"}],"wp:term":[{"taxonomy":"product_brand","embeddable":true,"href":"https:\/\/rasarta.lt\/index.php?rest_route=%2Fwp%2Fv2%2Fproduct_brand&post=329"},{"taxonomy":"product_cat","embeddable":true,"href":"https:\/\/rasarta.lt\/index.php?rest_route=%2Fwp%2Fv2%2Fproduct_cat&post=329"},{"taxonomy":"product_tag","embeddable":true,"href":"https:\/\/rasarta.lt\/index.php?rest_route=%2Fwp%2Fv2%2Fproduct_tag&post=329"}],"curies":[{"name":"wp","href":"https:\/\/api.w.org\/{rel}","templated":true}]}}