{"id":328,"date":"2021-02-02T10:02:37","date_gmt":"2021-02-02T10:02:37","guid":{"rendered":"http:\/\/rasarta.lt\/?post_type=product&#038;p=328"},"modified":"2022-11-09T22:31:33","modified_gmt":"2022-11-09T20:31:33","slug":"pure-paws-texture-minerals-kristaline-pudra","status":"publish","type":"product","link":"https:\/\/rasarta.lt\/?product=pure-paws-texture-minerals-kristaline-pudra","title":{"rendered":"Pure Paws Texture Minerals kristalin\u0117 pudra"},"content":{"rendered":"<ul>\n<li>\u016aXXI a. technologija \u0161ou klas\u0117s \u0161unims;<\/li>\n<li>bespalviai mikro kristalai kailio tekst\u016brai palaikyti;<\/li>\n<li>kristalai sudaryti i\u0161 daugyb\u0117s mineral\u0173. Jie nat\u016braliu b\u016bdu gr\u0105\u017eina plaukams gamtin\u0119 j\u0117g\u0105;<\/li>\n<li>kristalai atstato kail\u012f \u012f pirmin\u0119, geneti\u0161kai \u012fgaut\u0105 b\u016bsen\u0105, be dirbtinio kailio strukt\u016bros pakeitimo. Pvz. panaudojus kristalus \u0161iurk\u0161\u010diaplaukiui terjerui gausite \u0161iurk\u0161t\u0173 tai veislei b\u016bding\u0105 kailio strukt\u016br\u0105. O panaudojus tarkim Maltos bi\u0161onui, Jork\u0161yro terjerui ar \u0160i-cu gausite stipr\u0173, tank\u0173 ir geros apimties lyg\u0173 kail\u012f;<\/li>\n<li>skirtingai nei pudra, kristalai yra bespalviai, nepasilieka ant rank\u0173, tuo tarpu atlikdami didel\u012f darb\u0105 plauk\u0173 tekst\u016bravimui;<\/li>\n<li>ry\u0161ki ir gili kailio spalva;<\/li>\n<li>itin paklusnus kailis kerpant ar \u0161ukuojant;<\/li>\n<li>blizgesys ir \u0161vie\u017eumas;<\/li>\n<li>tinka vis\u0173 kaili\u0173 tipams ir atspalviams;<\/li>\n<li>kristalai naudojami prie\u0161 kirpim\u0105 ir parod\u0105;<\/li>\n<\/ul>\n<p><u>Naudojimas:<\/u><\/p>\n<p>U\u017ene\u0161ti ant kailio naudojant plauk\u0173 \u0161epet\u012f. \u012etrinti giliai \u012f kail\u012f, po ko kristal\u0173 dalel\u0117s tarsi &#8220;i\u0161tirpsta&#8221; ir tampa nematomos. Po pasirodymo rekomenduojama kristalus nuplauti. Puikiai tinka vis\u0173 veisli\u0173 \u0161unims.<\/p>\n","protected":false},"excerpt":{"rendered":"<p>\u016aXXI a. technologija \u0161ou klas\u0117s \u0161unims; bespalviai mikro kristalai kailio tekst\u016brai palaikyti; kristalai sudaryti i\u0161 daugyb\u0117s mineral\u0173. Jie nat\u016braliu b\u016bdu gr\u0105\u017eina plaukams gamtin\u0119 j\u0117g\u0105; kristalai atstato kail\u012f \u012f pirmin\u0119, geneti\u0161kai \u012fgaut\u0105 b\u016bsen\u0105, be dirbtinio kailio strukt\u016bros pakeitimo. Pvz. panaudojus kristalus \u0161iurk\u0161\u010diaplaukiui terjerui gausite \u0161iurk\u0161t\u0173 tai veislei b\u016bding\u0105 kailio strukt\u016br\u0105. O panaudojus tarkim Maltos bi\u0161onui, Jork\u0161yro [&hellip;]<\/p>\n","protected":false},"featured_media":643,"template":"","meta":[],"product_brand":[],"product_cat":[32,57],"product_tag":[],"class_list":{"0":"post-328","1":"product","2":"type-product","3":"status-publish","4":"has-post-thumbnail","6":"product_cat-pure-paws-kiti-produktai","7":"product_cat-texture-minerals-linija","9":"first","10":"outofstock","11":"taxable","12":"shipping-taxable","13":"purchasable","14":"product-type-variable","15":"has-default-attributes"},"jetpack_sharing_enabled":true,"_links":{"self":[{"href":"https:\/\/rasarta.lt\/index.php?rest_route=\/wp\/v2\/product\/328","targetHints":{"allow":["GET"]}}],"collection":[{"href":"https:\/\/rasarta.lt\/index.php?rest_route=\/wp\/v2\/product"}],"about":[{"href":"https:\/\/rasarta.lt\/index.php?rest_route=\/wp\/v2\/types\/product"}],"wp:featuredmedia":[{"embeddable":true,"href":"https:\/\/rasarta.lt\/index.php?rest_route=\/wp\/v2\/media\/643"}],"wp:attachment":[{"href":"https:\/\/rasarta.lt\/index.php?rest_route=%2Fwp%2Fv2%2Fmedia&parent=328"}],"wp:term":[{"taxonomy":"product_brand","embeddable":true,"href":"https:\/\/rasarta.lt\/index.php?rest_route=%2Fwp%2Fv2%2Fproduct_brand&post=328"},{"taxonomy":"product_cat","embeddable":true,"href":"https:\/\/rasarta.lt\/index.php?rest_route=%2Fwp%2Fv2%2Fproduct_cat&post=328"},{"taxonomy":"product_tag","embeddable":true,"href":"https:\/\/rasarta.lt\/index.php?rest_route=%2Fwp%2Fv2%2Fproduct_tag&post=328"}],"curies":[{"name":"wp","href":"https:\/\/api.w.org\/{rel}","templated":true}]}}