{"id":324,"date":"2021-02-02T09:57:13","date_gmt":"2021-02-02T09:57:13","guid":{"rendered":"http:\/\/rasarta.lt\/?post_type=product&#038;p=324"},"modified":"2026-01-13T13:05:57","modified_gmt":"2026-01-13T11:05:57","slug":"pure-paws-amplify-spray-gel","status":"publish","type":"product","link":"https:\/\/rasarta.lt\/?product=pure-paws-amplify-spray-gel","title":{"rendered":"Pure Paws Amplify Spray Gel"},"content":{"rendered":"<ul>\n<li>pakelia plaukus, priduodant kailiui ypating\u0105 apimt\u012f, ned\u017eiovina plauko, gerina kailio kokyb\u0119;<\/li>\n<li>sud\u0117tyje n\u0117ra alkoholio, nedaro jokios \u017ealos kailiui, praturtintas vitaminu B12, neleid\u017eian\u010diu veltis plauk\u0173 galiukams ir atstatan\u010diu nat\u016brali\u0105 plauk\u0173 apimt\u012f;<\/li>\n<li>pur\u0161kiamas ant kailio po maudymo prie\u0161 d\u017eiovinant plaukus fenu;<\/li>\n<li>puikiai tinka ruo\u0161iant parodoms veisles, reikalaujan\u010dias puraus, didel\u0117s apimties kailio (pvz. \u010diau-\u010diau, \u0161picai ir kt.), bei darant kuodukus (top-knot) tokioms veisl\u0117ms kaip jork\u0161yro terjerai, maltos bi\u0161onai ar \u0161i-cu;<\/li>\n<li>padeda i\u0161laikyti sveik\u0105 kail\u012f, nes pagamintas tik i\u0161 nat\u016brali\u0173 produkt\u0173, be joki\u0173 chemini\u0173 element\u0173, neturi joki\u0173 aliej\u0173 ir lanolino, subalansuotas pH balansas;<\/li>\n<\/ul>\n","protected":false},"excerpt":{"rendered":"<p>pakelia plaukus, priduodant kailiui ypating\u0105 apimt\u012f, ned\u017eiovina plauko, gerina kailio kokyb\u0119; sud\u0117tyje n\u0117ra alkoholio, nedaro jokios \u017ealos kailiui, praturtintas vitaminu B12, neleid\u017eian\u010diu veltis plauk\u0173 galiukams ir atstatan\u010diu nat\u016brali\u0105 plauk\u0173 apimt\u012f; pur\u0161kiamas ant kailio po maudymo prie\u0161 d\u017eiovinant plaukus fenu; puikiai tinka ruo\u0161iant parodoms veisles, reikalaujan\u010dias puraus, didel\u0117s apimties kailio (pvz. \u010diau-\u010diau, \u0161picai ir kt.), bei [&hellip;]<\/p>\n","protected":false},"featured_media":590,"template":"","meta":[],"product_brand":[97],"product_cat":[58,31],"product_tag":[123,126,91,127,92],"class_list":{"0":"post-324","1":"product","2":"type-product","3":"status-publish","4":"has-post-thumbnail","6":"product_brand-pure-paws","7":"product_cat-amplify-linija","8":"product_cat-pure-paws-purskalai","9":"product_tag-amplify","10":"product_tag-amplify-spray-gel","11":"product_tag-pure-paws","12":"product_tag-pure-paws-amplify-spray-gel","13":"product_tag-purepaws","15":"first","16":"outofstock","17":"taxable","18":"shipping-taxable","19":"purchasable","20":"product-type-variable","21":"has-default-attributes"},"jetpack_sharing_enabled":true,"_links":{"self":[{"href":"https:\/\/rasarta.lt\/index.php?rest_route=\/wp\/v2\/product\/324","targetHints":{"allow":["GET"]}}],"collection":[{"href":"https:\/\/rasarta.lt\/index.php?rest_route=\/wp\/v2\/product"}],"about":[{"href":"https:\/\/rasarta.lt\/index.php?rest_route=\/wp\/v2\/types\/product"}],"wp:featuredmedia":[{"embeddable":true,"href":"https:\/\/rasarta.lt\/index.php?rest_route=\/wp\/v2\/media\/590"}],"wp:attachment":[{"href":"https:\/\/rasarta.lt\/index.php?rest_route=%2Fwp%2Fv2%2Fmedia&parent=324"}],"wp:term":[{"taxonomy":"product_brand","embeddable":true,"href":"https:\/\/rasarta.lt\/index.php?rest_route=%2Fwp%2Fv2%2Fproduct_brand&post=324"},{"taxonomy":"product_cat","embeddable":true,"href":"https:\/\/rasarta.lt\/index.php?rest_route=%2Fwp%2Fv2%2Fproduct_cat&post=324"},{"taxonomy":"product_tag","embeddable":true,"href":"https:\/\/rasarta.lt\/index.php?rest_route=%2Fwp%2Fv2%2Fproduct_tag&post=324"}],"curies":[{"name":"wp","href":"https:\/\/api.w.org\/{rel}","templated":true}]}}