{"id":32,"date":"2021-02-01T10:18:49","date_gmt":"2021-02-01T10:18:49","guid":{"rendered":"http:\/\/rasarta.lt\/?post_type=product&#038;p=32"},"modified":"2026-03-14T11:44:05","modified_gmt":"2026-03-14T09:44:05","slug":"true-iconic-show-beauty-care-kondicionierius","status":"publish","type":"product","link":"https:\/\/rasarta.lt\/?product=true-iconic-show-beauty-care-kondicionierius","title":{"rendered":"True Iconic 2 Show Beauty Care kondicionierius"},"content":{"rendered":"<p>Naujos kartos kondicionierius. Sud\u0117tyje esantis Argano aliejus plaukus daro elastingus ir storesnius, stiprius ir apsaugo nuo susiv\u0117limo. Jie tiesiog tampa prabangios i\u0161vaizdos!<br \/>\nVit. E veikia kaip antioksidantas ir stimuliuoja nauj\u0173 l\u0105steli\u0173 susidarym\u0105 ir sveiko stipraus kailio augim\u0105. Kondicionierius ypatingai dr\u0117kina kail\u012f ir od\u0105, bet jo neriebina.<\/p>\n<p>Show Beauty Care kondicionierius labai rekomenduojamas ilgakail\u0117ms veisl\u0117ms, tokioms kaip \u0160i- cu, Maltos bi\u0161onams, Lasos apsams, Jork\u0161yro terjerams, Havanos bi\u0161onams, kokerspanieliams, papiljonams, Afgan\u0173 kurtams, Auksaspalviams retriveriams ir kt. didel\u0117ms ilgaplauk\u0117ms veisl\u0117ms.<\/p>\n<p>N a u d o j i m a s :<br \/>\nKondicionieri\u0173 galima naudoti koncentruot\u0105 arba praskiest\u0105. Gerai \u012ftrinkite \u012f kail\u012f, ypating\u0105 d\u0117mes\u012f skirdami plauk\u0173 galiukams ir problemin\u0117ms vietoms. Jeigu kailis yra prastesn\u0117s b\u016bkl\u0117s, lengvai nuplaukit palikdami dal\u012f kondicionieriaus ant kailio, kad apsaugot\u0173, sustiprint\u0173 ir atitaisyt\u0173 pa\u017eeistus plaukus.<br \/>\nJeigu kailis geros b\u016bkl\u0117s ir tankus, kondicionierius paliekamas 5-10 min. ant kailio ir po to gerai nuplaunamas.<\/p>\n<p>P a k u o t \u0117 s :<br \/>\n4.5 l, 1l, 400 ml, 250 ml<\/p>\n","protected":false},"excerpt":{"rendered":"<p>Naujos kartos kondicionierius. Sud\u0117tyje esantis Argano aliejus plaukus daro elastingus ir storesnius, stiprius ir apsaugo nuo susiv\u0117limo. Jie tiesiog tampa prabangios i\u0161vaizdos! Vit. E veikia kaip antioksidantas ir stimuliuoja nauj\u0173 l\u0105steli\u0173 susidarym\u0105 ir sveiko stipraus kailio augim\u0105. Kondicionierius ypatingai dr\u0117kina kail\u012f ir od\u0105, bet jo neriebina. Show Beauty Care kondicionierius labai rekomenduojamas ilgakail\u0117ms veisl\u0117ms, tokioms [&hellip;]<\/p>\n","protected":false},"featured_media":604,"template":"","meta":[],"product_brand":[84],"product_cat":[19],"product_tag":[165,164,99,86,163],"class_list":{"0":"post-32","1":"product","2":"type-product","3":"status-publish","4":"has-post-thumbnail","6":"product_brand-true-iconic","7":"product_cat-kondicionieriai","8":"product_tag-2-show-beauty-care","9":"product_tag-2-show-beauty-care-kondicionierius","10":"product_tag-kondicionierius","11":"product_tag-true-iconic","12":"product_tag-true-iconic-2-show-beauty-care-kondicionierius","14":"first","15":"outofstock","16":"taxable","17":"shipping-taxable","18":"purchasable","19":"product-type-variable","20":"has-default-attributes"},"jetpack_sharing_enabled":true,"_links":{"self":[{"href":"https:\/\/rasarta.lt\/index.php?rest_route=\/wp\/v2\/product\/32","targetHints":{"allow":["GET"]}}],"collection":[{"href":"https:\/\/rasarta.lt\/index.php?rest_route=\/wp\/v2\/product"}],"about":[{"href":"https:\/\/rasarta.lt\/index.php?rest_route=\/wp\/v2\/types\/product"}],"wp:featuredmedia":[{"embeddable":true,"href":"https:\/\/rasarta.lt\/index.php?rest_route=\/wp\/v2\/media\/604"}],"wp:attachment":[{"href":"https:\/\/rasarta.lt\/index.php?rest_route=%2Fwp%2Fv2%2Fmedia&parent=32"}],"wp:term":[{"taxonomy":"product_brand","embeddable":true,"href":"https:\/\/rasarta.lt\/index.php?rest_route=%2Fwp%2Fv2%2Fproduct_brand&post=32"},{"taxonomy":"product_cat","embeddable":true,"href":"https:\/\/rasarta.lt\/index.php?rest_route=%2Fwp%2Fv2%2Fproduct_cat&post=32"},{"taxonomy":"product_tag","embeddable":true,"href":"https:\/\/rasarta.lt\/index.php?rest_route=%2Fwp%2Fv2%2Fproduct_tag&post=32"}],"curies":[{"name":"wp","href":"https:\/\/api.w.org\/{rel}","templated":true}]}}