{"id":319,"date":"2021-02-02T09:48:57","date_gmt":"2021-02-02T09:48:57","guid":{"rendered":"http:\/\/rasarta.lt\/?post_type=product&#038;p=319"},"modified":"2022-06-19T21:45:16","modified_gmt":"2022-06-19T19:45:16","slug":"pure-paws-amplify-kondicionierius","status":"publish","type":"product","link":"https:\/\/rasarta.lt\/?product=pure-paws-amplify-kondicionierius","title":{"rendered":"Pure Paws Amplify kondicionierius"},"content":{"rendered":"<p>Kondicionieriaus sukutas i\u0161 nst\u016brali\u0173 augalin\u0117s kilm\u0117s protein\u0173 ir vitamin\u0173 komplekso, kurie kartu maitina ir i\u0161laiko kail\u012f optimalios kondicijos. Proteinai maitina kiekvien\u0105 kailio plaukel\u012f, padidindami jo diametr\u0105. Taip pat sustiprina pa\u017eeistus plaukus, kiekvienas plaukelis tampa labiau u\u017epildytas ir glotnus. Kondicionierius nekei\u010dia kailio strukt\u016bros.<\/p>\n<p>Naudojimas:<\/p>\n<p>Koncentratas skied\u017eiamas 1\u00f710. Gerai \u012ftrinti \u012f kail\u012f, palikti keliom minut\u0117m, kad kailis tur\u0117t\u0173 pakankamai laiko pasimaitinti. Nuplauti. Kondicionierius naudojamas kartu su kitais Amplify linijos produktais.<\/p>\n","protected":false},"excerpt":{"rendered":"<p>Kondicionieriaus sukutas i\u0161 nst\u016brali\u0173 augalin\u0117s kilm\u0117s protein\u0173 ir vitamin\u0173 komplekso, kurie kartu maitina ir i\u0161laiko kail\u012f optimalios kondicijos. Proteinai maitina kiekvien\u0105 kailio plaukel\u012f, padidindami jo diametr\u0105. Taip pat sustiprina pa\u017eeistus plaukus, kiekvienas plaukelis tampa labiau u\u017epildytas ir glotnus. Kondicionierius nekei\u010dia kailio strukt\u016bros. Naudojimas: Koncentratas skied\u017eiamas 1\u00f710. Gerai \u012ftrinti \u012f kail\u012f, palikti keliom minut\u0117m, kad kailis [&hellip;]<\/p>\n","protected":false},"featured_media":653,"template":"","meta":[],"product_brand":[],"product_cat":[58,30],"product_tag":[],"class_list":{"0":"post-319","1":"product","2":"type-product","3":"status-publish","4":"has-post-thumbnail","6":"product_cat-amplify-linija","7":"product_cat-pure-paws-kondicionieriai","9":"first","10":"outofstock","11":"taxable","12":"shipping-taxable","13":"purchasable","14":"product-type-variable","15":"has-default-attributes"},"jetpack_sharing_enabled":true,"_links":{"self":[{"href":"https:\/\/rasarta.lt\/index.php?rest_route=\/wp\/v2\/product\/319","targetHints":{"allow":["GET"]}}],"collection":[{"href":"https:\/\/rasarta.lt\/index.php?rest_route=\/wp\/v2\/product"}],"about":[{"href":"https:\/\/rasarta.lt\/index.php?rest_route=\/wp\/v2\/types\/product"}],"wp:featuredmedia":[{"embeddable":true,"href":"https:\/\/rasarta.lt\/index.php?rest_route=\/wp\/v2\/media\/653"}],"wp:attachment":[{"href":"https:\/\/rasarta.lt\/index.php?rest_route=%2Fwp%2Fv2%2Fmedia&parent=319"}],"wp:term":[{"taxonomy":"product_brand","embeddable":true,"href":"https:\/\/rasarta.lt\/index.php?rest_route=%2Fwp%2Fv2%2Fproduct_brand&post=319"},{"taxonomy":"product_cat","embeddable":true,"href":"https:\/\/rasarta.lt\/index.php?rest_route=%2Fwp%2Fv2%2Fproduct_cat&post=319"},{"taxonomy":"product_tag","embeddable":true,"href":"https:\/\/rasarta.lt\/index.php?rest_route=%2Fwp%2Fv2%2Fproduct_tag&post=319"}],"curies":[{"name":"wp","href":"https:\/\/api.w.org\/{rel}","templated":true}]}}