{"id":313,"date":"2021-02-02T09:23:52","date_gmt":"2021-02-02T09:23:52","guid":{"rendered":"http:\/\/rasarta.lt\/?post_type=product&#038;p=313"},"modified":"2023-10-04T20:26:55","modified_gmt":"2023-10-04T18:26:55","slug":"pure-paws-reconstructing-shine-sprejus","status":"publish","type":"product","link":"https:\/\/rasarta.lt\/?product=pure-paws-reconstructing-shine-sprejus","title":{"rendered":"Pure Paws Reconstructing Shine pur\u0161kalas"},"content":{"rendered":"<ul>\n<li>naudojamas kaip kondicionierius kasdienei kailio prie\u017ei\u016brai (kailio \u0161ukavimui, paplo\u010di\u0173 perri\u0161imui ir t.t.), nepa\u017eeid\u017eia plauko ir padeda i\u0161saugoti puiki\u0105 kailio b\u016bkl\u0119 tarp parod\u0173 ar ruo\u0161iant parodai;<\/li>\n<li>apsaugo plaukus ir od\u0105 nuo \u017ealingo aplinkos poveikio, ypa\u010d kar\u0161tos temperat\u016bros fenuojant, atstato pa\u017eeistas plauk\u0173 ir odos vietas, stabdo plauk\u0173 v\u0117lim\u0105si;<\/li>\n<li>turi odos l\u0105steles jauninan\u010di\u0173 savybi\u0173, kas s\u0105lygoj\u0105 greitesn\u012f sveik\u0173 plauk\u0173 augim\u0105;<\/li>\n<li>glotnina, tiesina ir suteikia gra\u017eiai krentan\u010dio kailio i\u0161vaizd\u0105;<\/li>\n<\/ul>\n<p><u>Naudojimas:<\/u><\/p>\n<p>Galima naudoti ant saus\u0173 ir \u0161lapi\u0173 plauk\u0173. Rekomenduojama purk\u0161ti po i\u0161maudymo ant \u0161lapio kailio, prie\u0161 plauk\u0173 d\u017eiovinim\u0105 arba prie\u0161 plauk\u0173 lyginim\u0105 \u017enypl\u0117mis. Taip pat naudojamas kasdieniam saus\u0173 plauk\u0173 per\u0161ukavimui ir s\u0105v\u0117l\u0173 i\u0161\u0161ukavimui.<\/p>\n","protected":false},"excerpt":{"rendered":"<p>naudojamas kaip kondicionierius kasdienei kailio prie\u017ei\u016brai (kailio \u0161ukavimui, paplo\u010di\u0173 perri\u0161imui ir t.t.), nepa\u017eeid\u017eia plauko ir padeda i\u0161saugoti puiki\u0105 kailio b\u016bkl\u0119 tarp parod\u0173 ar ruo\u0161iant parodai; apsaugo plaukus ir od\u0105 nuo \u017ealingo aplinkos poveikio, ypa\u010d kar\u0161tos temperat\u016bros fenuojant, atstato pa\u017eeistas plauk\u0173 ir odos vietas, stabdo plauk\u0173 v\u0117lim\u0105si; turi odos l\u0105steles jauninan\u010di\u0173 savybi\u0173, kas s\u0105lygoj\u0105 greitesn\u012f sveik\u0173 [&hellip;]<\/p>\n","protected":false},"featured_media":628,"template":"","meta":[],"product_brand":[],"product_cat":[31,59],"product_tag":[],"class_list":{"0":"post-313","1":"product","2":"type-product","3":"status-publish","4":"has-post-thumbnail","6":"product_cat-pure-paws-purskalai","7":"product_cat-reconstructing-linija","9":"first","10":"outofstock","11":"taxable","12":"shipping-taxable","13":"purchasable","14":"product-type-variable","15":"has-default-attributes"},"jetpack_sharing_enabled":true,"_links":{"self":[{"href":"https:\/\/rasarta.lt\/index.php?rest_route=\/wp\/v2\/product\/313","targetHints":{"allow":["GET"]}}],"collection":[{"href":"https:\/\/rasarta.lt\/index.php?rest_route=\/wp\/v2\/product"}],"about":[{"href":"https:\/\/rasarta.lt\/index.php?rest_route=\/wp\/v2\/types\/product"}],"wp:featuredmedia":[{"embeddable":true,"href":"https:\/\/rasarta.lt\/index.php?rest_route=\/wp\/v2\/media\/628"}],"wp:attachment":[{"href":"https:\/\/rasarta.lt\/index.php?rest_route=%2Fwp%2Fv2%2Fmedia&parent=313"}],"wp:term":[{"taxonomy":"product_brand","embeddable":true,"href":"https:\/\/rasarta.lt\/index.php?rest_route=%2Fwp%2Fv2%2Fproduct_brand&post=313"},{"taxonomy":"product_cat","embeddable":true,"href":"https:\/\/rasarta.lt\/index.php?rest_route=%2Fwp%2Fv2%2Fproduct_cat&post=313"},{"taxonomy":"product_tag","embeddable":true,"href":"https:\/\/rasarta.lt\/index.php?rest_route=%2Fwp%2Fv2%2Fproduct_tag&post=313"}],"curies":[{"name":"wp","href":"https:\/\/api.w.org\/{rel}","templated":true}]}}