{"id":294,"date":"2021-02-02T08:13:40","date_gmt":"2021-02-02T08:13:40","guid":{"rendered":"http:\/\/rasarta.lt\/?post_type=product&#038;p=294"},"modified":"2021-09-27T11:52:57","modified_gmt":"2021-09-27T09:52:57","slug":"pure-paws-h2o-kondicionierius","status":"publish","type":"product","link":"https:\/\/rasarta.lt\/?product=pure-paws-h2o-kondicionierius","title":{"rendered":"Pure Paws H2O kondicionierius"},"content":{"rendered":"<p><u>Unikali sud\u0117tis:<\/u><\/p>\n<ul>\n<li>Pasifloros ekstraktas \u2013 maitina, jaunina, \u012ftakoja sveik\u0173 ir stipri\u0173 plauk\u0173 augim\u0105, ilgam palieka \u0161veln\u0173 ir malon\u0173 aromat\u0105;<\/li>\n<li>Avi\u017e\u0173 aliejus ir vit E \u2013 stimuliuoja stipri\u0173 plauk\u0173 augim\u0105, suteikia \u017evilgesio;<\/li>\n<li>Bisabololis &#8211; gydo od\u0105, raminamuoju poveikiu pasi\u017eymintis ingredientas. Didina organizmo atsparum\u0105 bakterijoms, grybeliams. Antiu\u017edegimin\u0117 ir regeneruojanti med\u017eiaga, viena i\u0161 pagrindini\u0173 Gydomosios ramun\u0117l\u0117s ekstrakto komponent\u0173;<\/li>\n<li>Pantenolis (vit. B5) \u2013 maitina, dr\u0117kina ir gydo pa\u017eeist\u0105 od\u0105;<\/li>\n<\/ul>\n<p><u>Naudojimas:<\/u><\/p>\n<p>Naudojamas, priklausomai nuo rekomendacij\u0173 atskiroms veisl\u0117ms, po maudymo\u00a0<i>Factor Zero Shampoo<\/i>\u00a0ir\u00a0<i>H2O Shampoo<\/i>\u00a0ruo\u0161iant \u0161uniuk\u0105 parodai ir tarp parodiniu laikotarpiu. Gali b\u016bti naudojamas net ir kasdien, jei tam yra poreikis. Siekiant geriausio efekto rekomenduojama naudoti kartu su kitais \u0161ios linijos produktais \u2013\u00a0<i>H2O shampoo<\/i>\u00a0ir\u00a0<i>H2O Mist spray<\/i>.<\/p>\n<ul>\n<li>giliai maitinantis ir ypatingai dr\u0117kinantis kondicionierius;<\/li>\n<li>gal\u0117sit pamir\u0161ti silpn\u0105 ir negyvybing\u0105 kail\u012f;<\/li>\n<li>reguliaria naudojant, sausas ir nu\u0161iur\u0119s kailis v\u0117l taps stiprus ir dr\u0117gnas, d\u0117ka nat\u016brali\u0173 riebal\u0173, \u012feinan\u010di\u0173 \u012f kondicionieriaus sud\u0117t\u012f;<\/li>\n<li>\u0161io kondicionieriaus reguliaraus naudojimo rezultatas \u2013 turtingas ir labai sveikas kailis;<\/li>\n<li>\u0161ilkiniai ir blizgantys, mink\u0161ti plaukai;<\/li>\n<li>koncentratas, skied\u017eiamas santykiu 1:10 ir net daugiau;<\/li>\n<\/ul>\n","protected":false},"excerpt":{"rendered":"<p>Unikali sud\u0117tis: Pasifloros ekstraktas \u2013 maitina, jaunina, \u012ftakoja sveik\u0173 ir stipri\u0173 plauk\u0173 augim\u0105, ilgam palieka \u0161veln\u0173 ir malon\u0173 aromat\u0105; Avi\u017e\u0173 aliejus ir vit E \u2013 stimuliuoja stipri\u0173 plauk\u0173 augim\u0105, suteikia \u017evilgesio; Bisabololis &#8211; gydo od\u0105, raminamuoju poveikiu pasi\u017eymintis ingredientas. Didina organizmo atsparum\u0105 bakterijoms, grybeliams. Antiu\u017edegimin\u0117 ir regeneruojanti med\u017eiaga, viena i\u0161 pagrindini\u0173 Gydomosios ramun\u0117l\u0117s ekstrakto komponent\u0173; [&hellip;]<\/p>\n","protected":false},"featured_media":613,"template":"","meta":[],"product_brand":[],"product_cat":[54,30],"product_tag":[],"class_list":{"0":"post-294","1":"product","2":"type-product","3":"status-publish","4":"has-post-thumbnail","6":"product_cat-h2o-linija","7":"product_cat-pure-paws-kondicionieriai","9":"first","10":"outofstock","11":"taxable","12":"shipping-taxable","13":"purchasable","14":"product-type-variable","15":"has-default-attributes"},"jetpack_sharing_enabled":true,"_links":{"self":[{"href":"https:\/\/rasarta.lt\/index.php?rest_route=\/wp\/v2\/product\/294","targetHints":{"allow":["GET"]}}],"collection":[{"href":"https:\/\/rasarta.lt\/index.php?rest_route=\/wp\/v2\/product"}],"about":[{"href":"https:\/\/rasarta.lt\/index.php?rest_route=\/wp\/v2\/types\/product"}],"wp:featuredmedia":[{"embeddable":true,"href":"https:\/\/rasarta.lt\/index.php?rest_route=\/wp\/v2\/media\/613"}],"wp:attachment":[{"href":"https:\/\/rasarta.lt\/index.php?rest_route=%2Fwp%2Fv2%2Fmedia&parent=294"}],"wp:term":[{"taxonomy":"product_brand","embeddable":true,"href":"https:\/\/rasarta.lt\/index.php?rest_route=%2Fwp%2Fv2%2Fproduct_brand&post=294"},{"taxonomy":"product_cat","embeddable":true,"href":"https:\/\/rasarta.lt\/index.php?rest_route=%2Fwp%2Fv2%2Fproduct_cat&post=294"},{"taxonomy":"product_tag","embeddable":true,"href":"https:\/\/rasarta.lt\/index.php?rest_route=%2Fwp%2Fv2%2Fproduct_tag&post=294"}],"curies":[{"name":"wp","href":"https:\/\/api.w.org\/{rel}","templated":true}]}}