{"id":291,"date":"2021-02-02T08:10:40","date_gmt":"2021-02-02T08:10:40","guid":{"rendered":"http:\/\/rasarta.lt\/?post_type=product&#038;p=291"},"modified":"2021-12-11T18:50:44","modified_gmt":"2021-12-11T16:50:44","slug":"pure-paws-h2o-sampunas","status":"publish","type":"product","link":"https:\/\/rasarta.lt\/?product=pure-paws-h2o-sampunas","title":{"rendered":"Pure Paws H2O \u0161amp\u016bnas"},"content":{"rendered":"<p><u>Unikali sud\u0117tis:<\/u><\/p>\n<ul>\n<li>Pasifloros ekstraktas &#8211; maitina, jaunina, \u012ftakoja sveik\u0173 ir stipri\u0173 plauk\u0173 augim\u0105, ilgam palieka \u0161veln\u0173 ir malon\u0173 aromat\u0105;<\/li>\n<li>Kokoso aliejus &#8211; nat\u016bralus, dr\u0117kinantis gamtos komponentas, turtingas proteinais ir kitais maitinan\u010diais produktais, kurie stiprina plauk\u0173 \u0161aknis, stabdo plauk\u0173 l\u016b\u017ein\u0117jim\u0105;<\/li>\n<li>Alavijo ekstraktas &#8211; gydo od\u0105, atstato nat\u016bral\u0173 plauk\u0173 blizges\u012f, regeneruoja plauk\u0173 l\u0105steles ir stimuliuoja sveik\u0173, stipri\u0173 plauk\u0173 augim\u0105;<\/li>\n<\/ul>\n<p><u>Naudojimas:<\/u><\/p>\n<p>Naudojamas gali b\u016bti kaip antras \u0161amp\u016bnas, priklausomai nuo rekomendacij\u0173 atskiroms veisl\u0117ms, po maudymo\u00a0<i>Ultra Brightening Shampoo<\/i>\u00a0arba\u00a0<i>Factor Zero Shampoo<\/i>, ruo\u0161iant \u0161uniuk\u0105 parodai arba kaip pagrindinis \u0161amp\u016bnas tarp parodiniu laikotarpiu. Gali b\u016bti naudojamas net ir kasdien, jei tam yra poreikis. Siekiant geriausio efekto rekomenduojama naudoti kartu su kitais \u0161ios linijos produktais \u2013\u00a0<i>H2O conditioner<\/i>\u00a0ir\u00a0<i>H2O Mist spray<\/i>.<\/p>\n<ul>\n<li>giliai maitinantis ir ypatingai dr\u0117kinantis \u0161amp\u016bnas;<\/li>\n<li>rekomenduojamas intensyviai sausos odos ir sauso kailio prie\u017ei\u016brai;<\/li>\n<li>reguliariai naudojant, sausas ir nu\u0161iur\u0119s kailis v\u0117l taps stiprus ir dr\u0117gnas, d\u0117ka nat\u016brali\u0173 produkt\u0173 , \u012feinan\u010di\u0173 \u012f \u0161amp\u016bno sud\u0117t\u012f;<\/li>\n<li>\u0161amp\u016bno reguliaraus naudojimo rezultatas \u2013 turtingas ir labai sveikas kailis;<\/li>\n<li>turi puiki\u0173 valan\u010di\u0173 savybi\u0173. Kailis lieka i\u0161ties \u0161varus ir \u017evilgantis;<\/li>\n<li>gerina plauk\u0173 elastingum\u0105 ir apsaugo juos nuo i\u0161saus\u0117jimo ir L\u016b\u017ein\u0117jimo;<\/li>\n<li>koncentratas, skied\u017eiamas santykiu 1:10;<\/li>\n<\/ul>\n","protected":false},"excerpt":{"rendered":"<p>Unikali sud\u0117tis: Pasifloros ekstraktas &#8211; maitina, jaunina, \u012ftakoja sveik\u0173 ir stipri\u0173 plauk\u0173 augim\u0105, ilgam palieka \u0161veln\u0173 ir malon\u0173 aromat\u0105; Kokoso aliejus &#8211; nat\u016bralus, dr\u0117kinantis gamtos komponentas, turtingas proteinais ir kitais maitinan\u010diais produktais, kurie stiprina plauk\u0173 \u0161aknis, stabdo plauk\u0173 l\u016b\u017ein\u0117jim\u0105; Alavijo ekstraktas &#8211; gydo od\u0105, atstato nat\u016bral\u0173 plauk\u0173 blizges\u012f, regeneruoja plauk\u0173 l\u0105steles ir stimuliuoja sveik\u0173, stipri\u0173 [&hellip;]<\/p>\n","protected":false},"featured_media":617,"template":"","meta":[],"product_brand":[],"product_cat":[54,28],"product_tag":[],"class_list":{"0":"post-291","1":"product","2":"type-product","3":"status-publish","4":"has-post-thumbnail","6":"product_cat-h2o-linija","7":"product_cat-sampunai-p","9":"first","10":"outofstock","11":"taxable","12":"shipping-taxable","13":"purchasable","14":"product-type-variable","15":"has-default-attributes"},"jetpack_sharing_enabled":true,"_links":{"self":[{"href":"https:\/\/rasarta.lt\/index.php?rest_route=\/wp\/v2\/product\/291","targetHints":{"allow":["GET"]}}],"collection":[{"href":"https:\/\/rasarta.lt\/index.php?rest_route=\/wp\/v2\/product"}],"about":[{"href":"https:\/\/rasarta.lt\/index.php?rest_route=\/wp\/v2\/types\/product"}],"wp:featuredmedia":[{"embeddable":true,"href":"https:\/\/rasarta.lt\/index.php?rest_route=\/wp\/v2\/media\/617"}],"wp:attachment":[{"href":"https:\/\/rasarta.lt\/index.php?rest_route=%2Fwp%2Fv2%2Fmedia&parent=291"}],"wp:term":[{"taxonomy":"product_brand","embeddable":true,"href":"https:\/\/rasarta.lt\/index.php?rest_route=%2Fwp%2Fv2%2Fproduct_brand&post=291"},{"taxonomy":"product_cat","embeddable":true,"href":"https:\/\/rasarta.lt\/index.php?rest_route=%2Fwp%2Fv2%2Fproduct_cat&post=291"},{"taxonomy":"product_tag","embeddable":true,"href":"https:\/\/rasarta.lt\/index.php?rest_route=%2Fwp%2Fv2%2Fproduct_tag&post=291"}],"curies":[{"name":"wp","href":"https:\/\/api.w.org\/{rel}","templated":true}]}}