{"id":288,"date":"2021-02-02T08:03:08","date_gmt":"2021-02-02T08:03:08","guid":{"rendered":"http:\/\/rasarta.lt\/?post_type=product&#038;p=288"},"modified":"2022-08-22T21:51:23","modified_gmt":"2022-08-22T19:51:23","slug":"pure-paws-oatmeal-aloe-vera-sprejus","status":"publish","type":"product","link":"https:\/\/rasarta.lt\/?product=pure-paws-oatmeal-aloe-vera-sprejus","title":{"rendered":"Pure Paws Oatmeal &#038; Aloe Vera pur\u0161kalas"},"content":{"rendered":"<ul>\n<li>pur\u0161kiklis, skirtas kasdieniai kailio prie\u017ei\u016brai, pagamintas i\u0161 nat\u016brali\u0173 Alavijo ir avi\u017e\u0173 ekstrakto;<\/li>\n<li>rekomenduojamas ypa\u010d jautriai, sausai ar sudirgintai, nuolat pleiskanojan\u010diai ir alergi\u0161kai odai;<\/li>\n<li>avi\u017e\u0173 ekstraktas ypatingai vertinamas d\u0117l gebos i\u0161saugoti reikiam\u0105 dr\u0117gm\u0117s lyg\u012f ir savyb\u0117s stabdan\u010di os plauk\u0173 v\u0117lim\u0105si. Sudirgint\u0105 alergi\u0161k\u0105 od\u0105 atstato \u012f normali\u0105 b\u016bsen\u0105. Tod\u0117l ypa\u010d tinka alergi\u0161kiems gyv\u016bnams;<\/li>\n<li>alavij\u0173 ekstraktas i\u0161laiko storus ir stiprius plaukus. Plaukai tampa mink\u0161ti ir blizgantys;<\/li>\n<li>sud\u0117tyje esantis vit.B12 ir vit.E atnaujina ir apsaugo od\u0105, stimuliuoja sveik\u0173 plauk\u0173 augim\u0105;<\/li>\n<li>suteikia plaukams \u0161veln\u0173 malon\u0173 aromat\u0105 ir \u0161vie\u017eum\u0105;<\/li>\n<\/ul>\n<p><u>Naudojimas:<\/u><\/p>\n<p>Puikiai pritaikytas kasdieniai kailio prie\u017ei\u016brai. Prie\u0161 \u0161ukuojant reikt\u0173 kailiuk\u0105 lengvai i\u0161purk\u0161ti. Apsaugo nuo plauk\u0173 l\u016b\u017ein\u0117jimo, v\u0117limosi ir ramina sudirgint\u0105 od\u0105. Puikiai dr\u0117kina plaukus, tod\u0117l ypatingai rekomenduojamas papilot\u0117se laikom\u0173 plauk\u0173 perri\u0161imui.<\/p>\n<p>Kailiukas visada maloniai kvep\u0117s.<\/p>\n","protected":false},"excerpt":{"rendered":"<p>pur\u0161kiklis, skirtas kasdieniai kailio prie\u017ei\u016brai, pagamintas i\u0161 nat\u016brali\u0173 Alavijo ir avi\u017e\u0173 ekstrakto; rekomenduojamas ypa\u010d jautriai, sausai ar sudirgintai, nuolat pleiskanojan\u010diai ir alergi\u0161kai odai; avi\u017e\u0173 ekstraktas ypatingai vertinamas d\u0117l gebos i\u0161saugoti reikiam\u0105 dr\u0117gm\u0117s lyg\u012f ir savyb\u0117s stabdan\u010di os plauk\u0173 v\u0117lim\u0105si. Sudirgint\u0105 alergi\u0161k\u0105 od\u0105 atstato \u012f normali\u0105 b\u016bsen\u0105. Tod\u0117l ypa\u010d tinka alergi\u0161kiems gyv\u016bnams; alavij\u0173 ekstraktas i\u0161laiko storus [&hellip;]<\/p>\n","protected":false},"featured_media":584,"template":"","meta":[],"product_brand":[],"product_cat":[55,31],"product_tag":[],"class_list":{"0":"post-288","1":"product","2":"type-product","3":"status-publish","4":"has-post-thumbnail","6":"product_cat-oatmeal-aloe-vera-linija","7":"product_cat-pure-paws-purskalai","9":"first","10":"outofstock","11":"taxable","12":"shipping-taxable","13":"purchasable","14":"product-type-variable","15":"has-default-attributes"},"jetpack_sharing_enabled":true,"_links":{"self":[{"href":"https:\/\/rasarta.lt\/index.php?rest_route=\/wp\/v2\/product\/288","targetHints":{"allow":["GET"]}}],"collection":[{"href":"https:\/\/rasarta.lt\/index.php?rest_route=\/wp\/v2\/product"}],"about":[{"href":"https:\/\/rasarta.lt\/index.php?rest_route=\/wp\/v2\/types\/product"}],"wp:featuredmedia":[{"embeddable":true,"href":"https:\/\/rasarta.lt\/index.php?rest_route=\/wp\/v2\/media\/584"}],"wp:attachment":[{"href":"https:\/\/rasarta.lt\/index.php?rest_route=%2Fwp%2Fv2%2Fmedia&parent=288"}],"wp:term":[{"taxonomy":"product_brand","embeddable":true,"href":"https:\/\/rasarta.lt\/index.php?rest_route=%2Fwp%2Fv2%2Fproduct_brand&post=288"},{"taxonomy":"product_cat","embeddable":true,"href":"https:\/\/rasarta.lt\/index.php?rest_route=%2Fwp%2Fv2%2Fproduct_cat&post=288"},{"taxonomy":"product_tag","embeddable":true,"href":"https:\/\/rasarta.lt\/index.php?rest_route=%2Fwp%2Fv2%2Fproduct_tag&post=288"}],"curies":[{"name":"wp","href":"https:\/\/api.w.org\/{rel}","templated":true}]}}