{"id":285,"date":"2021-02-02T07:57:18","date_gmt":"2021-02-02T07:57:18","guid":{"rendered":"http:\/\/rasarta.lt\/?post_type=product&#038;p=285"},"modified":"2022-10-16T20:05:50","modified_gmt":"2022-10-16T18:05:50","slug":"pure-paws-oatmeal-aloe-vera-kondicionierius","status":"publish","type":"product","link":"https:\/\/rasarta.lt\/?product=pure-paws-oatmeal-aloe-vera-kondicionierius","title":{"rendered":"Pure Paws Oatmeal &#038; Aloe Vera kondicionierius"},"content":{"rendered":"<ul>\n<li>kondicionierius, pagamintas i\u0161 nat\u016brali\u0173 Alavijo ir avi\u017e\u0173 ekstrakto;<\/li>\n<li>rekomenduojamas ypa\u010d jautriai, sausai ar sudirgintai, nuolat pleiskanojan\u010diai ir alergi\u0161kai odai;<\/li>\n<li>avi\u017e\u0173 ekstraktas ypatingai vertinamas d\u0117l gebos i\u0161saugoti reikiam\u0105 dr\u0117gm\u0117s lyg\u012f ir savyb\u0117s stabdan\u010dios plauk\u0173 v\u0117lim\u0105si. Sudirgint\u0105 alergi\u0161k\u0105 od\u0105 atstato \u012f normali\u0105 b\u016bsen\u0105. Tod\u0117l ypa\u010d tinka alergi\u0161kiems gyv\u016bnams;<\/li>\n<li>Alavij\u0173 ekstraktas i\u0161laiko storus ir stiprius plaukus. Plaukai tampa mink\u0161ti ir blizgantys;<\/li>\n<li>sud\u0117tyje esantis vit.B12 ir vit.E atnaujina ir apsaugo od\u0105, stimuliuoja sveik\u0173 plauk\u0173 augim\u0105;<\/li>\n<\/ul>\n<p><u>Naudojimas:<\/u><\/p>\n<p>Gali b\u016bti naudojamas kaip pagrindinis kondicionierius po maudymo Pure Paws firmos \u0161amp\u016bnais, priklausomai nuo rekomendacij\u0173 atskiroms veisl\u0117ms. Gali b\u016bti naudojamas net ir kasdien, jei \u0161uniuk\u0105 maudyti yra poreikis. Labai gerai apsaugo nuo plauk\u0173 v\u0117limosi, ypa\u010d jei prie\u0161 tai buvo maudoma su Oatmeal &amp; Aloe Vera Shampoo. Kondicionierius yra neskied\u017eiamas, ta\u010diau labai gerai pasiskirstantis tarp plauk\u0173 ir ekonomi\u0161kas.<\/p>\n","protected":false},"excerpt":{"rendered":"<p>kondicionierius, pagamintas i\u0161 nat\u016brali\u0173 Alavijo ir avi\u017e\u0173 ekstrakto; rekomenduojamas ypa\u010d jautriai, sausai ar sudirgintai, nuolat pleiskanojan\u010diai ir alergi\u0161kai odai; avi\u017e\u0173 ekstraktas ypatingai vertinamas d\u0117l gebos i\u0161saugoti reikiam\u0105 dr\u0117gm\u0117s lyg\u012f ir savyb\u0117s stabdan\u010dios plauk\u0173 v\u0117lim\u0105si. Sudirgint\u0105 alergi\u0161k\u0105 od\u0105 atstato \u012f normali\u0105 b\u016bsen\u0105. Tod\u0117l ypa\u010d tinka alergi\u0161kiems gyv\u016bnams; Alavij\u0173 ekstraktas i\u0161laiko storus ir stiprius plaukus. Plaukai tampa [&hellip;]<\/p>\n","protected":false},"featured_media":581,"template":"","meta":[],"product_brand":[],"product_cat":[55,30],"product_tag":[],"class_list":{"0":"post-285","1":"product","2":"type-product","3":"status-publish","4":"has-post-thumbnail","6":"product_cat-oatmeal-aloe-vera-linija","7":"product_cat-pure-paws-kondicionieriai","9":"first","10":"outofstock","11":"taxable","12":"shipping-taxable","13":"purchasable","14":"product-type-variable","15":"has-default-attributes"},"jetpack_sharing_enabled":true,"_links":{"self":[{"href":"https:\/\/rasarta.lt\/index.php?rest_route=\/wp\/v2\/product\/285","targetHints":{"allow":["GET"]}}],"collection":[{"href":"https:\/\/rasarta.lt\/index.php?rest_route=\/wp\/v2\/product"}],"about":[{"href":"https:\/\/rasarta.lt\/index.php?rest_route=\/wp\/v2\/types\/product"}],"wp:featuredmedia":[{"embeddable":true,"href":"https:\/\/rasarta.lt\/index.php?rest_route=\/wp\/v2\/media\/581"}],"wp:attachment":[{"href":"https:\/\/rasarta.lt\/index.php?rest_route=%2Fwp%2Fv2%2Fmedia&parent=285"}],"wp:term":[{"taxonomy":"product_brand","embeddable":true,"href":"https:\/\/rasarta.lt\/index.php?rest_route=%2Fwp%2Fv2%2Fproduct_brand&post=285"},{"taxonomy":"product_cat","embeddable":true,"href":"https:\/\/rasarta.lt\/index.php?rest_route=%2Fwp%2Fv2%2Fproduct_cat&post=285"},{"taxonomy":"product_tag","embeddable":true,"href":"https:\/\/rasarta.lt\/index.php?rest_route=%2Fwp%2Fv2%2Fproduct_tag&post=285"}],"curies":[{"name":"wp","href":"https:\/\/api.w.org\/{rel}","templated":true}]}}