{"id":277,"date":"2021-02-01T19:34:43","date_gmt":"2021-02-01T19:34:43","guid":{"rendered":"http:\/\/rasarta.lt\/?post_type=product&#038;p=277"},"modified":"2022-10-01T09:57:32","modified_gmt":"2022-10-01T07:57:32","slug":"pure-paws-oatmeal-aloe-vera-sampunas","status":"publish","type":"product","link":"https:\/\/rasarta.lt\/?product=pure-paws-oatmeal-aloe-vera-sampunas","title":{"rendered":"Pure Paws Oatmeal &#038; Aloe Vera \u0161amp\u016bnas"},"content":{"rendered":"<ul>\n<li>\u0161amp\u016bnas pagamintas i\u0161 nat\u016brali\u0173 Alavijo ir avi\u017e\u0173 ekstrakt\u0173;<\/li>\n<li>rekomenduojamas ypa\u010d jautriai, sausai ar sudirgintai, nuolat pleiskanojan\u010diai ir alergi\u0161kai odai;<\/li>\n<li>avi\u017e\u0173 ekstraktas ypatingai vertinamas d\u0117l gebos i\u0161saugoti reikiam\u0105 dr\u0117gm\u0117s lyg\u012f ir savyb\u0117s stabdan\u010dios plauk\u0173 v\u0117lim\u0105si. Sudirgint\u0105 alergi\u0161k\u0105 od\u0105 atstato \u012f normali\u0105 b\u016bsen\u0105. Tod\u0117l ypa\u010d tinka alergi\u0161kiems gyv\u016bnams;<\/li>\n<li>alavij\u0173 ekstraktas i\u0161laiko storus ir stiprius plaukus. Plaukai tampa mink\u0161ti ir blizgantys;<\/li>\n<li>sud\u0117tyje esantis vit.B12 ir vit.E atnaujina ir apsaugo od\u0105, stimuliuoja sveik\u0173 plauk\u0173 augim\u0105;<\/li>\n<\/ul>\n<p><u>Naudojimas:<\/u><\/p>\n<p>Naudojamas gali b\u016bti kaip antras \u0161amp\u016bnas, priklausomai nuo rekomendacij\u0173 atskiroms veisl\u0117ms, po maudymo Ultra Brightening Shampoo arba Ultra Reconstructing Shampoo, ruo\u0161iant \u0161uniuk\u0105 parodai arba kaip pagrindinis \u0161amp\u016bnas tarp parodiniu laikotarpiu. Gali b\u016bti naudojamas net ir kasdien, jei tam yra poreikis. Labai gerai apsaugo nuo plauk\u0173 v\u0117limosi, ypa\u010d jei naudojamas po \u0161amp\u016bno dar ir kondicionierius (Oatmeal &amp; Aloe Vera Conditioner). \u0160amp\u016bnas yra neskied\u017eiamas, ta\u010diau labai gerai putojantis ir ekonomi\u0161kas.<\/p>\n","protected":false},"excerpt":{"rendered":"<p>\u0161amp\u016bnas pagamintas i\u0161 nat\u016brali\u0173 Alavijo ir avi\u017e\u0173 ekstrakt\u0173; rekomenduojamas ypa\u010d jautriai, sausai ar sudirgintai, nuolat pleiskanojan\u010diai ir alergi\u0161kai odai; avi\u017e\u0173 ekstraktas ypatingai vertinamas d\u0117l gebos i\u0161saugoti reikiam\u0105 dr\u0117gm\u0117s lyg\u012f ir savyb\u0117s stabdan\u010dios plauk\u0173 v\u0117lim\u0105si. Sudirgint\u0105 alergi\u0161k\u0105 od\u0105 atstato \u012f normali\u0105 b\u016bsen\u0105. Tod\u0117l ypa\u010d tinka alergi\u0161kiems gyv\u016bnams; alavij\u0173 ekstraktas i\u0161laiko storus ir stiprius plaukus. Plaukai tampa [&hellip;]<\/p>\n","protected":false},"featured_media":585,"template":"","meta":[],"product_brand":[],"product_cat":[55,28],"product_tag":[],"class_list":{"0":"post-277","1":"product","2":"type-product","3":"status-publish","4":"has-post-thumbnail","6":"product_cat-oatmeal-aloe-vera-linija","7":"product_cat-sampunai-p","9":"first","10":"outofstock","11":"taxable","12":"shipping-taxable","13":"purchasable","14":"product-type-variable","15":"has-default-attributes"},"jetpack_sharing_enabled":true,"_links":{"self":[{"href":"https:\/\/rasarta.lt\/index.php?rest_route=\/wp\/v2\/product\/277","targetHints":{"allow":["GET"]}}],"collection":[{"href":"https:\/\/rasarta.lt\/index.php?rest_route=\/wp\/v2\/product"}],"about":[{"href":"https:\/\/rasarta.lt\/index.php?rest_route=\/wp\/v2\/types\/product"}],"wp:featuredmedia":[{"embeddable":true,"href":"https:\/\/rasarta.lt\/index.php?rest_route=\/wp\/v2\/media\/585"}],"wp:attachment":[{"href":"https:\/\/rasarta.lt\/index.php?rest_route=%2Fwp%2Fv2%2Fmedia&parent=277"}],"wp:term":[{"taxonomy":"product_brand","embeddable":true,"href":"https:\/\/rasarta.lt\/index.php?rest_route=%2Fwp%2Fv2%2Fproduct_brand&post=277"},{"taxonomy":"product_cat","embeddable":true,"href":"https:\/\/rasarta.lt\/index.php?rest_route=%2Fwp%2Fv2%2Fproduct_cat&post=277"},{"taxonomy":"product_tag","embeddable":true,"href":"https:\/\/rasarta.lt\/index.php?rest_route=%2Fwp%2Fv2%2Fproduct_tag&post=277"}],"curies":[{"name":"wp","href":"https:\/\/api.w.org\/{rel}","templated":true}]}}