{"id":274,"date":"2021-02-01T19:31:39","date_gmt":"2021-02-01T19:31:39","guid":{"rendered":"http:\/\/rasarta.lt\/?post_type=product&#038;p=274"},"modified":"2022-04-19T20:29:42","modified_gmt":"2022-04-19T18:29:42","slug":"pure-paws-silky-soft-sampunas","status":"publish","type":"product","link":"https:\/\/rasarta.lt\/?product=pure-paws-silky-soft-sampunas","title":{"rendered":"Pure Paws Silky Soft \u0161amp\u016bnas"},"content":{"rendered":"<ul>\n<li>Organinis 100% nat\u016bralus \u0161ilko \u0161amp\u016bnas su j\u016bros ir orchid\u0117j\u0173 ekstraktais;<\/li>\n<li>Visi\u0161kai nat\u016bralus, sud\u0117tyje neturintis SLS, SLES, paraben\u0173, sulfat\u0173, sintetini\u0173 med\u017eiag\u0173 ir da\u017eikli\u0173;<\/li>\n<li>Kailiui tampa \u0161ilkinis ir blizgantis, lengvina \u0161ukavim\u0105, skatina sveiko plauko augim\u0105;<\/li>\n<li>J\u016bros ekstraktai, esantys sud\u0117tyje stabdo plauk\u0173 l\u016b\u017ein\u0117jim\u0105. Orchid\u0117j\u0173 ekstraktas ypatingai maitina kail\u012f ir apsaugo nuo laisv\u0173 radikal\u0173;<\/li>\n<li>Reguliariai naudojant kailis nesivelia, b\u016bna lygus ir \u0161ilkinis. Puikiai tinka \u0161uniukams;<\/li>\n<\/ul>\n<p><u>Naudojimas:<\/u><\/p>\n<p>Skied\u017eiamas 1:10. \u012emasa\u017euoti \u012f dr\u0117gnus plaukus. Nuplauti. Siekiant maksimalaus efekto galima pakartoti. Naudojamas su bet kuriais kitais Pure Paws linij\u0173 produktais.<\/p>\n","protected":false},"excerpt":{"rendered":"<p>Organinis 100% nat\u016bralus \u0161ilko \u0161amp\u016bnas su j\u016bros ir orchid\u0117j\u0173 ekstraktais; Visi\u0161kai nat\u016bralus, sud\u0117tyje neturintis SLS, SLES, paraben\u0173, sulfat\u0173, sintetini\u0173 med\u017eiag\u0173 ir da\u017eikli\u0173; Kailiui tampa \u0161ilkinis ir blizgantis, lengvina \u0161ukavim\u0105, skatina sveiko plauko augim\u0105; J\u016bros ekstraktai, esantys sud\u0117tyje stabdo plauk\u0173 l\u016b\u017ein\u0117jim\u0105. Orchid\u0117j\u0173 ekstraktas ypatingai maitina kail\u012f ir apsaugo nuo laisv\u0173 radikal\u0173; Reguliariai naudojant kailis nesivelia, b\u016bna [&hellip;]<\/p>\n","protected":false},"featured_media":639,"template":"","meta":[],"product_brand":[],"product_cat":[28],"product_tag":[],"class_list":{"0":"post-274","1":"product","2":"type-product","3":"status-publish","4":"has-post-thumbnail","6":"product_cat-sampunai-p","8":"first","9":"outofstock","10":"taxable","11":"shipping-taxable","12":"purchasable","13":"product-type-variable","14":"has-default-attributes"},"jetpack_sharing_enabled":true,"_links":{"self":[{"href":"https:\/\/rasarta.lt\/index.php?rest_route=\/wp\/v2\/product\/274","targetHints":{"allow":["GET"]}}],"collection":[{"href":"https:\/\/rasarta.lt\/index.php?rest_route=\/wp\/v2\/product"}],"about":[{"href":"https:\/\/rasarta.lt\/index.php?rest_route=\/wp\/v2\/types\/product"}],"wp:featuredmedia":[{"embeddable":true,"href":"https:\/\/rasarta.lt\/index.php?rest_route=\/wp\/v2\/media\/639"}],"wp:attachment":[{"href":"https:\/\/rasarta.lt\/index.php?rest_route=%2Fwp%2Fv2%2Fmedia&parent=274"}],"wp:term":[{"taxonomy":"product_brand","embeddable":true,"href":"https:\/\/rasarta.lt\/index.php?rest_route=%2Fwp%2Fv2%2Fproduct_brand&post=274"},{"taxonomy":"product_cat","embeddable":true,"href":"https:\/\/rasarta.lt\/index.php?rest_route=%2Fwp%2Fv2%2Fproduct_cat&post=274"},{"taxonomy":"product_tag","embeddable":true,"href":"https:\/\/rasarta.lt\/index.php?rest_route=%2Fwp%2Fv2%2Fproduct_tag&post=274"}],"curies":[{"name":"wp","href":"https:\/\/api.w.org\/{rel}","templated":true}]}}