{"id":273,"date":"2021-02-01T19:18:44","date_gmt":"2021-02-01T19:18:44","guid":{"rendered":"http:\/\/rasarta.lt\/?post_type=product&#038;p=273"},"modified":"2021-08-01T16:24:26","modified_gmt":"2021-08-01T14:24:26","slug":"pure-paws-brilliance-kondicionierius","status":"publish","type":"product","link":"https:\/\/rasarta.lt\/?product=pure-paws-brilliance-kondicionierius","title":{"rendered":"Pure Paws Brilliance kondicionierius"},"content":{"rendered":"<ul>\n<li>Kondicionierius- blizgesys, sustiprinantis nat\u016bral\u0173 kailio atspalv\u012f, UV apsauga;<\/li>\n<li>Maitina ir dr\u0117kina kail\u012f, tuo pa\u010diu suteikia kailiui blizges\u012f ir itin ry\u0161k\u0173 atspalv\u012f. Visi\u0161kai nepavojingas, bet kurio tipo tipo ir atspalvio kailiui, nes jo neda\u017eo, o tik pary\u0161kina;<\/li>\n<li>Baltam kailiui kondicionierius pabr\u0117\u017eia ry\u0161k\u0173 sniego baltum\u0105, \u0161alina gelsvum\u0105, suteikia blizges\u012f. *Tamsiam ir spalvotam kailiui kondicionierius i\u0161ry\u0161kina kailio atspalv\u012f, priduoda spalvos ry\u0161kum\u0105 ir blizges\u012f;<\/li>\n<li>UV apsauga. Kondicionierius suma\u017eina negatyv\u0173 saul\u0117s spinduli\u0173 poveik\u012f kailiui, veikia kaip UV spinduli\u0173 filtras, apsaugo nuo kailio i\u0161blukimo;<\/li>\n<\/ul>\n<p><u>Naudojimas:<\/u><\/p>\n<p>Skied\u017eiamas 1:10. Palikti ant kailio 2\u20133 min. Nuplauti. Naudoti kartu su bet kuriais Pure Paws linij\u0173 produktais. Idealiai baltas kailis bus naudojant kartu su <i>Bright Whitening shampoo<\/i>.<\/p>\n","protected":false},"excerpt":{"rendered":"<p>Kondicionierius- blizgesys, sustiprinantis nat\u016bral\u0173 kailio atspalv\u012f, UV apsauga; Maitina ir dr\u0117kina kail\u012f, tuo pa\u010diu suteikia kailiui blizges\u012f ir itin ry\u0161k\u0173 atspalv\u012f. Visi\u0161kai nepavojingas, bet kurio tipo tipo ir atspalvio kailiui, nes jo neda\u017eo, o tik pary\u0161kina; Baltam kailiui kondicionierius pabr\u0117\u017eia ry\u0161k\u0173 sniego baltum\u0105, \u0161alina gelsvum\u0105, suteikia blizges\u012f. *Tamsiam ir spalvotam kailiui kondicionierius i\u0161ry\u0161kina kailio atspalv\u012f, [&hellip;]<\/p>\n","protected":false},"featured_media":597,"template":"","meta":[],"product_brand":[],"product_cat":[30,56],"product_tag":[],"class_list":{"0":"post-273","1":"product","2":"type-product","3":"status-publish","4":"has-post-thumbnail","6":"product_cat-pure-paws-kondicionieriai","7":"product_cat-star-linija","9":"first","10":"instock","11":"taxable","12":"shipping-taxable","13":"purchasable","14":"product-type-variable","15":"has-default-attributes"},"jetpack_sharing_enabled":true,"_links":{"self":[{"href":"https:\/\/rasarta.lt\/index.php?rest_route=\/wp\/v2\/product\/273","targetHints":{"allow":["GET"]}}],"collection":[{"href":"https:\/\/rasarta.lt\/index.php?rest_route=\/wp\/v2\/product"}],"about":[{"href":"https:\/\/rasarta.lt\/index.php?rest_route=\/wp\/v2\/types\/product"}],"wp:featuredmedia":[{"embeddable":true,"href":"https:\/\/rasarta.lt\/index.php?rest_route=\/wp\/v2\/media\/597"}],"wp:attachment":[{"href":"https:\/\/rasarta.lt\/index.php?rest_route=%2Fwp%2Fv2%2Fmedia&parent=273"}],"wp:term":[{"taxonomy":"product_brand","embeddable":true,"href":"https:\/\/rasarta.lt\/index.php?rest_route=%2Fwp%2Fv2%2Fproduct_brand&post=273"},{"taxonomy":"product_cat","embeddable":true,"href":"https:\/\/rasarta.lt\/index.php?rest_route=%2Fwp%2Fv2%2Fproduct_cat&post=273"},{"taxonomy":"product_tag","embeddable":true,"href":"https:\/\/rasarta.lt\/index.php?rest_route=%2Fwp%2Fv2%2Fproduct_tag&post=273"}],"curies":[{"name":"wp","href":"https:\/\/api.w.org\/{rel}","templated":true}]}}