{"id":272,"date":"2021-02-01T19:09:13","date_gmt":"2021-02-01T19:09:13","guid":{"rendered":"http:\/\/rasarta.lt\/?post_type=product&#038;p=272"},"modified":"2022-10-10T15:59:26","modified_gmt":"2022-10-10T13:59:26","slug":"pure-paws-silk-cream-kondicionierius-kremas","status":"publish","type":"product","link":"https:\/\/rasarta.lt\/?product=pure-paws-silk-cream-kondicionierius-kremas","title":{"rendered":"Pure Paws Silk Cream kremas-kauk\u0117"},"content":{"rendered":"<ul>\n<li>stiprina plauk\u0105, atstato plauko strukt\u016br\u0105, pad\u0117damas plaukui \u012fsisavinti reikiamus vitaminus ir maistines med\u017eiagas;<\/li>\n<li>labai vertinga ir unikali gydymo priemon\u0117 pa\u017eeistiems ir silpniems plaukams;<\/li>\n<li>suteikia plaukui gyvybingumo, \u0161ilkin\u012f blizges\u012f ir sveik\u0105 i\u0161vaizd\u0105;<\/li>\n<li>tinka vis\u0173 tip\u0173 plaukam, apsaugo nuo l\u016b\u017ein\u0117jimo, giliai \u012fsiskverbia \u012f plauk\u0173 strukt\u016br\u0105, stiprindamas juos;<\/li>\n<li>puikiai tinka plaukams, sukamiems \u012f papilotuos, taip pat ruo\u0161iant kail\u012f parodoms kaip u\u017ebaigiamoji priemon\u0117, kuri nesulipina plauk\u0173;<\/li>\n<\/ul>\n<p><u>Naudojimas:<\/u><\/p>\n<p>Tai universali priemon\u0117, naudojama \u012fvairiais b\u016bdais. Jei paprastai kondicionieriai paliekami ant kailio ma\u017edaug 10 min., tai \u0161is kremas kur kas geriau veikia paliktas ir i\u0161d\u017eiovintas ant kailio. Intensyviai gydant praskieskite krem\u0105 su vandeniu 1:10 ir gerai i\u0161mai\u0161\u0119 i\u0161masa\u017euokite vis\u0105 kail\u012f iki pat odos, i\u0161d\u017eiovinkite nenuplaudami. Krem\u0105 galima u\u017ed\u0117ti ant kailio ir tiesiogiai ant dr\u0117gno kailio.<\/p>\n","protected":false},"excerpt":{"rendered":"<p>stiprina plauk\u0105, atstato plauko strukt\u016br\u0105, pad\u0117damas plaukui \u012fsisavinti reikiamus vitaminus ir maistines med\u017eiagas; labai vertinga ir unikali gydymo priemon\u0117 pa\u017eeistiems ir silpniems plaukams; suteikia plaukui gyvybingumo, \u0161ilkin\u012f blizges\u012f ir sveik\u0105 i\u0161vaizd\u0105; tinka vis\u0173 tip\u0173 plaukam, apsaugo nuo l\u016b\u017ein\u0117jimo, giliai \u012fsiskverbia \u012f plauk\u0173 strukt\u016br\u0105, stiprindamas juos; puikiai tinka plaukams, sukamiems \u012f papilotuos, taip pat ruo\u0161iant kail\u012f [&hellip;]<\/p>\n","protected":false},"featured_media":630,"template":"","meta":[],"product_brand":[],"product_cat":[32,30,51,56],"product_tag":[],"class_list":{"0":"post-272","1":"product","2":"type-product","3":"status-publish","4":"has-post-thumbnail","6":"product_cat-pure-paws-kiti-produktai","7":"product_cat-pure-paws-kondicionieriai","8":"product_cat-silk-basics-linija","9":"product_cat-star-linija","11":"first","12":"instock","13":"taxable","14":"shipping-taxable","15":"purchasable","16":"product-type-variable","17":"has-default-attributes"},"jetpack_sharing_enabled":true,"_links":{"self":[{"href":"https:\/\/rasarta.lt\/index.php?rest_route=\/wp\/v2\/product\/272","targetHints":{"allow":["GET"]}}],"collection":[{"href":"https:\/\/rasarta.lt\/index.php?rest_route=\/wp\/v2\/product"}],"about":[{"href":"https:\/\/rasarta.lt\/index.php?rest_route=\/wp\/v2\/types\/product"}],"wp:featuredmedia":[{"embeddable":true,"href":"https:\/\/rasarta.lt\/index.php?rest_route=\/wp\/v2\/media\/630"}],"wp:attachment":[{"href":"https:\/\/rasarta.lt\/index.php?rest_route=%2Fwp%2Fv2%2Fmedia&parent=272"}],"wp:term":[{"taxonomy":"product_brand","embeddable":true,"href":"https:\/\/rasarta.lt\/index.php?rest_route=%2Fwp%2Fv2%2Fproduct_brand&post=272"},{"taxonomy":"product_cat","embeddable":true,"href":"https:\/\/rasarta.lt\/index.php?rest_route=%2Fwp%2Fv2%2Fproduct_cat&post=272"},{"taxonomy":"product_tag","embeddable":true,"href":"https:\/\/rasarta.lt\/index.php?rest_route=%2Fwp%2Fv2%2Fproduct_tag&post=272"}],"curies":[{"name":"wp","href":"https:\/\/api.w.org\/{rel}","templated":true}]}}