{"id":271,"date":"2021-02-01T19:00:58","date_gmt":"2021-02-01T17:00:58","guid":{"rendered":"http:\/\/rasarta.lt\/?post_type=product&#038;p=271"},"modified":"2022-11-21T16:16:24","modified_gmt":"2022-11-21T14:16:24","slug":"pure-paws-no-rinse-purskalas","status":"publish","type":"product","link":"https:\/\/rasarta.lt\/?product=pure-paws-no-rinse-purskalas","title":{"rendered":"Pure Paws No Rinse pur\u0161kalas"},"content":{"rendered":"<p>&nbsp;<\/p>\n<ul>\n<li>paruo\u0161tas i\u0161karto naudojimui, be specialaus paruo\u0161imo;<\/li>\n<li>sud\u0117tyje n\u0117ra balinan\u010di\u0173 priemoni\u0173 ir alkoholio, tod\u0117l jis nesausina odos ir kailio;<\/li>\n<li>nesulipina plauk\u0173 ir priduoda kailiui apimties;<\/li>\n<li>galima naudoti jauniems \u0161uniukams, norint i\u0161valyti kail\u012f nuo ne\u0161varum\u0173 ir kasdieniam \u0161ukavimui;<\/li>\n<li>idealiai tinka norint atstatyti balt\u0105 kailio spalv\u0105;<\/li>\n<\/ul>\n","protected":false},"excerpt":{"rendered":"<p>&nbsp; paruo\u0161tas i\u0161karto naudojimui, be specialaus paruo\u0161imo; sud\u0117tyje n\u0117ra balinan\u010di\u0173 priemoni\u0173 ir alkoholio, tod\u0117l jis nesausina odos ir kailio; nesulipina plauk\u0173 ir priduoda kailiui apimties; galima naudoti jauniems \u0161uniukams, norint i\u0161valyti kail\u012f nuo ne\u0161varum\u0173 ir kasdieniam \u0161ukavimui; idealiai tinka norint atstatyti balt\u0105 kailio spalv\u0105;<\/p>\n","protected":false},"featured_media":674,"template":"","meta":[],"product_brand":[],"product_cat":[31],"product_tag":[],"class_list":{"0":"post-271","1":"product","2":"type-product","3":"status-publish","4":"has-post-thumbnail","6":"product_cat-pure-paws-purskalai","8":"first","9":"instock","10":"taxable","11":"shipping-taxable","12":"purchasable","13":"product-type-variable","14":"has-default-attributes"},"jetpack_sharing_enabled":true,"_links":{"self":[{"href":"https:\/\/rasarta.lt\/index.php?rest_route=\/wp\/v2\/product\/271","targetHints":{"allow":["GET"]}}],"collection":[{"href":"https:\/\/rasarta.lt\/index.php?rest_route=\/wp\/v2\/product"}],"about":[{"href":"https:\/\/rasarta.lt\/index.php?rest_route=\/wp\/v2\/types\/product"}],"wp:featuredmedia":[{"embeddable":true,"href":"https:\/\/rasarta.lt\/index.php?rest_route=\/wp\/v2\/media\/674"}],"wp:attachment":[{"href":"https:\/\/rasarta.lt\/index.php?rest_route=%2Fwp%2Fv2%2Fmedia&parent=271"}],"wp:term":[{"taxonomy":"product_brand","embeddable":true,"href":"https:\/\/rasarta.lt\/index.php?rest_route=%2Fwp%2Fv2%2Fproduct_brand&post=271"},{"taxonomy":"product_cat","embeddable":true,"href":"https:\/\/rasarta.lt\/index.php?rest_route=%2Fwp%2Fv2%2Fproduct_cat&post=271"},{"taxonomy":"product_tag","embeddable":true,"href":"https:\/\/rasarta.lt\/index.php?rest_route=%2Fwp%2Fv2%2Fproduct_tag&post=271"}],"curies":[{"name":"wp","href":"https:\/\/api.w.org\/{rel}","templated":true}]}}