{"id":238,"date":"2021-02-01T18:51:54","date_gmt":"2021-02-01T18:51:54","guid":{"rendered":"http:\/\/rasarta.lt\/?post_type=product&#038;p=238"},"modified":"2022-08-22T21:52:14","modified_gmt":"2022-08-22T19:52:14","slug":"pure-paws-finishing-show-sprejus","status":"publish","type":"product","link":"https:\/\/rasarta.lt\/?product=pure-paws-finishing-show-sprejus","title":{"rendered":"Pure Paws Finishing Show pur\u0161kalas"},"content":{"rendered":"<ul>\n<li>lengvas aerozolis, sukurtas kailio atgaivinimui nesunkinant jo.<\/li>\n<li>veikia kaip antistatikas, priduoda kailiui &#8220;u\u017ebaigtumo&#8221; vaizd\u0105 ir blizges\u012f.<\/li>\n<li>palaiko kailyje reikiam\u0105 dr\u0117gm\u0119, neriebina ir nesulipina kailio.<\/li>\n<li>naudojamas parod\u0173 metu prie\u0161 pat ring\u0105, prideda apimties ir sunkina &#8220;lengv\u0105&#8221;, i\u0161sidraikius\u012f kail\u012f.<\/li>\n<li>suteikia puik\u0173 aromat\u0105, aplygina plaukus ir naudojamas \u0161ukavimui.<\/li>\n<\/ul>\n","protected":false},"excerpt":{"rendered":"<p>lengvas aerozolis, sukurtas kailio atgaivinimui nesunkinant jo. veikia kaip antistatikas, priduoda kailiui &#8220;u\u017ebaigtumo&#8221; vaizd\u0105 ir blizges\u012f. palaiko kailyje reikiam\u0105 dr\u0117gm\u0119, neriebina ir nesulipina kailio. naudojamas parod\u0173 metu prie\u0161 pat ring\u0105, prideda apimties ir sunkina &#8220;lengv\u0105&#8221;, i\u0161sidraikius\u012f kail\u012f. suteikia puik\u0173 aromat\u0105, aplygina plaukus ir naudojamas \u0161ukavimui.<\/p>\n","protected":false},"featured_media":606,"template":"","meta":[],"product_brand":[],"product_cat":[31,56],"product_tag":[],"class_list":{"0":"post-238","1":"product","2":"type-product","3":"status-publish","4":"has-post-thumbnail","6":"product_cat-pure-paws-purskalai","7":"product_cat-star-linija","9":"first","10":"outofstock","11":"taxable","12":"shipping-taxable","13":"purchasable","14":"product-type-variable","15":"has-default-attributes"},"jetpack_sharing_enabled":true,"_links":{"self":[{"href":"https:\/\/rasarta.lt\/index.php?rest_route=\/wp\/v2\/product\/238","targetHints":{"allow":["GET"]}}],"collection":[{"href":"https:\/\/rasarta.lt\/index.php?rest_route=\/wp\/v2\/product"}],"about":[{"href":"https:\/\/rasarta.lt\/index.php?rest_route=\/wp\/v2\/types\/product"}],"wp:featuredmedia":[{"embeddable":true,"href":"https:\/\/rasarta.lt\/index.php?rest_route=\/wp\/v2\/media\/606"}],"wp:attachment":[{"href":"https:\/\/rasarta.lt\/index.php?rest_route=%2Fwp%2Fv2%2Fmedia&parent=238"}],"wp:term":[{"taxonomy":"product_brand","embeddable":true,"href":"https:\/\/rasarta.lt\/index.php?rest_route=%2Fwp%2Fv2%2Fproduct_brand&post=238"},{"taxonomy":"product_cat","embeddable":true,"href":"https:\/\/rasarta.lt\/index.php?rest_route=%2Fwp%2Fv2%2Fproduct_cat&post=238"},{"taxonomy":"product_tag","embeddable":true,"href":"https:\/\/rasarta.lt\/index.php?rest_route=%2Fwp%2Fv2%2Fproduct_tag&post=238"}],"curies":[{"name":"wp","href":"https:\/\/api.w.org\/{rel}","templated":true}]}}