{"id":20,"date":"2021-02-01T08:40:36","date_gmt":"2021-02-01T08:40:36","guid":{"rendered":"http:\/\/rasarta.lt\/?post_type=product&#038;p=20"},"modified":"2026-01-13T13:38:41","modified_gmt":"2026-01-13T11:38:41","slug":"show-beauty-bath-sampunas","status":"publish","type":"product","link":"https:\/\/rasarta.lt\/?product=show-beauty-bath-sampunas","title":{"rendered":"True Iconic 1 Show Beauty Bath \u0161amp\u016bnas"},"content":{"rendered":"<p>Gilaus valymo dezodoruojantis \u0161amp\u016bnas, tinkantis visiems kaili\u0173 tipams. \u0160amp\u016bnas labai \u0161velnus, praturtintas kondicionuojan\u010diais ingradientais. Jis padeda puikiai i\u0161valyti kail\u012f jo nepa\u017eeid\u017eiant. Tod\u0117l galima naudoti da\u017enai kasdienei kailio prie\u017ei\u016brai. Labai lengvai ir greitai i\u0161siplauna, priduoda kailiui sveik\u0105 blizges\u012f, elastingum\u0105 ir gaiv\u0173 aromat\u0105.<\/p>\n<p>Inovatyvi True Iconic Beauty Bath \u0161amp\u016bno formul\u0117 stabdo kailio v\u0117lim\u0105si ir s\u0105v\u0117l\u0173 susidarym\u0105.<br \/>\n\u0160amp\u016bno sud\u0117tyje tik auk\u0161\u010diausios kokyb\u0117s nat\u016bral\u016bs ir naudingi ingridientai, n\u0117ra silikono, alkoholio ir paraben\u0173, kurie ilgainiui neigiamai veikia od\u0105 ie kail\u012f.<\/p>\n<p>True Iconic Beauty Bath \u0161amp\u016bnas visi\u0161kai saugus jaunikliams ir maitinan\u010dioms kal\u0117ms. Nesukelia visi\u0161kai joki\u0173 alergij\u0173 jautri\u0105 od\u0105 turintiems gyv\u016bnams.<\/p>\n<p>N a u d o j i m a s:<br \/>\nNormaliam sveikam kailiui ir odai skied\u017eiamas 1\u00f77<br \/>\nJautri\u0105 od\u0105 turintiems gyv\u016bnams, maitinan\u010dioms kal\u0117ms ir \u0161uniukams skiesti 1\u00f710<\/p>\n<p>P a k u o t \u0117 s:<br \/>\n4.5 l, 1l, 400 ml, 250 ml<\/p>\n","protected":false},"excerpt":{"rendered":"<p>Gilaus valymo dezodoruojantis \u0161amp\u016bnas, tinkantis visiems kaili\u0173 tipams. \u0160amp\u016bnas labai \u0161velnus, praturtintas kondicionuojan\u010diais ingradientais. Jis padeda puikiai i\u0161valyti kail\u012f jo nepa\u017eeid\u017eiant. Tod\u0117l galima naudoti da\u017enai kasdienei kailio prie\u017ei\u016brai. Labai lengvai ir greitai i\u0161siplauna, priduoda kailiui sveik\u0105 blizges\u012f, elastingum\u0105 ir gaiv\u0173 aromat\u0105. Inovatyvi True Iconic Beauty Bath \u0161amp\u016bno formul\u0117 stabdo kailio v\u0117lim\u0105si ir s\u0105v\u0117l\u0173 susidarym\u0105. \u0160amp\u016bno [&hellip;]<\/p>\n","protected":false},"featured_media":645,"template":"","meta":[],"product_brand":[84],"product_cat":[16],"product_tag":[168,167,109,86,166],"class_list":{"0":"post-20","1":"product","2":"type-product","3":"status-publish","4":"has-post-thumbnail","6":"product_brand-true-iconic","7":"product_cat-sampunai","8":"product_tag-1-show-beauty-bath","9":"product_tag-1-show-beauty-bath-sampunas","10":"product_tag-sampunas","11":"product_tag-true-iconic","12":"product_tag-true-iconic-1-show-beauty-bath-sampunas","14":"first","15":"outofstock","16":"taxable","17":"shipping-taxable","18":"purchasable","19":"product-type-variable","20":"has-default-attributes"},"jetpack_sharing_enabled":true,"_links":{"self":[{"href":"https:\/\/rasarta.lt\/index.php?rest_route=\/wp\/v2\/product\/20","targetHints":{"allow":["GET"]}}],"collection":[{"href":"https:\/\/rasarta.lt\/index.php?rest_route=\/wp\/v2\/product"}],"about":[{"href":"https:\/\/rasarta.lt\/index.php?rest_route=\/wp\/v2\/types\/product"}],"wp:featuredmedia":[{"embeddable":true,"href":"https:\/\/rasarta.lt\/index.php?rest_route=\/wp\/v2\/media\/645"}],"wp:attachment":[{"href":"https:\/\/rasarta.lt\/index.php?rest_route=%2Fwp%2Fv2%2Fmedia&parent=20"}],"wp:term":[{"taxonomy":"product_brand","embeddable":true,"href":"https:\/\/rasarta.lt\/index.php?rest_route=%2Fwp%2Fv2%2Fproduct_brand&post=20"},{"taxonomy":"product_cat","embeddable":true,"href":"https:\/\/rasarta.lt\/index.php?rest_route=%2Fwp%2Fv2%2Fproduct_cat&post=20"},{"taxonomy":"product_tag","embeddable":true,"href":"https:\/\/rasarta.lt\/index.php?rest_route=%2Fwp%2Fv2%2Fproduct_tag&post=20"}],"curies":[{"name":"wp","href":"https:\/\/api.w.org\/{rel}","templated":true}]}}