{"id":181,"date":"2021-02-01T18:04:17","date_gmt":"2021-02-01T18:04:17","guid":{"rendered":"http:\/\/rasarta.lt\/?post_type=product&#038;p=181"},"modified":"2022-05-22T16:20:29","modified_gmt":"2022-05-22T14:20:29","slug":"pure-paws-brightening-sampunas","status":"publish","type":"product","link":"https:\/\/rasarta.lt\/?product=pure-paws-brightening-sampunas","title":{"rendered":"Pure Paws Brightening \u0161amp\u016bnas"},"content":{"rendered":"<ul>\n<li>giliai i\u0161valo \u0161uns kail\u012f, nepa\u017eeisdamas plauk\u0173 strukt\u016bros;<\/li>\n<li>kruop\u0161\u010diai i\u0161plauna visas kosmetines priemones likusias ant kailio tarp maudym\u0173 (aliejai, parod\u0173 kosmetika);<\/li>\n<li>puikiai tinka vis\u0173 kaili\u0173 tip\u0173 ir atspalvi\u0173 (\u0161viesiems ir tamsiems) \u0161unims;<\/li>\n<li>suteikia kailio spalvai \u017eymiai ry\u0161kesn\u012f atspalv\u012f ir suteikia \u017evilges\u012f, nepa\u017eeisdamas plauk\u0173 strukt\u016bros;<\/li>\n<li>kruop\u0161\u010diai i\u0161plauna visas kosmetines priemones likusias ant kailio tarp maudym\u0173 (aliejai, parod\u0173 kosmetika);<\/li>\n<li>puikiai tinka vis\u0173 kaili\u0173 tip\u0173 ir atspalvi\u0173 (\u0161viesiems ir tamsiems) \u0161unims;<\/li>\n<li>suteikia kailio spalvai \u017eymiai ry\u0161kesn\u012f atspalv\u012f ir suteikia \u017evilges\u012f, nepa\u017eeisdamas plauk\u0173 strukt\u016bros;<\/li>\n<li>kruop\u0161\u010diai i\u0161plauna visas kosmetines priemones likusias ant kailio tarp maudym\u0173 (aliejai, parod\u0173 kosmetika);<\/li>\n<li>puikiai tinka vis\u0173 kaili\u0173 tip\u0173 ir atspalvi\u0173 (\u0161viesiems ir tamsiems) \u0161unims;<\/li>\n<li>suteikia kailio spalvai \u017eymiai ry\u0161kesn\u012f atspalv\u012f ir suteikia \u017evilges\u012f, nepa\u017eeisdamas plauk\u0173 strukt\u016bros;<\/li>\n<li>i\u0161valo odos poras, leisdamas jai lengviau \u201ekv\u0117puoti\u201c, bei aktyvinti plauko augim\u0105;<\/li>\n<\/ul>\n<p><u>Naudojimas:<\/u><\/p>\n<p>Naudojamas kaip unikalus \u0161amp\u016bnas purvo ir chemini\u0173 med\u017eiag\u0173 (aliej\u0173, lako ir kt.) pa\u0161alinimui i\u0161 kailio. Siekiant dar geresnio efekto, po \u0161io \u0161amp\u016bno naudokite Ultra Reconstructing Shampoo arba Ultra Volumizing Shampoo, priklausomai pagal rekomendacijas j\u016bs\u0173 \u0161uns veislei. \u0160amp\u016bnas skied\u017eiamas 1:10 \u0161iltu vandeniu. Po to kruop\u0161\u010diai i\u0161plaunamas.<\/p>\n","protected":false},"excerpt":{"rendered":"<p>giliai i\u0161valo \u0161uns kail\u012f, nepa\u017eeisdamas plauk\u0173 strukt\u016bros; kruop\u0161\u010diai i\u0161plauna visas kosmetines priemones likusias ant kailio tarp maudym\u0173 (aliejai, parod\u0173 kosmetika); puikiai tinka vis\u0173 kaili\u0173 tip\u0173 ir atspalvi\u0173 (\u0161viesiems ir tamsiems) \u0161unims; suteikia kailio spalvai \u017eymiai ry\u0161kesn\u012f atspalv\u012f ir suteikia \u017evilges\u012f, nepa\u017eeisdamas plauk\u0173 strukt\u016bros; kruop\u0161\u010diai i\u0161plauna visas kosmetines priemones likusias ant kailio tarp maudym\u0173 (aliejai, parod\u0173 [&hellip;]<\/p>\n","protected":false},"featured_media":595,"template":"","meta":[],"product_brand":[],"product_cat":[28,56],"product_tag":[],"class_list":{"0":"post-181","1":"product","2":"type-product","3":"status-publish","4":"has-post-thumbnail","6":"product_cat-sampunai-p","7":"product_cat-star-linija","9":"first","10":"outofstock","11":"taxable","12":"shipping-taxable","13":"purchasable","14":"product-type-variable","15":"has-default-attributes"},"jetpack_sharing_enabled":true,"_links":{"self":[{"href":"https:\/\/rasarta.lt\/index.php?rest_route=\/wp\/v2\/product\/181","targetHints":{"allow":["GET"]}}],"collection":[{"href":"https:\/\/rasarta.lt\/index.php?rest_route=\/wp\/v2\/product"}],"about":[{"href":"https:\/\/rasarta.lt\/index.php?rest_route=\/wp\/v2\/types\/product"}],"wp:featuredmedia":[{"embeddable":true,"href":"https:\/\/rasarta.lt\/index.php?rest_route=\/wp\/v2\/media\/595"}],"wp:attachment":[{"href":"https:\/\/rasarta.lt\/index.php?rest_route=%2Fwp%2Fv2%2Fmedia&parent=181"}],"wp:term":[{"taxonomy":"product_brand","embeddable":true,"href":"https:\/\/rasarta.lt\/index.php?rest_route=%2Fwp%2Fv2%2Fproduct_brand&post=181"},{"taxonomy":"product_cat","embeddable":true,"href":"https:\/\/rasarta.lt\/index.php?rest_route=%2Fwp%2Fv2%2Fproduct_cat&post=181"},{"taxonomy":"product_tag","embeddable":true,"href":"https:\/\/rasarta.lt\/index.php?rest_route=%2Fwp%2Fv2%2Fproduct_tag&post=181"}],"curies":[{"name":"wp","href":"https:\/\/api.w.org\/{rel}","templated":true}]}}