{"id":171,"date":"2021-02-01T16:44:09","date_gmt":"2021-02-01T16:44:09","guid":{"rendered":"http:\/\/rasarta.lt\/?post_type=product&#038;p=171"},"modified":"2026-01-13T13:07:32","modified_gmt":"2026-01-13T11:07:32","slug":"true-iconic-collagen-plus-bath-care-dovanele","status":"publish","type":"product","link":"https:\/\/rasarta.lt\/?product=true-iconic-collagen-plus-bath-care-dovanele","title":{"rendered":"True Iconic Collagen Plus Bath &#038; Care + dovan\u0117l\u0117"},"content":{"rendered":"<p>Collagen Plus Bath \u0161amp\u016bnas<\/p>\n<p>\u0161amp\u016bne gausu vitamin\u0173 ir baltym\u0173, kurie valo, atkuria ir kondicionuoja tiek kaili, tiek ir od\u0105, atgaivina ir sustiprina net visai nualintus plaukus.<br \/>\nVit.E veikia kaip antioksidantas, stimuliuoja nauj\u0173 l\u0105steli\u0173 susidarym\u0105 ir skatina sveiko kailio augim\u0105. Reguliariai naudojant kolageno linij\u0105 i\u0161vengsite sauso , l\u016b\u017ein\u0117jan\u010dio kailio ir paskatinsite plauk\u0173 augim\u0105. Kailis taps \u0161ilkinis, tankus ir blizgus.<\/p>\n<p>True Iconic Collagen Plius Bath \u0161amp\u016bnas pary\u0161kina nat\u016bralias kailio spalvas. Saugus jautriai odai, maitinan\u010dioms kal\u0117ms ir \u0161uniukams. Rekomenduojamas labai ilg\u0105 kail\u012f turin\u010dioms ir trumpaplauk\u0117ms veisl\u0117ms.<\/p>\n<p>N a u d o j i m a s :<br \/>\n\u0160amp\u016bnas skied\u017eiamas 1:7. Jautri\u0105 od\u0105 turintiems gyv\u016bnams, maitinan\u010dioms kal\u0117ms ir jauniems \u0161uniukams skied\u017eiamas 1:10. Gerai \u012ftrinkite \u012f kail\u012f ir palikite kelioms minut\u0117ms. Tada gerai i\u0161skalaukit ir naudokit Collagen Plius Bath kondicionieri\u0173 pagal nurodyt\u0105 \u0161uns kailio tip\u0105 ir poreikius.<\/p>\n<p>&nbsp;<\/p>\n<p>Collagen Plus Care kondicionierius<\/p>\n<p>naujas revoliucinis ir terapinis kondicionierius su visais kolageno privalumais. Atstato nat\u016brali\u0105 kailio spalv\u0105 ir atkuri\u0105 sveiko kailio kondicij\u0105. Vit.E veikia kaip antioksidantas, stimuliuoja nauj\u0173 l\u0105steli\u0173 susidarym\u0105 ir skatina sveiko kailio augim\u0105. Avokado ekstraktas primaitina kail\u012f, nuima elektrinim\u0105si ir padeda i\u0161sklaidyti betkokio sud\u0117tingumo kult\u016bnus.<br \/>\nKondicionierius sutvarko at\u0161erpetojusius ir pa\u017eeistus plaukus, juos i\u0161lygina ir suteikia blizges\u012f. Trigubos dr\u0117kinan\u010di\u0173 komponent\u0173 formul\u0117s veikiamas kailis tampa \u0161ilkinis ir tankus.<\/p>\n<p>Labai rekomenduojamas veisl\u0117ms, turin\u010dioms ilg\u0105 ties\u0173 kail\u012f &#8211; Maltos bi\u0161onams, \u0160i-cu, Lasos apsams, Tibeto terjerams, Havanos bi\u0161onams ir kt su pana\u0161ia kailio strukt\u016bra. Trumpaplauk\u0117ms veisl\u0117ms &#8211; mopsams, bigliams, pin\u010deriams, dobermanams ir kt.- stabdo plauk\u0173 slinkim\u0105 ir rekomenduojamas siekiant gauti ideal\u0173 kailio blizges\u012f.<br \/>\nPuikiai tinka beplauk\u0117ms veisl\u0117ms, kaip Kin\u0173 kuoduotieji.<\/p>\n<p>Rinkinyje \u0161amp\u016bno buteliukas 400ml, kondicionieriaus buteliukas 400ml ir dovan\u0117l\u0117:<\/p>\n<p>Rank\u0161luostukas su True Iconic logotipu arba \u017eaislas su True Iconic logotipu<\/p>\n","protected":false},"excerpt":{"rendered":"<p>Collagen Plus Bath \u0161amp\u016bnas \u0161amp\u016bne gausu vitamin\u0173 ir baltym\u0173, kurie valo, atkuria ir kondicionuoja tiek kaili, tiek ir od\u0105, atgaivina ir sustiprina net visai nualintus plaukus. Vit.E veikia kaip antioksidantas, stimuliuoja nauj\u0173 l\u0105steli\u0173 susidarym\u0105 ir skatina sveiko kailio augim\u0105. Reguliariai naudojant kolageno linij\u0105 i\u0161vengsite sauso , l\u016b\u017ein\u0117jan\u010dio kailio ir paskatinsite plauk\u0173 augim\u0105. Kailis taps \u0161ilkinis, [&hellip;]<\/p>\n","protected":false},"featured_media":657,"template":"","meta":[],"product_brand":[84],"product_cat":[25],"product_tag":[99,109,86,129,128,130],"class_list":{"0":"post-171","1":"product","2":"type-product","3":"status-publish","4":"has-post-thumbnail","6":"product_brand-true-iconic","7":"product_cat-rinkiniai","8":"product_tag-kondicionierius","9":"product_tag-sampunas","10":"product_tag-true-iconic","11":"product_tag-true-iconic-collagen-plus-bath","12":"product_tag-true-iconic-collagen-plus-bath-care","13":"product_tag-true-iconic-collagen-plus-care","15":"first","16":"outofstock","17":"taxable","18":"shipping-taxable","19":"purchasable","20":"product-type-variable","21":"has-default-attributes"},"jetpack_sharing_enabled":true,"_links":{"self":[{"href":"https:\/\/rasarta.lt\/index.php?rest_route=\/wp\/v2\/product\/171","targetHints":{"allow":["GET"]}}],"collection":[{"href":"https:\/\/rasarta.lt\/index.php?rest_route=\/wp\/v2\/product"}],"about":[{"href":"https:\/\/rasarta.lt\/index.php?rest_route=\/wp\/v2\/types\/product"}],"wp:featuredmedia":[{"embeddable":true,"href":"https:\/\/rasarta.lt\/index.php?rest_route=\/wp\/v2\/media\/657"}],"wp:attachment":[{"href":"https:\/\/rasarta.lt\/index.php?rest_route=%2Fwp%2Fv2%2Fmedia&parent=171"}],"wp:term":[{"taxonomy":"product_brand","embeddable":true,"href":"https:\/\/rasarta.lt\/index.php?rest_route=%2Fwp%2Fv2%2Fproduct_brand&post=171"},{"taxonomy":"product_cat","embeddable":true,"href":"https:\/\/rasarta.lt\/index.php?rest_route=%2Fwp%2Fv2%2Fproduct_cat&post=171"},{"taxonomy":"product_tag","embeddable":true,"href":"https:\/\/rasarta.lt\/index.php?rest_route=%2Fwp%2Fv2%2Fproduct_tag&post=171"}],"curies":[{"name":"wp","href":"https:\/\/api.w.org\/{rel}","templated":true}]}}