{"id":166,"date":"2021-02-01T16:36:21","date_gmt":"2021-02-01T16:36:21","guid":{"rendered":"http:\/\/rasarta.lt\/?post_type=product&#038;p=166"},"modified":"2026-01-13T13:09:08","modified_gmt":"2026-01-13T11:09:08","slug":"true-iconic-volume-maxi-bath-care-dovanele","status":"publish","type":"product","link":"https:\/\/rasarta.lt\/?product=true-iconic-volume-maxi-bath-care-dovanele","title":{"rendered":"True Iconic Volume Maxi Bath &#038; Care + dovan\u0117l\u0117"},"content":{"rendered":"<p>Volume Maxi Bath \u0161amp\u016bnas<\/p>\n<p>\u0160amp\u016bno sud\u0117tyje unikalus baltym\u0173 kompleksas, kurio d\u0117ka pats kailis yra pakeliamas, pridedamas tankumas ir t\u016bris kiekvienam atskiram plaukui. Plaukai yra atstatomi molekuliniu lygiu. \u0160amp\u016bnas yra \u0161velniai valantis. \u017daliosios arbatos ekstraktas stiprina pa\u017eeistus plaukus, atstatydamas j\u0173 folikulus. Plaukai tampa stipresni ir tankesni.<br \/>\nVit. E veikia kaip antioksidantas, skatina nauj\u0173 l\u0105steli\u0173 susidarym\u0105 ir stimuliuoja naujo sveiko kailio augim\u0105.<\/p>\n<p>Volume Maxi Bath \u0161amp\u016bnas specialiai sukurtas garbanotiems bi\u0161onams, pudeliams, \u010diau-\u010diau, samojedams, akitoms, Sibiro haskiams, Aliaskos malamutams, pekinams, korgiams, \u0160iboms- inu, Berno zenenhundams, terjerams, \u0161nauceriams ir kitoms grie\u017et\u0105 kailio strukt\u016br\u0105 turin\u010dioms veisl\u0117ms.<\/p>\n<p>N a u d o j i m a s:<br \/>\nNor\u0117dami gauti maksimal\u0173 \u0161io \u0161amp\u016bno rezultat\u0105, rekomenduojame palikti priemon\u0119 ant kailio kelioms minut\u0117ms, kad tekst\u016bruojantys elementai tur\u0117t\u0173 pakankamai laiko u\u017epildyti plauk\u0173 poras.<br \/>\n\u0160amp\u016bnas idealus po trimingavimo, kirpimo arba prie\u0161 parod\u0105.<br \/>\nSkied\u017eiamas 1\u00f78. Naudojamas kartu su Volume Maxi Bath kondicionieriumi.<\/p>\n<p>&nbsp;<\/p>\n<p>Volume Maxi Care kondicionierius<\/p>\n<p>Pagrindinis kondicinieriaus komponentas yra unikalios sud\u0117ties baltymas, kuris \u012fsiskverbia \u012f kiekvieno plauko strukt\u016br\u0105 ir priduoda jam t\u016brio. Kailis tampa stipresnis ir tankesnis, \u012fgauna kiek \u012fmanoma maksimali\u0105 apimt\u012f. Kondicionierius itin gerai dr\u0117kina ir primaitina kail\u012f.<\/p>\n<p>Volume Maxi Bath kondicionierius ypa\u010d rekomenduojamas tank\u0173 kail\u012f turin\u010dioms veisl\u0117ms, tokioms kaip pudelis, garbanotas bi\u0161onas, Sibiro haskis, \u0161picas, Tibeto mastifas, pekinas, \u0160iba-inu, akitos, Rus\u0173 juodasis terjeras, niufaudlendas, Berno zenenhundas ir kt. pana\u0161i\u0105 kailio strukt\u016br\u0105 turin\u010dioms veisl\u0117ms.<\/p>\n<p>N a u d o j i m a s:<br \/>\nPraskieskite ma\u017edaug 2 \u0161auk\u0161tus kondicionieriaus \u012f 1 litr\u0105 \u0161ilto vandens. \u012emasa\u017euokite gerai \u012f kail\u012f, ypating\u0105 d\u0117mes\u012f skirkite plauk\u0173 galiukams ir problemin\u0117ms vietoms. Jeigu reikia kondicionieriaus galima naudoti papildomai. Plaukai turi b\u016bti slid\u016bs, kol yra dr\u0117gni. Esant sausam ar labai pa\u017eeistam kailiui, kondicionieriaus u\u017etepkite daugiau ir palikite 5-10 min. Tada nuplaukite.<\/p>\n<p>Rinkinyje \u0161amp\u016bno buteliukas 400ml, kondicionieriaus buteliukas 400ml ir dovan\u0117l\u0117:<\/p>\n<p>Rank\u0161luostukas su True Iconic logotipu arba \u017eaislas su True Iconic logotipu<\/p>\n","protected":false},"excerpt":{"rendered":"<p>Volume Maxi Bath \u0161amp\u016bnas \u0160amp\u016bno sud\u0117tyje unikalus baltym\u0173 kompleksas, kurio d\u0117ka pats kailis yra pakeliamas, pridedamas tankumas ir t\u016bris kiekvienam atskiram plaukui. Plaukai yra atstatomi molekuliniu lygiu. \u0160amp\u016bnas yra \u0161velniai valantis. \u017daliosios arbatos ekstraktas stiprina pa\u017eeistus plaukus, atstatydamas j\u0173 folikulus. Plaukai tampa stipresni ir tankesni. Vit. E veikia kaip antioksidantas, skatina nauj\u0173 l\u0105steli\u0173 susidarym\u0105 ir [&hellip;]<\/p>\n","protected":false},"featured_media":656,"template":"","meta":[],"product_brand":[84],"product_cat":[25],"product_tag":[99,109,86,132,131,133],"class_list":{"0":"post-166","1":"product","2":"type-product","3":"status-publish","4":"has-post-thumbnail","6":"product_brand-true-iconic","7":"product_cat-rinkiniai","8":"product_tag-kondicionierius","9":"product_tag-sampunas","10":"product_tag-true-iconic","11":"product_tag-true-iconic-volume-maxi-bath","12":"product_tag-true-iconic-volume-maxi-bath-care","13":"product_tag-true-iconic-volume-maxi-care","15":"first","16":"outofstock","17":"taxable","18":"shipping-taxable","19":"purchasable","20":"product-type-variable","21":"has-default-attributes"},"jetpack_sharing_enabled":true,"_links":{"self":[{"href":"https:\/\/rasarta.lt\/index.php?rest_route=\/wp\/v2\/product\/166","targetHints":{"allow":["GET"]}}],"collection":[{"href":"https:\/\/rasarta.lt\/index.php?rest_route=\/wp\/v2\/product"}],"about":[{"href":"https:\/\/rasarta.lt\/index.php?rest_route=\/wp\/v2\/types\/product"}],"wp:featuredmedia":[{"embeddable":true,"href":"https:\/\/rasarta.lt\/index.php?rest_route=\/wp\/v2\/media\/656"}],"wp:attachment":[{"href":"https:\/\/rasarta.lt\/index.php?rest_route=%2Fwp%2Fv2%2Fmedia&parent=166"}],"wp:term":[{"taxonomy":"product_brand","embeddable":true,"href":"https:\/\/rasarta.lt\/index.php?rest_route=%2Fwp%2Fv2%2Fproduct_brand&post=166"},{"taxonomy":"product_cat","embeddable":true,"href":"https:\/\/rasarta.lt\/index.php?rest_route=%2Fwp%2Fv2%2Fproduct_cat&post=166"},{"taxonomy":"product_tag","embeddable":true,"href":"https:\/\/rasarta.lt\/index.php?rest_route=%2Fwp%2Fv2%2Fproduct_tag&post=166"}],"curies":[{"name":"wp","href":"https:\/\/api.w.org\/{rel}","templated":true}]}}