{"id":116,"date":"2021-02-01T15:25:51","date_gmt":"2021-02-01T15:25:51","guid":{"rendered":"http:\/\/rasarta.lt\/?post_type=product&#038;p=116"},"modified":"2026-01-13T13:10:10","modified_gmt":"2026-01-13T11:10:10","slug":"true-iconic-show-beauty-bath-care-dovana","status":"publish","type":"product","link":"https:\/\/rasarta.lt\/?product=true-iconic-show-beauty-bath-care-dovana","title":{"rendered":"True Iconic Show Beauty Bath &#038; Care + dovan\u0117l\u0117"},"content":{"rendered":"<p>Show Beauty Bath \u0161amp\u016bnas<\/p>\n<p>Gilaus valymo dezodoruojantis \u0161amp\u016bnas, tinkantis visiems kaili\u0173 tipams. \u0160amp\u016bnas labai \u0161velnus, praturtintas kondicionuojan\u010diais ingradientais. Jis padeda puikiai i\u0161valyti kail\u012f jo nepa\u017eeid\u017eiant. Tod\u0117l galima naudoti da\u017enai kasdienei kailio prie\u017ei\u016brai. Labai lengvai ir greitai i\u0161siplauna, priduoda kailiui sveik\u0105 blizges\u012f, elastingum\u0105 ir gaiv\u0173 aromat\u0105.<\/p>\n<p>Inovatyvi True Iconic Beauty Bath \u0161amp\u016bno formul\u0117 stabdo kailio v\u0117lim\u0105si ir kult\u016bn\u0173 susidarym\u0105.<br \/>\n\u0160amp\u016bno sud\u0117tyje tik auk\u0161\u010diausios kokyb\u0117s nat\u016bral\u016bs ir naudingi ingradientai, n\u0117ra silikono, alkoholio ir paraben\u0173, kurie ilgainiui neigiamai veikia od\u0105 ie kail\u012f.<\/p>\n<p>True Iconic Beauty Bath \u0161amp\u016bnas visi\u0161kai saugus jaunikliams ir maitinan\u010dioms kal\u0117ms. Nesukelia visi\u0161kai joki\u0173 alergij\u0173 jautri\u0105 od\u0105 turintiems gyv\u016bnams.<\/p>\n<p>N a u d o j i m a s:<br \/>\nNormaliam sveikam kailiui ir odai skied\u017eiamas 1\u00f77<br \/>\nJautri\u0105 od\u0105 turintiems gyv\u016bnams, maitinan\u010dioms kal\u0117ms ir \u0161uniukams skiesti 1\u00f710<\/p>\n<p>&nbsp;<\/p>\n<p>Show Beauty Care kondicionierius<\/p>\n<p>Naujos kartos kondicionierius. Sud\u0117tyje esantis Argano aliejus plaukus daro elastingus ir storesnius, stiprius ir apsaugo nuo susiv\u0117limo. Jie tiesiog tampa prabangios i\u0161vaizdos!<br \/>\nVit. E veikia kaip antioksidantas ir stimuliuoja nauj\u0173 l\u0105steli\u0173 susidarym\u0105 ir sveiko stipraus kailio augim\u0105. Kondicionierius ypatingai dr\u0117kina kail\u012f ir od\u0105, bet jo neriebina.<\/p>\n<p>Show Beauty Care kondicionierius labai rekomenduojamas ilgakail\u0117ms veisl\u0117ms, tokioms kaip \u0160i- cu, Maltos bi\u0161onams, Lasos apsams, Jork\u0161yro terjerams, Havanos bi\u0161onams, kokerspanieliams, papiljonams, Afgan\u0173 kurtams, Auksaspalviams retriveriams ir kt. didel\u0117ms ilgaplauk\u0117ms veisl\u0117ms.<\/p>\n<p>N a u d o j i m a s :<br \/>\nKondicionieri\u0173 galima naudoti koncentruot\u0105 arba praskiest\u0105. Gerai \u012ftrinkite \u012f kail\u012f, ypating\u0105 d\u0117mes\u012f skirdami plauk\u0173 galiukams ir problemin\u0117ms vietoms. Jeigu kailis yra prastesn\u0117s b\u016bkl\u0117s, lengvai nuplaukit palikdami dal\u012f kondicionieriaus ant kailio, kad apsaugot\u0173, sustiprint\u0173 ir atitaisyt\u0173 pa\u017eeistus plaukus.<br \/>\nJeigu kailis geros b\u016bkl\u0117s ir tankus, kondicionierius paliekamas 5-10 min. ant kailio ir po to gerai nuplaunamas.<\/p>\n<p>Rinkinyje \u0161amp\u016bno buteliukas 400ml, kondicionieriaus buteliukas 400ml ir dovan\u0117l\u0117:<\/p>\n<p style=\"text-align: left;\">Rank\u0161luostukas su True Iconic logotipu arba \u017eaislas su True Iconic logotipu<\/p>\n<p>&nbsp;<\/p>\n","protected":false},"excerpt":{"rendered":"<p>Show Beauty Bath \u0161amp\u016bnas Gilaus valymo dezodoruojantis \u0161amp\u016bnas, tinkantis visiems kaili\u0173 tipams. \u0160amp\u016bnas labai \u0161velnus, praturtintas kondicionuojan\u010diais ingradientais. Jis padeda puikiai i\u0161valyti kail\u012f jo nepa\u017eeid\u017eiant. Tod\u0117l galima naudoti da\u017enai kasdienei kailio prie\u017ei\u016brai. Labai lengvai ir greitai i\u0161siplauna, priduoda kailiui sveik\u0105 blizges\u012f, elastingum\u0105 ir gaiv\u0173 aromat\u0105. Inovatyvi True Iconic Beauty Bath \u0161amp\u016bno formul\u0117 stabdo kailio v\u0117lim\u0105si [&hellip;]<\/p>\n","protected":false},"featured_media":655,"template":"","meta":[],"product_brand":[84],"product_cat":[25],"product_tag":[99,109,86,135,134,136],"class_list":{"0":"post-116","1":"product","2":"type-product","3":"status-publish","4":"has-post-thumbnail","6":"product_brand-true-iconic","7":"product_cat-rinkiniai","8":"product_tag-kondicionierius","9":"product_tag-sampunas","10":"product_tag-true-iconic","11":"product_tag-true-iconic-show-beauty-bath","12":"product_tag-true-iconic-show-beauty-bath-care","13":"product_tag-true-iconic-show-beauty-care","15":"first","16":"outofstock","17":"taxable","18":"shipping-taxable","19":"purchasable","20":"product-type-variable","21":"has-default-attributes"},"jetpack_sharing_enabled":true,"_links":{"self":[{"href":"https:\/\/rasarta.lt\/index.php?rest_route=\/wp\/v2\/product\/116","targetHints":{"allow":["GET"]}}],"collection":[{"href":"https:\/\/rasarta.lt\/index.php?rest_route=\/wp\/v2\/product"}],"about":[{"href":"https:\/\/rasarta.lt\/index.php?rest_route=\/wp\/v2\/types\/product"}],"wp:featuredmedia":[{"embeddable":true,"href":"https:\/\/rasarta.lt\/index.php?rest_route=\/wp\/v2\/media\/655"}],"wp:attachment":[{"href":"https:\/\/rasarta.lt\/index.php?rest_route=%2Fwp%2Fv2%2Fmedia&parent=116"}],"wp:term":[{"taxonomy":"product_brand","embeddable":true,"href":"https:\/\/rasarta.lt\/index.php?rest_route=%2Fwp%2Fv2%2Fproduct_brand&post=116"},{"taxonomy":"product_cat","embeddable":true,"href":"https:\/\/rasarta.lt\/index.php?rest_route=%2Fwp%2Fv2%2Fproduct_cat&post=116"},{"taxonomy":"product_tag","embeddable":true,"href":"https:\/\/rasarta.lt\/index.php?rest_route=%2Fwp%2Fv2%2Fproduct_tag&post=116"}],"curies":[{"name":"wp","href":"https:\/\/api.w.org\/{rel}","templated":true}]}}