{"id":933,"date":"2021-04-27T20:32:42","date_gmt":"2021-04-27T18:32:42","guid":{"rendered":"https:\/\/rasarta.lt\/?page_id=933"},"modified":"2026-01-13T14:13:12","modified_gmt":"2026-01-13T12:13:12","slug":"true-iconic-video","status":"publish","type":"page","link":"https:\/\/rasarta.lt\/?page_id=933","title":{"rendered":"True Iconic video"},"content":{"rendered":"\n<p class=\"has-text-align-center\">\u0160i cu paro\u0161imas:<\/p>\n\n\n\n<figure class=\"wp-block-embed is-type-video is-provider-youtube wp-block-embed-youtube wp-embed-aspect-16-9 wp-has-aspect-ratio\"><div class=\"wp-block-embed__wrapper\">\n<iframe loading=\"lazy\" title=\"True Iconic koupa\u010dka Shih-tzu\" width=\"980\" height=\"551\" src=\"https:\/\/www.youtube.com\/embed\/vYiLGrcNzm8?feature=oembed\" frameborder=\"0\" allow=\"accelerometer; autoplay; clipboard-write; encrypted-media; gyroscope; picture-in-picture\" allowfullscreen><\/iframe>\n<\/div><\/figure>\n\n\n\n<p class=\"has-text-align-center\">True Iconic linijos skirtingoms veisl\u0117ms:<\/p>\n\n\n\n<figure class=\"wp-block-embed is-type-video is-provider-youtube wp-block-embed-youtube wp-embed-aspect-16-9 wp-has-aspect-ratio\"><div class=\"wp-block-embed__wrapper\">\n<iframe loading=\"lazy\" title=\"True Iconic\u5178\u7bc4\u5ee3\u544a\" width=\"980\" height=\"551\" src=\"https:\/\/www.youtube.com\/embed\/J8HJNrPWG6E?feature=oembed\" frameborder=\"0\" allow=\"accelerometer; autoplay; clipboard-write; encrypted-media; gyroscope; picture-in-picture\" allowfullscreen><\/iframe>\n<\/div><\/figure>\n\n\n\n<p class=\"has-text-align-center\">Afgan\u0173 kurto ruo\u0161imas su True Iconic kosmetika:<\/p>\n\n\n\n<figure class=\"wp-block-embed is-type-video is-provider-youtube wp-block-embed-youtube wp-embed-aspect-16-9 wp-has-aspect-ratio\"><div class=\"wp-block-embed__wrapper\">\n<iframe loading=\"lazy\" title=\"True Iconic afghan hound by Kristy Bello\" width=\"980\" height=\"551\" src=\"https:\/\/www.youtube.com\/embed\/fVDNPhboYgI?feature=oembed\" frameborder=\"0\" allow=\"accelerometer; autoplay; clipboard-write; encrypted-media; gyroscope; picture-in-picture\" allowfullscreen><\/iframe>\n<\/div><\/figure>\n\n\n\n<p class=\"has-text-align-center\">True Iconic Coat Revitalising pur\u0161kalas <\/p>\n\n\n\n<figure class=\"wp-block-embed is-type-video is-provider-youtube wp-block-embed-youtube wp-embed-aspect-16-9 wp-has-aspect-ratio\"><div class=\"wp-block-embed__wrapper\">\n<iframe loading=\"lazy\" title=\"Dog Grooming Video with CRS Spray (True Iconic Indonesia)\" width=\"980\" height=\"551\" src=\"https:\/\/www.youtube.com\/embed\/8C5zqOfk1j8?feature=oembed\" frameborder=\"0\" allow=\"accelerometer; autoplay; clipboard-write; encrypted-media; gyroscope; picture-in-picture\" allowfullscreen><\/iframe>\n<\/div><\/figure>\n\n\n\n<p class=\"has-text-align-center\">Pomeranijos \u0161picas ruo\u0161tas su True Iconic kosmetika:<\/p>\n\n\n\n<figure class=\"wp-block-embed is-type-rich is-provider-iterpiniu-valdiklis wp-block-embed-iterpiniu-valdiklis\"><div class=\"wp-block-embed__wrapper\">\n<div class=\"fb-video\" data-allowfullscreen=\"true\" data-href=\"https:\/\/www.facebook.com\/382167812580495\/videos\/871180473679224\" style=\"background-color: #fff; display: inline-block;\"><\/div>\n<\/div><\/figure>\n\n\n\n<p class=\"has-text-align-center\">\u0160i cu ruo\u0161tas su True Iconic kosmetika:<\/p>\n\n\n\n<figure class=\"wp-block-embed is-provider-facebook wp-block-embed-facebook\"><div class=\"wp-block-embed__wrapper\">\n<div class=\"fb-video\" data-allowfullscreen=\"true\" data-href=\"https:\/\/www.facebook.com\/382167812580495\/videos\/792400091557263\" style=\"background-color: #fff; display: inline-block;\"><\/div>\n<\/div><\/figure>\n\n\n\n<figure class=\"wp-block-embed is-provider-facebook wp-block-embed-facebook\"><div class=\"wp-block-embed__wrapper\">\n<div class=\"fb-video\" data-allowfullscreen=\"true\" data-href=\"https:\/\/www.facebook.com\/382167812580495\/videos\/681338285696399\" style=\"background-color: #fff; display: inline-block;\"><\/div>\n<\/div><\/figure>\n","protected":false},"excerpt":{"rendered":"<p>\u0160i cu paro\u0161imas: True Iconic linijos skirtingoms veisl\u0117ms: Afgan\u0173 kurto ruo\u0161imas su True Iconic kosmetika: True Iconic Coat Revitalising pur\u0161kalas Pomeranijos \u0161picas ruo\u0161tas su True Iconic kosmetika: \u0160i cu ruo\u0161tas su True Iconic kosmetika:<\/p>\n","protected":false},"author":1,"featured_media":0,"parent":0,"menu_order":0,"comment_status":"closed","ping_status":"closed","template":"","meta":{"footnotes":""},"class_list":["post-933","page","type-page","status-publish","hentry"],"jetpack_sharing_enabled":true,"_links":{"self":[{"href":"https:\/\/rasarta.lt\/index.php?rest_route=\/wp\/v2\/pages\/933","targetHints":{"allow":["GET"]}}],"collection":[{"href":"https:\/\/rasarta.lt\/index.php?rest_route=\/wp\/v2\/pages"}],"about":[{"href":"https:\/\/rasarta.lt\/index.php?rest_route=\/wp\/v2\/types\/page"}],"author":[{"embeddable":true,"href":"https:\/\/rasarta.lt\/index.php?rest_route=\/wp\/v2\/users\/1"}],"replies":[{"embeddable":true,"href":"https:\/\/rasarta.lt\/index.php?rest_route=%2Fwp%2Fv2%2Fcomments&post=933"}],"version-history":[{"count":9,"href":"https:\/\/rasarta.lt\/index.php?rest_route=\/wp\/v2\/pages\/933\/revisions"}],"predecessor-version":[{"id":1571,"href":"https:\/\/rasarta.lt\/index.php?rest_route=\/wp\/v2\/pages\/933\/revisions\/1571"}],"wp:attachment":[{"href":"https:\/\/rasarta.lt\/index.php?rest_route=%2Fwp%2Fv2%2Fmedia&parent=933"}],"curies":[{"name":"wp","href":"https:\/\/api.w.org\/{rel}","templated":true}]}}