{"id":914,"date":"2021-04-27T18:55:06","date_gmt":"2021-04-27T16:55:06","guid":{"rendered":"https:\/\/rasarta.lt\/?page_id=914"},"modified":"2022-02-19T22:43:04","modified_gmt":"2022-02-19T20:43:04","slug":"video-purepaws","status":"publish","type":"page","link":"https:\/\/rasarta.lt\/?page_id=914","title":{"rendered":"Pure Paws video"},"content":{"rendered":"\n<p class=\"has-text-align-center\">Did\u017eiojo pudelio ruo\u0161imas:<\/p>\n\n\n\n<figure class=\"wp-block-embed is-type-video is-provider-youtube wp-block-embed-youtube wp-embed-aspect-16-9 wp-has-aspect-ratio\"><div class=\"wp-block-embed__wrapper\">\n<iframe loading=\"lazy\" title=\"Pure Paws - Poodle show &amp; maintenance grooming\" width=\"980\" height=\"551\" src=\"https:\/\/www.youtube.com\/embed\/fmPoVr_dhaU?feature=oembed\" frameborder=\"0\" allow=\"accelerometer; autoplay; clipboard-write; encrypted-media; gyroscope; picture-in-picture\" allowfullscreen><\/iframe>\n<\/div><\/figure>\n\n\n\n<p class=\"has-text-align-center\">Ni\u016bfaundlendo ruo\u0161imas :<\/p>\n\n\n\n<figure class=\"wp-block-embed is-type-video is-provider-youtube wp-block-embed-youtube wp-embed-aspect-16-9 wp-has-aspect-ratio\"><div class=\"wp-block-embed__wrapper\">\n<iframe loading=\"lazy\" title=\"Pure Paws Grooming - \u0413\u0440\u0443\u043c\u0438\u043d\u0433 \u041d\u044c\u044e\u0444\u0430\u0443\u043d\u0434\u043b\u0435\u043d\u0434\u0430\" width=\"980\" height=\"551\" src=\"https:\/\/www.youtube.com\/embed\/yZlEOTRkEUQ?feature=oembed\" frameborder=\"0\" allow=\"accelerometer; autoplay; clipboard-write; encrypted-media; gyroscope; picture-in-picture\" allowfullscreen><\/iframe>\n<\/div><\/figure>\n\n\n\n<p class=\"has-text-align-center\">Bokserio ruo\u0161imas:<\/p>\n\n\n\n<figure class=\"wp-block-embed is-type-video is-provider-youtube wp-block-embed-youtube wp-embed-aspect-16-9 wp-has-aspect-ratio\"><div class=\"wp-block-embed__wrapper\">\n<iframe loading=\"lazy\" title=\"Grooming the Boxer\" width=\"980\" height=\"551\" src=\"https:\/\/www.youtube.com\/embed\/O7HWASr2QW4?feature=oembed\" frameborder=\"0\" allow=\"accelerometer; autoplay; clipboard-write; encrypted-media; gyroscope; picture-in-picture\" allowfullscreen><\/iframe>\n<\/div><\/figure>\n\n\n\n<p class=\"has-text-align-center\">Papiljono ruo\u0161imas:<\/p>\n\n\n\n<figure class=\"wp-block-embed is-type-video is-provider-youtube wp-block-embed-youtube wp-embed-aspect-16-9 wp-has-aspect-ratio\"><div class=\"wp-block-embed__wrapper\">\n<iframe loading=\"lazy\" title=\"Pure Paws Grooming - \u0413\u0440\u0443\u043c\u0438\u043d\u0433 \u041f\u0430\u043f\u0438\u043b\u044c\u043e\u043d\u0430\" width=\"980\" height=\"551\" src=\"https:\/\/www.youtube.com\/embed\/8C7UKKPbBwQ?feature=oembed\" frameborder=\"0\" allow=\"accelerometer; autoplay; clipboard-write; encrypted-media; gyroscope; picture-in-picture\" allowfullscreen><\/iframe>\n<\/div><\/figure>\n\n\n\n<p class=\"has-text-align-center\">Biglio ruo\u0161imas:<\/p>\n\n\n\n<figure class=\"wp-block-embed is-type-video is-provider-youtube wp-block-embed-youtube wp-embed-aspect-16-9 wp-has-aspect-ratio\"><div class=\"wp-block-embed__wrapper\">\n<iframe loading=\"lazy\" title=\"Pure Paws Grooming - \u0413\u0440\u0443\u043c\u0438\u043d\u0433 \u0411\u0438\u0433\u043b\u044f\" width=\"980\" height=\"551\" src=\"https:\/\/www.youtube.com\/embed\/REHoCJOW-jU?feature=oembed\" frameborder=\"0\" allow=\"accelerometer; autoplay; clipboard-write; encrypted-media; gyroscope; picture-in-picture\" allowfullscreen><\/iframe>\n<\/div><\/figure>\n\n\n\n<p class=\"has-text-align-center\">Juodojo rus\u0173 terjero ruo\u0161imas:<\/p>\n\n\n\n<figure class=\"wp-block-embed is-type-video is-provider-youtube wp-block-embed-youtube wp-embed-aspect-16-9 wp-has-aspect-ratio\"><div class=\"wp-block-embed__wrapper\">\n<iframe loading=\"lazy\" title=\"Pure Paws Grooming - \u0413\u0440\u0443\u043c\u0438\u043d\u0433 \u0420\u0443\u0441\u0441\u043a\u043e\u0433\u043e \u0427\u0435\u0440\u043d\u043e\u0433\u043e \u0422\u0435\u0440\u044c\u0435\u0440\u0430\" width=\"980\" height=\"551\" src=\"https:\/\/www.youtube.com\/embed\/HAtcN6iMG14?feature=oembed\" frameborder=\"0\" allow=\"accelerometer; autoplay; clipboard-write; encrypted-media; gyroscope; picture-in-picture\" allowfullscreen><\/iframe>\n<\/div><\/figure>\n\n\n\n<p class=\"has-text-align-center\">\u010cichuachua ruo\u0161imas:<\/p>\n\n\n\n<figure class=\"wp-block-embed is-type-video is-provider-youtube wp-block-embed-youtube wp-embed-aspect-16-9 wp-has-aspect-ratio\"><div class=\"wp-block-embed__wrapper\">\n<iframe loading=\"lazy\" title=\"Pure Paws Grooming - \u0413\u0440\u0443\u043c\u0438\u043d\u0433 \u0427\u0438\u0445\u0443\u0430\u0445\u0443\u0430 (\u0434\u043b\u0438\u043d\u043d\u043e\u0448\u0435\u0440\u0441\u0442\u043d\u043e\u0433\u043e)\" width=\"980\" height=\"551\" src=\"https:\/\/www.youtube.com\/embed\/yKQPOQ9A0dc?feature=oembed\" frameborder=\"0\" allow=\"accelerometer; autoplay; clipboard-write; encrypted-media; gyroscope; picture-in-picture\" allowfullscreen><\/iframe>\n<\/div><\/figure>\n\n\n\n<p class=\"has-text-align-center\">Bobteilo ruo\u0161imas:<\/p>\n\n\n\n<figure class=\"wp-block-embed is-type-video is-provider-youtube wp-block-embed-youtube wp-embed-aspect-16-9 wp-has-aspect-ratio\"><div class=\"wp-block-embed__wrapper\">\n<iframe loading=\"lazy\" title=\"Pure Paws Grooming - \u0413\u0440\u0443\u043c\u0438\u043d\u0433 \u0411\u043e\u0431\u0442\u0435\u0439\u043b\u0430, \u0447\u0430\u0441\u0442\u044c 1\" width=\"980\" height=\"551\" src=\"https:\/\/www.youtube.com\/embed\/1YUqPpjyBt0?feature=oembed\" frameborder=\"0\" allow=\"accelerometer; autoplay; clipboard-write; encrypted-media; gyroscope; picture-in-picture\" allowfullscreen><\/iframe>\n<\/div><\/figure>\n\n\n\n<p class=\"has-text-align-center\">Lasos apso ruo\u0161imas:<\/p>\n\n\n\n<figure class=\"wp-block-embed is-type-video is-provider-youtube wp-block-embed-youtube wp-embed-aspect-16-9 wp-has-aspect-ratio\"><div class=\"wp-block-embed__wrapper\">\n<iframe loading=\"lazy\" title=\"Pure Paws Grooming - \u0413\u0440\u0443\u043c\u0438\u043d\u0433 \u041b\u0445\u0430\u0441\u0430 \u0410\u043f\u0441\u043e\" width=\"980\" height=\"551\" src=\"https:\/\/www.youtube.com\/embed\/NIvJ9-PaYq8?feature=oembed\" frameborder=\"0\" allow=\"accelerometer; autoplay; clipboard-write; encrypted-media; gyroscope; picture-in-picture\" allowfullscreen><\/iframe>\n<\/div><\/figure>\n\n\n\n<p class=\"has-text-align-center\">Ilgaplaukio kolio ruo\u0161imas:<\/p>\n\n\n\n<figure class=\"wp-block-embed is-type-video is-provider-youtube wp-block-embed-youtube wp-embed-aspect-16-9 wp-has-aspect-ratio\"><div class=\"wp-block-embed__wrapper\">\n<iframe loading=\"lazy\" title=\"Pure Paws Grooming - \u0413\u0440\u0443\u043c\u0438\u043d\u0433 \u041a\u043e\u043b\u043b\u0438 (\u0434\u043b\u0438\u043d\u043d\u043e\u0448\u0435\u0440\u0441\u0442\u043d\u043e\u0433\u043e)\" width=\"980\" height=\"551\" src=\"https:\/\/www.youtube.com\/embed\/Yl4tjFFb5bQ?feature=oembed\" frameborder=\"0\" allow=\"accelerometer; autoplay; clipboard-write; encrypted-media; gyroscope; picture-in-picture\" allowfullscreen><\/iframe>\n<\/div><\/figure>\n\n\n\n<p class=\"has-text-align-center\">Amerikie\u010di\u0173 koker spanielio ruo\u0161imas:<\/p>\n\n\n\n<figure class=\"wp-block-embed is-type-video is-provider-youtube wp-block-embed-youtube wp-embed-aspect-16-9 wp-has-aspect-ratio\"><div class=\"wp-block-embed__wrapper\">\n<iframe loading=\"lazy\" title=\"Pure Paws Grooming - \u0413\u0440\u0443\u043c\u0438\u043d\u0433 \u0410\u043c\u0435\u0440\u0438\u043a\u0430\u043d\u0441\u043a\u043e\u0433\u043e \u041a\u043e\u043a\u0435\u0440 \u0421\u043f\u0430\u043d\u0438\u0435\u043b\u044f\" width=\"980\" height=\"551\" src=\"https:\/\/www.youtube.com\/embed\/c7itR3Yf5m0?feature=oembed\" frameborder=\"0\" allow=\"accelerometer; autoplay; clipboard-write; encrypted-media; gyroscope; picture-in-picture\" allowfullscreen><\/iframe>\n<\/div><\/figure>\n\n\n\n<p class=\"has-text-align-center\">\u0160naucerio ruo\u0161imas:<\/p>\n\n\n\n<figure class=\"wp-block-embed is-type-video is-provider-youtube wp-block-embed-youtube wp-embed-aspect-4-3 wp-has-aspect-ratio\"><div class=\"wp-block-embed__wrapper\">\n<iframe loading=\"lazy\" title=\"Schnauzer Show Grooming - Part 1 of 2 - Bathing\" width=\"980\" height=\"735\" src=\"https:\/\/www.youtube.com\/embed\/fjn84_4lA3A?feature=oembed\" frameborder=\"0\" allow=\"accelerometer; autoplay; clipboard-write; encrypted-media; gyroscope; picture-in-picture\" allowfullscreen><\/iframe>\n<\/div><\/figure>\n\n\n\n<p class=\"has-text-align-center\">Pomeranijos \u0161pico ruo\u0161imas:<\/p>\n\n\n\n<figure class=\"wp-block-embed is-type-video is-provider-youtube wp-block-embed-youtube wp-embed-aspect-16-9 wp-has-aspect-ratio\"><div class=\"wp-block-embed__wrapper\">\n<iframe loading=\"lazy\" title=\"Grooming the Pomeranian\" width=\"980\" height=\"551\" src=\"https:\/\/www.youtube.com\/embed\/yQ33iP79BF4?feature=oembed\" frameborder=\"0\" allow=\"accelerometer; autoplay; clipboard-write; encrypted-media; gyroscope; picture-in-picture\" allowfullscreen><\/iframe>\n<\/div><\/figure>\n\n\n\n<p class=\"has-text-align-center\">Keribli\u016bterjero ruo\u0161imas:<\/p>\n\n\n\n<figure class=\"wp-block-embed is-type-video is-provider-youtube wp-block-embed-youtube wp-embed-aspect-16-9 wp-has-aspect-ratio\"><div class=\"wp-block-embed__wrapper\">\n<iframe loading=\"lazy\" title=\"Pure Paws Grooming - \u0413\u0440\u0443\u043c\u0438\u043d\u0433 \u041a\u0435\u0440\u0440\u0438 \u0411\u043b\u044e \u0422\u0435\u0440\u044c\u0435\u0440\u0430\" width=\"980\" height=\"551\" src=\"https:\/\/www.youtube.com\/embed\/WVp9bNl1fEw?feature=oembed\" frameborder=\"0\" allow=\"accelerometer; autoplay; clipboard-write; encrypted-media; gyroscope; picture-in-picture\" allowfullscreen><\/iframe>\n<\/div><\/figure>\n\n\n\n<p class=\"has-text-align-center\">Afgan\u0173 kurto ruo\u0161imas:<\/p>\n\n\n\n<figure class=\"wp-block-embed is-type-video is-provider-youtube wp-block-embed-youtube wp-embed-aspect-16-9 wp-has-aspect-ratio\"><div class=\"wp-block-embed__wrapper\">\n<iframe loading=\"lazy\" title=\"Pure Paws Grooming - \u0413\u0440\u0443\u043c\u0438\u043d\u0433 \u0410\u0444\u0433\u0430\u043d\u0441\u043a\u043e\u0439 \u0411\u043e\u0440\u0437\u043e\u0439\" width=\"980\" height=\"551\" src=\"https:\/\/www.youtube.com\/embed\/bTgP1BmWtUc?feature=oembed\" frameborder=\"0\" allow=\"accelerometer; autoplay; clipboard-write; encrypted-media; gyroscope; picture-in-picture\" allowfullscreen><\/iframe>\n<\/div><\/figure>\n\n\n\n<p class=\"has-text-align-center\">\u010ciau \u010diau ruo\u0161imas:<\/p>\n\n\n\n<figure class=\"wp-block-embed is-type-video is-provider-youtube wp-block-embed-youtube wp-embed-aspect-16-9 wp-has-aspect-ratio\"><div class=\"wp-block-embed__wrapper\">\n<iframe loading=\"lazy\" title=\"Pure Paws Grooming - \u0413\u0440\u0443\u043c\u0438\u043d\u0433 \u0427\u0430\u0443-\u0427\u0430\u0443\" width=\"980\" height=\"551\" src=\"https:\/\/www.youtube.com\/embed\/VvGuqn-DcJc?feature=oembed\" frameborder=\"0\" allow=\"accelerometer; autoplay; clipboard-write; encrypted-media; gyroscope; picture-in-picture\" allowfullscreen><\/iframe>\n<\/div><\/figure>\n\n\n\n<p class=\"has-text-align-center\">Saliuki ruo\u0161imas:<\/p>\n\n\n\n<figure class=\"wp-block-embed is-type-video is-provider-youtube wp-block-embed-youtube wp-embed-aspect-16-9 wp-has-aspect-ratio\"><div class=\"wp-block-embed__wrapper\">\n<iframe loading=\"lazy\" title=\"Pure Paws Grooming - \u0413\u0440\u0443\u043c\u0438\u043d\u0433 \u0421\u0430\u043b\u044e\u043a\u0438\" width=\"980\" height=\"551\" src=\"https:\/\/www.youtube.com\/embed\/mDNtNQ5qbOM?feature=oembed\" frameborder=\"0\" allow=\"accelerometer; autoplay; clipboard-write; encrypted-media; gyroscope; picture-in-picture\" allowfullscreen><\/iframe>\n<\/div><\/figure>\n\n\n\n<p class=\"has-text-align-center\">Border kolio ruo\u0161imas:<\/p>\n\n\n\n<figure class=\"wp-block-embed is-type-video is-provider-youtube wp-block-embed-youtube wp-embed-aspect-16-9 wp-has-aspect-ratio\"><div class=\"wp-block-embed__wrapper\">\n<iframe loading=\"lazy\" title=\"Pure Paws Grooming - \u0413\u0440\u0443\u043c\u0438\u043d\u0433 \u0411\u043e\u0440\u0434\u0435\u0440 \u041a\u043e\u043b\u043b\u0438\" width=\"980\" height=\"551\" src=\"https:\/\/www.youtube.com\/embed\/p1-8Va1ltUM?feature=oembed\" frameborder=\"0\" allow=\"accelerometer; autoplay; clipboard-write; encrypted-media; gyroscope; picture-in-picture\" allowfullscreen><\/iframe>\n<\/div><\/figure>\n\n\n\n<p class=\"has-text-align-center\">Afgan\u0173 kurtas ir Oatmeal &amp; Aloe Vera pur\u0161kalas:<\/p>\n\n\n\n<figure class=\"wp-block-embed is-type-video is-provider-youtube wp-block-embed-youtube wp-embed-aspect-16-9 wp-has-aspect-ratio\"><div class=\"wp-block-embed__wrapper\">\n<iframe loading=\"lazy\" title=\"Pure Paws Oats N&#039; Aloe Line\" width=\"980\" height=\"551\" src=\"https:\/\/www.youtube.com\/embed\/ou_9vmcANbo?feature=oembed\" frameborder=\"0\" allow=\"accelerometer; autoplay; clipboard-write; encrypted-media; gyroscope; picture-in-picture\" allowfullscreen><\/iframe>\n<\/div><\/figure>\n\n\n\n<p class=\"has-text-align-center\">Auksaspalvio retriverio ruo\u0161imas:<\/p>\n\n\n\n<figure class=\"wp-block-embed is-type-video is-provider-youtube wp-block-embed-youtube wp-embed-aspect-16-9 wp-has-aspect-ratio\"><div class=\"wp-block-embed__wrapper\">\n<iframe loading=\"lazy\" title=\"Pure Paws Grooming - \u0413\u0440\u0443\u043c\u0438\u043d\u0433 \u0413\u043e\u043b\u0434\u0435\u043d \u0420\u0435\u0442\u0440\u0438\u0432\u0435\u0440\u0430\" width=\"980\" height=\"551\" src=\"https:\/\/www.youtube.com\/embed\/Cp4b8VOK2ms?feature=oembed\" frameborder=\"0\" allow=\"accelerometer; autoplay; clipboard-write; encrypted-media; gyroscope; picture-in-picture\" allowfullscreen><\/iframe>\n<\/div><\/figure>\n\n\n\n<p class=\"has-text-align-center\">Balt\u0173 \u0161un\u0173 aki\u0173 prie\u017ei\u016bros priemon\u0117s:<\/p>\n\n\n\n<figure class=\"wp-block-embed is-type-video is-provider-youtube wp-block-embed-youtube wp-embed-aspect-16-9 wp-has-aspect-ratio\"><div class=\"wp-block-embed__wrapper\">\n<iframe loading=\"lazy\" title=\"Pure Paws Grooming - \u041f\u0440\u043e\u0433\u0440\u0430\u043c\u043c\u0430 \u0443\u0445\u043e\u0434\u0430 \u0437\u0430 \u043e\u0431\u043b\u0430\u0441\u0442\u044c\u044e &quot;\u0441\u043b\u0435\u0437\u043d\u044b\u0445 \u0434\u043e\u0440\u043e\u0436\u0435\u043a&quot; Love My Eyes\" width=\"980\" height=\"551\" src=\"https:\/\/www.youtube.com\/embed\/8E-i-OWhQG8?feature=oembed\" frameborder=\"0\" allow=\"accelerometer; autoplay; clipboard-write; encrypted-media; gyroscope; picture-in-picture\" allowfullscreen><\/iframe>\n<\/div><\/figure>\n\n\n\n<p class=\"has-text-align-center\">Garbanotojo bi\u0161ono ruo\u0161imas:<\/p>\n\n\n\n<figure class=\"wp-block-embed is-type-video is-provider-youtube wp-block-embed-youtube wp-embed-aspect-16-9 wp-has-aspect-ratio\"><div class=\"wp-block-embed__wrapper\">\n<iframe loading=\"lazy\" title=\"Pure Paws Grooming - \u0413\u0440\u0443\u043c\u0438\u043d\u0433 \u0411\u0438\u0448\u043e\u043d\u0430 \u0424\u0440\u0438\u0437\u0435\" width=\"980\" height=\"551\" src=\"https:\/\/www.youtube.com\/embed\/D9aQ9vc-w8M?feature=oembed\" frameborder=\"0\" allow=\"accelerometer; autoplay; clipboard-write; encrypted-media; gyroscope; picture-in-picture\" allowfullscreen><\/iframe>\n<\/div><\/figure>\n\n\n\n<p class=\"has-text-align-center\">Ibizos \u0161uns ruo\u0161imas:<\/p>\n\n\n\n<figure class=\"wp-block-embed is-type-video is-provider-youtube wp-block-embed-youtube wp-embed-aspect-16-9 wp-has-aspect-ratio\"><div class=\"wp-block-embed__wrapper\">\n<iframe loading=\"lazy\" title=\"Pure Paws Grooming - \u0413\u0440\u0443\u043c\u0438\u043d\u0433 \u0418\u0431\u0438\u0446\u043a\u043e\u0439 \u0411\u043e\u0440\u0437\u043e\u0439\" width=\"980\" height=\"551\" src=\"https:\/\/www.youtube.com\/embed\/xkaJGvFUBQY?feature=oembed\" frameborder=\"0\" allow=\"accelerometer; autoplay; clipboard-write; encrypted-media; gyroscope; picture-in-picture\" allowfullscreen><\/iframe>\n<\/div><\/figure>\n\n\n\n<p class=\"has-text-align-center\">Amerikie\u010di\u0173 akitos ruo\u0161imas:<\/p>\n\n\n\n<figure class=\"wp-block-embed is-type-video is-provider-youtube wp-block-embed-youtube wp-embed-aspect-4-3 wp-has-aspect-ratio\"><div class=\"wp-block-embed__wrapper\">\n<iframe loading=\"lazy\" title=\"American Akita grooming\" width=\"980\" height=\"735\" src=\"https:\/\/www.youtube.com\/embed\/W3F3stD7WXk?feature=oembed\" frameborder=\"0\" allow=\"accelerometer; autoplay; clipboard-write; encrypted-media; gyroscope; picture-in-picture\" allowfullscreen><\/iframe>\n<\/div><\/figure>\n\n\n\n<p class=\"has-text-align-center\">Tibeto mastifo ruo\u0161imas:<\/p>\n\n\n\n<figure class=\"wp-block-embed is-type-video is-provider-youtube wp-block-embed-youtube wp-embed-aspect-16-9 wp-has-aspect-ratio\"><div class=\"wp-block-embed__wrapper\">\n<iframe loading=\"lazy\" title=\"Grooming The Tibetan Mastiff new products\" width=\"980\" height=\"551\" src=\"https:\/\/www.youtube.com\/embed\/QnCtmyzN63c?feature=oembed\" frameborder=\"0\" allow=\"accelerometer; autoplay; clipboard-write; encrypted-media; gyroscope; picture-in-picture\" allowfullscreen><\/iframe>\n<\/div><\/figure>\n\n\n\n<p class=\"has-text-align-center\">Havanos bi\u0161ono ruo\u0161imas:<\/p>\n\n\n\n<figure class=\"wp-block-embed is-type-video is-provider-youtube wp-block-embed-youtube wp-embed-aspect-16-9 wp-has-aspect-ratio\"><div class=\"wp-block-embed__wrapper\">\n<iframe loading=\"lazy\" title=\"Pure Paws Grooming - \u0413\u0440\u0443\u043c\u0438\u043d\u0433 \u0413\u0430\u0432\u0430\u0439\u0441\u043a\u043e\u0433\u043e \u0411\u0438\u0448\u043e\u043d\u0430, \u0447\u0430\u0441\u0442\u044c 2\" width=\"980\" height=\"551\" src=\"https:\/\/www.youtube.com\/embed\/2FpP1xGKpTQ?feature=oembed\" frameborder=\"0\" allow=\"accelerometer; autoplay; clipboard-write; encrypted-media; gyroscope; picture-in-picture\" allowfullscreen><\/iframe>\n<\/div><\/figure>\n\n\n\n<p><\/p>\n","protected":false},"excerpt":{"rendered":"<p>Did\u017eiojo pudelio ruo\u0161imas: Ni\u016bfaundlendo ruo\u0161imas : Bokserio ruo\u0161imas: Papiljono ruo\u0161imas: Biglio ruo\u0161imas: Juodojo rus\u0173 terjero ruo\u0161imas: \u010cichuachua ruo\u0161imas: Bobteilo ruo\u0161imas: Lasos apso ruo\u0161imas: Ilgaplaukio kolio ruo\u0161imas: Amerikie\u010di\u0173 koker spanielio ruo\u0161imas: \u0160naucerio ruo\u0161imas: Pomeranijos \u0161pico ruo\u0161imas: Keribli\u016bterjero ruo\u0161imas: Afgan\u0173 kurto ruo\u0161imas: \u010ciau \u010diau ruo\u0161imas: Saliuki ruo\u0161imas: Border kolio ruo\u0161imas: Afgan\u0173 kurtas ir Oatmeal &amp; Aloe Vera [&hellip;]<\/p>\n","protected":false},"author":1,"featured_media":0,"parent":0,"menu_order":0,"comment_status":"closed","ping_status":"closed","template":"","meta":{"footnotes":""},"class_list":["post-914","page","type-page","status-publish","hentry"],"jetpack_sharing_enabled":true,"_links":{"self":[{"href":"https:\/\/rasarta.lt\/index.php?rest_route=\/wp\/v2\/pages\/914","targetHints":{"allow":["GET"]}}],"collection":[{"href":"https:\/\/rasarta.lt\/index.php?rest_route=\/wp\/v2\/pages"}],"about":[{"href":"https:\/\/rasarta.lt\/index.php?rest_route=\/wp\/v2\/types\/page"}],"author":[{"embeddable":true,"href":"https:\/\/rasarta.lt\/index.php?rest_route=\/wp\/v2\/users\/1"}],"replies":[{"embeddable":true,"href":"https:\/\/rasarta.lt\/index.php?rest_route=%2Fwp%2Fv2%2Fcomments&post=914"}],"version-history":[{"count":10,"href":"https:\/\/rasarta.lt\/index.php?rest_route=\/wp\/v2\/pages\/914\/revisions"}],"predecessor-version":[{"id":1391,"href":"https:\/\/rasarta.lt\/index.php?rest_route=\/wp\/v2\/pages\/914\/revisions\/1391"}],"wp:attachment":[{"href":"https:\/\/rasarta.lt\/index.php?rest_route=%2Fwp%2Fv2%2Fmedia&parent=914"}],"curies":[{"name":"wp","href":"https:\/\/api.w.org\/{rel}","templated":true}]}}