{"id":696,"date":"2021-02-08T18:44:52","date_gmt":"2021-02-08T18:44:52","guid":{"rendered":"http:\/\/rasarta.lt\/?page_id=696"},"modified":"2022-06-13T11:56:21","modified_gmt":"2022-06-13T09:56:21","slug":"kontaktai-3","status":"publish","type":"page","link":"https:\/\/rasarta.lt\/?page_id=696","title":{"rendered":"KONTAKTAI"},"content":{"rendered":"\n<p>Rasa Stonkien\u0117<\/p>\n\n\n\n<p>  <\/p>\n\n\n\n<p>\u017dibu\u010di\u0173 g. 12, Kaunas. Lietuva LT 50144<\/p>\n\n\n\n<p>Tel.: +37061476932<\/p>\n\n\n\n<p>El. p. rasartakosmetika@gmail.com<\/p>\n\n\n\n<hr class=\"wp-block-separator has-css-opacity is-style-dots\"\/>\n\n\n\n<p class=\"has-text-align-justify\">I\u012e RASARTA<\/p>\n\n\n\n<p>LT737300010168234087<\/p>\n\n\n\n<p>Swedbank<\/p>\n\n\n\n<hr class=\"wp-block-separator has-css-opacity is-style-dots\"\/>\n\n\n\n<div class=\"wp-block-buttons is-layout-flex wp-block-buttons-is-layout-flex\">\n<div class=\"wp-block-button\"><a class=\"wp-block-button__link\" href=\"https:\/\/www.facebook.com\/TrueIconicLt\" target=\"_blank\" rel=\"noreferrer noopener\">True Iconic Facebook <\/a><\/div>\n<\/div>\n\n\n\n<div class=\"wp-block-buttons is-layout-flex wp-block-buttons-is-layout-flex\">\n<div class=\"wp-block-button\"><a class=\"wp-block-button__link\" href=\"https:\/\/www.facebook.com\/PurePaws-Lithuania-710794105786173\" target=\"_blank\" rel=\"noreferrer noopener\">Pure Paws Facebook<\/a><\/div>\n<\/div>\n\n\n\n<div class=\"wp-block-buttons is-layout-flex wp-block-buttons-is-layout-flex\">\n<div class=\"wp-block-button\"><a class=\"wp-block-button__link\" href=\"https:\/\/www.facebook.com\/BZKaspinukai\/\" target=\"_blank\" rel=\"noreferrer noopener\">Kaspinukai Facebook<\/a><\/div>\n<\/div>\n\n\n\n<p><\/p>\n","protected":false},"excerpt":{"rendered":"<p>Rasa Stonkien\u0117 \u017dibu\u010di\u0173 g. 12, Kaunas. Lietuva LT 50144 Tel.: +37061476932 El. p. rasartakosmetika@gmail.com I\u012e RASARTA LT737300010168234087 Swedbank<\/p>\n","protected":false},"author":1,"featured_media":0,"parent":0,"menu_order":0,"comment_status":"closed","ping_status":"closed","template":"","meta":{"footnotes":""},"class_list":["post-696","page","type-page","status-publish","hentry"],"jetpack_sharing_enabled":true,"_links":{"self":[{"href":"https:\/\/rasarta.lt\/index.php?rest_route=\/wp\/v2\/pages\/696","targetHints":{"allow":["GET"]}}],"collection":[{"href":"https:\/\/rasarta.lt\/index.php?rest_route=\/wp\/v2\/pages"}],"about":[{"href":"https:\/\/rasarta.lt\/index.php?rest_route=\/wp\/v2\/types\/page"}],"author":[{"embeddable":true,"href":"https:\/\/rasarta.lt\/index.php?rest_route=\/wp\/v2\/users\/1"}],"replies":[{"embeddable":true,"href":"https:\/\/rasarta.lt\/index.php?rest_route=%2Fwp%2Fv2%2Fcomments&post=696"}],"version-history":[{"count":17,"href":"https:\/\/rasarta.lt\/index.php?rest_route=\/wp\/v2\/pages\/696\/revisions"}],"predecessor-version":[{"id":1411,"href":"https:\/\/rasarta.lt\/index.php?rest_route=\/wp\/v2\/pages\/696\/revisions\/1411"}],"wp:attachment":[{"href":"https:\/\/rasarta.lt\/index.php?rest_route=%2Fwp%2Fv2%2Fmedia&parent=696"}],"curies":[{"name":"wp","href":"https:\/\/api.w.org\/{rel}","templated":true}]}}